{"id":33532,"date":"2025-02-20T23:33:27","date_gmt":"2025-02-20T22:33:27","guid":{"rendered":"http:\/\/olemosaic.com\/producto\/llavero-de-madera-letra-m-valencia\/"},"modified":"2025-07-25T19:11:46","modified_gmt":"2025-07-25T17:11:46","slug":"porta-chaves-de-madeira-letra-m-valencia","status":"publish","type":"product","link":"https:\/\/olemosaic.com\/pt-pt\/produto\/porta-chaves-de-madeira-letra-m-valencia\/","title":{"rendered":"Porta-chaves de madeira. Letra M. Val\u00eancia."},"content":{"rendered":"<p>Este porta-chaves de madeira com a letra &#8220;M&#8221; \u00e9 uma recorda\u00e7\u00e3o exclusiva de Val\u00eancia que celebra a rica cultura e o patrim\u00f3nio art\u00edstico da cidade. O design, vibrante e original, combina engenhosamente elementos arquitet\u00f3nicos emblem\u00e1ticos, como a majestosa Seu e a inovadora Cidade das Artes e das Ci\u00eancias, representados numa paleta de cores intensas que capturam a ess\u00eancia desta bela regi\u00e3o. A cuidada execu\u00e7\u00e3o das t\u00e9cnicas de mosaico e pintura confere-lhe um apelo visual inigual\u00e1vel, evocando o estilo caracter\u00edstico de Val\u00eancia.<\/p>\n<p>Fabricado em madeira de alta qualidade, este porta-chaves n\u00e3o \u00e9 apenas funcional, mas tamb\u00e9m uma aut\u00eantica amostra da arte local, o que o torna um presente perfeito para quem procura recorda\u00e7\u00f5es representativas da sua visita. A letra &#8220;M&#8221; n\u00e3o s\u00f3 faz refer\u00eancia a Val\u00eancia, como tamb\u00e9m pode simbolizar nomes ou alcunhas, adicionando um toque pessoal a este artigo. Portanto, este porta-chaves n\u00e3o \u00e9 um simples objeto quotidiano, mas uma liga\u00e7\u00e3o tang\u00edvel com a cultura valenciana.<\/p>\n<p>Na Ol\u00e9 Mosaic especializamo-nos na distribui\u00e7\u00e3o de lembran\u00e7as por grosso, oferecendo op\u00e7\u00f5es \u00fanicas que destacam a autenticidade e a tradi\u00e7\u00e3o de cada zona. Este porta-chaves de madeira \u00e9 uma excelente escolha para as lojas de presentes tur\u00edsticos que desejem oferecer produtos de qualidade e relev\u00e2ncia cultural. Uma recorda\u00e7\u00e3o memor\u00e1vel que ser\u00e1 apreciada tanto por turistas como por locais, enaltecendo a rica heran\u00e7a art\u00edstica de Val\u00eancia.<\/p>\n","protected":false},"excerpt":{"rendered":"<p>Porta-chaves de madeira com forma da letra &#8220;M&#8221;, inspirado em Val\u00eancia. Este porta-chaves apresenta um design vibrante com motivos arquitet\u00f3nicos emblem\u00e1ticos da cidade, como a impressionante Seu e a Cidade das Artes e das Ci\u00eancias, representados em cores vivas. O acabamento combina t\u00e9cnicas de mosaico e pintura, conseguindo um apelo visual destacado. Ideal como recorda\u00e7\u00e3o ou presente, este porta-chaves de madeira captura a ess\u00eancia cultural de Val\u00eancia.<\/p>\n","protected":false},"featured_media":10871,"template":"","meta":{"_acf_changed":false},"product_brand":[],"product_cat":[611],"product_tag":[612],"class_list":{"0":"post-33532","1":"product","2":"type-product","3":"status-publish","4":"has-post-thumbnail","6":"product_cat-porta-chaves","7":"product_tag-cartas","8":"pa_ciudad-valencia","9":"pa_motivo-letra-m","10":"pa_pais-espana","12":"first","13":"instock","14":"shipping-taxable","15":"product-type-simple"},"acf":[],"_links":{"self":[{"href":"https:\/\/olemosaic.com\/pt-pt\/wp-json\/wp\/v2\/product\/33532","targetHints":{"allow":["GET"]}}],"collection":[{"href":"https:\/\/olemosaic.com\/pt-pt\/wp-json\/wp\/v2\/product"}],"about":[{"href":"https:\/\/olemosaic.com\/pt-pt\/wp-json\/wp\/v2\/types\/product"}],"wp:featuredmedia":[{"embeddable":true,"href":"https:\/\/olemosaic.com\/pt-pt\/wp-json\/wp\/v2\/media\/10871"}],"wp:attachment":[{"href":"https:\/\/olemosaic.com\/pt-pt\/wp-json\/wp\/v2\/media?parent=33532"}],"wp:term":[{"taxonomy":"product_brand","embeddable":true,"href":"https:\/\/olemosaic.com\/pt-pt\/wp-json\/wp\/v2\/product_brand?post=33532"},{"taxonomy":"product_cat","embeddable":true,"href":"https:\/\/olemosaic.com\/pt-pt\/wp-json\/wp\/v2\/product_cat?post=33532"},{"taxonomy":"product_tag","embeddable":true,"href":"https:\/\/olemosaic.com\/pt-pt\/wp-json\/wp\/v2\/product_tag?post=33532"}],"curies":[{"name":"wp","href":"https:\/\/api.w.org\/{rel}","templated":true}]}}