{"id":33519,"date":"2025-02-20T22:33:27","date_gmt":"2025-02-20T22:33:27","guid":{"rendered":"http:\/\/olemosaic.com\/producto\/llavero-de-madera-letra-l-mosaico\/"},"modified":"2025-07-25T19:30:47","modified_gmt":"2025-07-25T17:30:47","slug":"porta-chaves-de-madeira-letra-l-mosaico","status":"publish","type":"product","link":"https:\/\/olemosaic.com\/pt-pt\/produto\/porta-chaves-de-madeira-letra-l-mosaico\/","title":{"rendered":"Porta-chaves de madeira. Letra L. Mosaico."},"content":{"rendered":"<p>Este porta-chaves de madeira com a forma de &#8220;L&#8221; \u00e9 uma proposta \u00fanica e vibrante que capta a ess\u00eancia art\u00edstica de Barcelona. Decorado com um chamativo design de mosaico, este porta-chaves apresenta uma explos\u00e3o de cores \u2013 vermelho, amarelo, azul e verde \u2013 que evoca o famoso trencad\u00eds de Gaud\u00ed, um elemento ic\u00f3nico da arquitetura modernista da cidade. A textura da madeira confere-lhe um aspeto natural e um acabamento leve, o que o torna um acess\u00f3rio ideal para transportar as chaves com estilo e originalidade.<\/p>\n<p>O design deste porta-chaves n\u00e3o \u00e9 apenas atraente, mas tamb\u00e9m presta homenagem \u00e0 rica heran\u00e7a cultural de Barcelona, onde a arte e a arquitetura se entrela\u00e7am em cada canto. O mosaico refor\u00e7a a liga\u00e7\u00e3o com a obra do c\u00e9lebre arquiteto catal\u00e3o, transformando cada porta-chaves numa pe\u00e7a que representa a criatividade e o legado cultural da regi\u00e3o.<\/p>\n<p>Como recorda\u00e7\u00e3o, este porta-chaves \u00e9 perfeito para turistas que procuram lembran\u00e7as aut\u00eanticas de Barcelona. Na Ol\u00e9 Mosaic sabemos que cada produto conta uma hist\u00f3ria, e este porta-chaves n\u00e3o \u00e9 exce\u00e7\u00e3o. Ideal para lojas de presentes tur\u00edsticos, este artigo n\u00e3o s\u00f3 se destaca pela sua est\u00e9tica, como tamb\u00e9m confere um toque pessoal a qualquer cole\u00e7\u00e3o de porta-chaves. Com viabilidade tanto como presente especial como recorda\u00e7\u00e3o de viagem, este porta-chaves de madeira sobressai no mercado de recorda\u00e7\u00f5es, tornando-se uma excelente op\u00e7\u00e3o para quem procura produtos \u00fanicos e com significado cultural.<\/p>\n","protected":false},"excerpt":{"rendered":"<p>Porta-chaves de madeira com a letra &#8220;L&#8221;, decorado com um vibrante design de mosaico. Este original porta-chaves apresenta uma variedade de cores, como vermelho, amarelo, azul e verde, que recordam o trencad\u00eds de Gaud\u00ed, t\u00e3o caracter\u00edstico da arquitetura barcelonesa. O seu acabamento em madeira torna-o leve e resistente, ideal para transportar as chaves com estilo e um toque art\u00edstico. Perfeito como recorda\u00e7\u00e3o e para personalizar a sua cole\u00e7\u00e3o de porta-chaves.<\/p>\n","protected":false},"featured_media":10762,"template":"","meta":{"_acf_changed":false},"product_brand":[],"product_cat":[611],"product_tag":[612],"class_list":{"0":"post-33519","1":"product","2":"type-product","3":"status-publish","4":"has-post-thumbnail","6":"product_cat-porta-chaves","7":"product_tag-cartas","8":"pa_motivo-letra-l","10":"first","11":"instock","12":"shipping-taxable","13":"product-type-simple"},"acf":[],"_links":{"self":[{"href":"https:\/\/olemosaic.com\/pt-pt\/wp-json\/wp\/v2\/product\/33519","targetHints":{"allow":["GET"]}}],"collection":[{"href":"https:\/\/olemosaic.com\/pt-pt\/wp-json\/wp\/v2\/product"}],"about":[{"href":"https:\/\/olemosaic.com\/pt-pt\/wp-json\/wp\/v2\/types\/product"}],"wp:featuredmedia":[{"embeddable":true,"href":"https:\/\/olemosaic.com\/pt-pt\/wp-json\/wp\/v2\/media\/10762"}],"wp:attachment":[{"href":"https:\/\/olemosaic.com\/pt-pt\/wp-json\/wp\/v2\/media?parent=33519"}],"wp:term":[{"taxonomy":"product_brand","embeddable":true,"href":"https:\/\/olemosaic.com\/pt-pt\/wp-json\/wp\/v2\/product_brand?post=33519"},{"taxonomy":"product_cat","embeddable":true,"href":"https:\/\/olemosaic.com\/pt-pt\/wp-json\/wp\/v2\/product_cat?post=33519"},{"taxonomy":"product_tag","embeddable":true,"href":"https:\/\/olemosaic.com\/pt-pt\/wp-json\/wp\/v2\/product_tag?post=33519"}],"curies":[{"name":"wp","href":"https:\/\/api.w.org\/{rel}","templated":true}]}}