{"id":33517,"date":"2025-02-20T23:33:26","date_gmt":"2025-02-20T22:33:26","guid":{"rendered":"http:\/\/olemosaic.com\/producto\/llavero-de-madera-letra-l-barcelona-2\/"},"modified":"2025-07-25T18:44:58","modified_gmt":"2025-07-25T16:44:58","slug":"porta-chaves-de-madeira-letra-l-barcelona-2","status":"publish","type":"product","link":"https:\/\/olemosaic.com\/pt-pt\/produto\/porta-chaves-de-madeira-letra-l-barcelona-2\/","title":{"rendered":"Porta-chaves de madeira. Letra L. Sagrada Fam\u00edlia. Barcelona."},"content":{"rendered":"<p>Este porta-chaves de madeira com a forma da letra &#8220;L&#8221; \u00e9 uma recorda\u00e7\u00e3o \u00fanica que capta a ess\u00eancia de Barcelona atrav\u00e9s do seu design vibrante e inspirador, destacando a emblem\u00e1tica Sagrada Fam\u00edlia. Este atraente porta-chaves n\u00e3o \u00e9 apenas um acess\u00f3rio funcional, mas tamb\u00e9m uma aut\u00eantica pe\u00e7a de arte que liga os turistas \u00e0 majestosa arquitetura de Antoni Gaud\u00ed. Com um acabamento em cores intensas, que incluem matizes de vermelho, amarelo e verde, o porta-chaves apresenta uma representa\u00e7\u00e3o minuciosa das torres e elementos distintivos deste famoso monumento.<\/p>\n<p>Cada detalhe do porta-chaves \u00e9 pintado \u00e0 m\u00e3o, o que garante que cada pe\u00e7a seja \u00fanica e esteja cheia de autenticidade. A forma da letra &#8220;L&#8221; n\u00e3o s\u00f3 o torna original, como tamb\u00e9m simboliza lugares e momentos especiais na vida de quem o transporta. Esta recorda\u00e7\u00e3o \u00e9 uma forma maravilhosa de levar um pedacinho de Barcelona para qualquer canto do mundo. Na Ol\u00e9 Mosaic, orgulhamo-nos de oferecer recorda\u00e7\u00f5es aut\u00eanticas que refletem o car\u00e1cter cultural de cada regi\u00e3o. Este porta-chaves da Sagrada Fam\u00edlia \u00e9 uma excelente op\u00e7\u00e3o para lojas de presentes tur\u00edsticos, proporcionando aos clientes uma express\u00e3o tang\u00edvel da arte e da tradi\u00e7\u00e3o catal\u00e3. Se procura um distribuidor de recorda\u00e7\u00f5es aut\u00eanticas, este porta-chaves \u00e9 uma escolha ideal que n\u00e3o passar\u00e1 desapercebida.<\/p>\n","protected":false},"excerpt":{"rendered":"<p>Porta-chaves de madeira com a forma da letra &#8220;L&#8221;, inspirado na emblem\u00e1tica Sagrada Fam\u00edlia de Barcelona. Este colorido porta-chaves apresenta um design vibrante, com detalhes que destacam as torres e elementos arquitet\u00f3nicos do famoso monumento. A sua t\u00e9cnica de design artesanal, pintada \u00e0 m\u00e3o, real\u00e7a os matizes vermelhos, amarelos e verdes, evocando a ess\u00eancia art\u00edstica da cidade. Uma recorda\u00e7\u00e3o perfeita para levar um pedacinho de Barcelona consigo.<\/p>\n","protected":false},"featured_media":10523,"template":"","meta":{"_acf_changed":false},"product_brand":[],"product_cat":[611],"product_tag":[612],"class_list":{"0":"post-33517","1":"product","2":"type-product","3":"status-publish","4":"has-post-thumbnail","6":"product_cat-porta-chaves","7":"product_tag-cartas","8":"pa_ciudad-barcelona","9":"pa_motivo-letra-l","10":"pa_pais-espana","12":"first","13":"instock","14":"shipping-taxable","15":"product-type-simple"},"acf":[],"_links":{"self":[{"href":"https:\/\/olemosaic.com\/pt-pt\/wp-json\/wp\/v2\/product\/33517","targetHints":{"allow":["GET"]}}],"collection":[{"href":"https:\/\/olemosaic.com\/pt-pt\/wp-json\/wp\/v2\/product"}],"about":[{"href":"https:\/\/olemosaic.com\/pt-pt\/wp-json\/wp\/v2\/types\/product"}],"wp:featuredmedia":[{"embeddable":true,"href":"https:\/\/olemosaic.com\/pt-pt\/wp-json\/wp\/v2\/media\/10523"}],"wp:attachment":[{"href":"https:\/\/olemosaic.com\/pt-pt\/wp-json\/wp\/v2\/media?parent=33517"}],"wp:term":[{"taxonomy":"product_brand","embeddable":true,"href":"https:\/\/olemosaic.com\/pt-pt\/wp-json\/wp\/v2\/product_brand?post=33517"},{"taxonomy":"product_cat","embeddable":true,"href":"https:\/\/olemosaic.com\/pt-pt\/wp-json\/wp\/v2\/product_cat?post=33517"},{"taxonomy":"product_tag","embeddable":true,"href":"https:\/\/olemosaic.com\/pt-pt\/wp-json\/wp\/v2\/product_tag?post=33517"}],"curies":[{"name":"wp","href":"https:\/\/api.w.org\/{rel}","templated":true}]}}