{"id":33516,"date":"2025-02-20T23:33:26","date_gmt":"2025-02-20T22:33:26","guid":{"rendered":"http:\/\/olemosaic.com\/producto\/llavero-de-madera-letra-l-madrid\/"},"modified":"2025-07-25T19:39:21","modified_gmt":"2025-07-25T17:39:21","slug":"porta-chaves-de-madeira-letra-l-madrid","status":"publish","type":"product","link":"https:\/\/olemosaic.com\/pt-pt\/produto\/porta-chaves-de-madeira-letra-l-madrid\/","title":{"rendered":"Porta-chaves de madeira. Letra L. Madrid."},"content":{"rendered":"<p>Este porta-chaves de madeira com a forma da letra &#8220;L&#8221; \u00e9 uma emocionante homenagem \u00e0 vibrante cidade de Madrid, perfeito para quem deseja levar consigo um pedacinho da capital espanhola. Com um design pintado \u00e0 m\u00e3o, este pr\u00e1tico souvenir destaca elementos ic\u00f3nicos como o famoso edif\u00edcio da Gran V\u00eda e sinais de metro, elaborados num estilo colorido e contempor\u00e2neo. A combina\u00e7\u00e3o de tons vermelho, azul e amarelo evoca o folclore madrileno, fazendo com que cada porta-chaves seja uma pequena obra de arte que capta a ess\u00eancia da metr\u00f3pole.<\/p>\n<p>A letra &#8220;L&#8221;, que representa n\u00e3o apenas Madrid, mas tamb\u00e9m a liberdade e a diversidade cultural dos seus habitantes, est\u00e1 meticulosamente decorada com detalhes vibrantes que convidam a admirar cada recanto. Tanto o design gr\u00e1fico como a escolha de cores fomentam um sentido de liga\u00e7\u00e3o com a cidade, tornando este porta-chaves numa recorda\u00e7\u00e3o aut\u00eantica e representativa. Ideal para turistas que procuram souvenirs de Madrid, este porta-chaves de madeira n\u00e3o \u00e9 apenas funcional, mas tamb\u00e9m reflete o calor e o esp\u00edrito da vida madrilena.<\/p>\n<p>Na Ol\u00e9 Mosaic, como grossista de souvenirs de Madrid, oferecemos produtos que n\u00e3o s\u00f3 s\u00e3o atraentes, como tamb\u00e9m t\u00eam ra\u00edzes culturais profundas. Este porta-chaves \u00e9 um excelente artigo para lojas de recorda\u00e7\u00f5es tur\u00edsticas que procuram artigos \u00fanicos e de qualidade.<\/p>\n","protected":false},"excerpt":{"rendered":"<p>Porta-chaves de madeira com a forma da letra &#8220;L&#8221;, que representa a vibrante cidade de Madrid. Este original porta-chaves inclui elementos ic\u00f3nicos da metr\u00f3pole, como o famoso edif\u00edcio da Gran V\u00eda e sinais de metro, num estilo colorido e contempor\u00e2neo. Pintado com estilo artesanal, apresenta detalhes em vermelho, azul e amarelo, que evocam o folclore madrileno, sendo uma recorda\u00e7\u00e3o pr\u00e1tica para os amantes da capital espanhola.<\/p>\n","protected":false},"featured_media":10844,"template":"","meta":{"_acf_changed":false},"product_brand":[],"product_cat":[611],"product_tag":[612],"class_list":{"0":"post-33516","1":"product","2":"type-product","3":"status-publish","4":"has-post-thumbnail","6":"product_cat-porta-chaves","7":"product_tag-cartas","8":"pa_ciudad-madrid","9":"pa_motivo-letra-l","10":"pa_pais-espana","12":"first","13":"instock","14":"shipping-taxable","15":"product-type-simple"},"acf":[],"_links":{"self":[{"href":"https:\/\/olemosaic.com\/pt-pt\/wp-json\/wp\/v2\/product\/33516","targetHints":{"allow":["GET"]}}],"collection":[{"href":"https:\/\/olemosaic.com\/pt-pt\/wp-json\/wp\/v2\/product"}],"about":[{"href":"https:\/\/olemosaic.com\/pt-pt\/wp-json\/wp\/v2\/types\/product"}],"wp:featuredmedia":[{"embeddable":true,"href":"https:\/\/olemosaic.com\/pt-pt\/wp-json\/wp\/v2\/media\/10844"}],"wp:attachment":[{"href":"https:\/\/olemosaic.com\/pt-pt\/wp-json\/wp\/v2\/media?parent=33516"}],"wp:term":[{"taxonomy":"product_brand","embeddable":true,"href":"https:\/\/olemosaic.com\/pt-pt\/wp-json\/wp\/v2\/product_brand?post=33516"},{"taxonomy":"product_cat","embeddable":true,"href":"https:\/\/olemosaic.com\/pt-pt\/wp-json\/wp\/v2\/product_cat?post=33516"},{"taxonomy":"product_tag","embeddable":true,"href":"https:\/\/olemosaic.com\/pt-pt\/wp-json\/wp\/v2\/product_tag?post=33516"}],"curies":[{"name":"wp","href":"https:\/\/api.w.org\/{rel}","templated":true}]}}