{"id":33512,"date":"2025-02-20T22:33:26","date_gmt":"2025-02-20T22:33:26","guid":{"rendered":"http:\/\/olemosaic.com\/producto\/llavero-de-madera-letra-k-barcelona\/"},"modified":"2025-07-25T18:44:19","modified_gmt":"2025-07-25T16:44:19","slug":"porta-chaves-de-madeira-letra-k-barcelona","status":"publish","type":"product","link":"https:\/\/olemosaic.com\/pt-pt\/produto\/porta-chaves-de-madeira-letra-k-barcelona\/","title":{"rendered":"Porta-chaves de madeira. Letra K. Barcelona."},"content":{"rendered":"<p>Este porta-chaves de madeira com a forma da letra &#8220;K&#8221; \u00e9 uma encantadora recorda\u00e7\u00e3o de Barcelona, inspirado na ic\u00f3nica Sagrada Fam\u00edlia, a obra-prima do arquiteto Antoni Gaud\u00ed. A pe\u00e7a destaca-se pelo seu design colorido e detalhado, que capta na perfei\u00e7\u00e3o a ess\u00eancia arquitet\u00f3nica desta emblem\u00e1tica bas\u00edlica, mostrando as suas distintivas torres e vibrantes mosaicos. Realizado em madeira de alta qualidade, o porta-chaves apresenta um acabamento brilhante que real\u00e7a os seus detalhes visuais, tornando-o num acess\u00f3rio decorativo atraente e funcional.<\/p>\n<p>A letra &#8220;K&#8221; em si \u00e9 elaborada com esbo\u00e7os que representam a majestosa Sagrada Fam\u00edlia, sobre um fundo que evoca a luminosidade e as cores caracter\u00edsticas de Barcelona. Este porta-chaves n\u00e3o \u00e9 apenas um suporte para as suas chaves, mas tamb\u00e9m uma pequena homenagem \u00e0 cultura catal\u00e3, refletindo a criatividade e o talento art\u00edstico de Gaud\u00ed, que colocou Barcelona no mapa mundial da arte e da arquitetura.<\/p>\n<p>Este souvenir \u00e9 ideal para turistas que procuram manter viva a experi\u00eancia da sua visita, pois liga-se \u00e0 rica hist\u00f3ria cultural da cidade. Na Ol\u00e9 Mosaic, especializamo-nos na distribui\u00e7\u00e3o de souvenirs por grosso, e este porta-chaves de madeira representa uma op\u00e7\u00e3o aut\u00eantica e \u00fanica para lojas de recorda\u00e7\u00f5es tur\u00edsticas que desejem oferecer produtos que realcem a beleza de Barcelona. Como grossistas de souvenirs, garantimos qualidade e originalidade em cada uma das nossas pe\u00e7as.<\/p>\n","protected":false},"excerpt":{"rendered":"<p>Porta-chaves de madeira com a forma da letra &#8220;K&#8221;, inspirado na emblem\u00e1tica Sagrada Fam\u00edlia de Barcelona. Este atraente porta-chaves apresenta um design colorido e detalhado que capta a ess\u00eancia arquitet\u00f3nica de Gaud\u00ed, mostrando as suas distintivas torres e mosaicos. Com um acabamento brilhante, este souvenir \u00e9 um pr\u00e1tico acess\u00f3rio decorativo que real\u00e7a a riqueza cultural da cidade. Perfeito para os amantes de Barcelona e da sua arte.<\/p>\n","protected":false},"featured_media":10496,"template":"","meta":{"_acf_changed":false},"product_brand":[],"product_cat":[611],"product_tag":[612],"class_list":{"0":"post-33512","1":"product","2":"type-product","3":"status-publish","4":"has-post-thumbnail","6":"product_cat-porta-chaves","7":"product_tag-cartas","8":"pa_ciudad-barcelona","9":"pa_motivo-letra-k","10":"pa_pais-espana","12":"first","13":"instock","14":"shipping-taxable","15":"product-type-simple"},"acf":[],"_links":{"self":[{"href":"https:\/\/olemosaic.com\/pt-pt\/wp-json\/wp\/v2\/product\/33512","targetHints":{"allow":["GET"]}}],"collection":[{"href":"https:\/\/olemosaic.com\/pt-pt\/wp-json\/wp\/v2\/product"}],"about":[{"href":"https:\/\/olemosaic.com\/pt-pt\/wp-json\/wp\/v2\/types\/product"}],"wp:featuredmedia":[{"embeddable":true,"href":"https:\/\/olemosaic.com\/pt-pt\/wp-json\/wp\/v2\/media\/10496"}],"wp:attachment":[{"href":"https:\/\/olemosaic.com\/pt-pt\/wp-json\/wp\/v2\/media?parent=33512"}],"wp:term":[{"taxonomy":"product_brand","embeddable":true,"href":"https:\/\/olemosaic.com\/pt-pt\/wp-json\/wp\/v2\/product_brand?post=33512"},{"taxonomy":"product_cat","embeddable":true,"href":"https:\/\/olemosaic.com\/pt-pt\/wp-json\/wp\/v2\/product_cat?post=33512"},{"taxonomy":"product_tag","embeddable":true,"href":"https:\/\/olemosaic.com\/pt-pt\/wp-json\/wp\/v2\/product_tag?post=33512"}],"curies":[{"name":"wp","href":"https:\/\/api.w.org\/{rel}","templated":true}]}}