{"id":33510,"date":"2025-02-20T23:33:26","date_gmt":"2025-02-20T22:33:26","guid":{"rendered":"http:\/\/olemosaic.com\/producto\/llavero-de-madera-letra-k-valencia\/"},"modified":"2025-07-25T19:24:26","modified_gmt":"2025-07-25T17:24:26","slug":"porta-chaves-de-madeira-letra-k-valencia","status":"publish","type":"product","link":"https:\/\/olemosaic.com\/pt-pt\/produto\/porta-chaves-de-madeira-letra-k-valencia\/","title":{"rendered":"Porta-chaves de madeira. Letra K. Val\u00eancia."},"content":{"rendered":"<p>Este porta-chaves de madeira com a forma da letra &#8220;K&#8221; \u00e9 uma recorda\u00e7\u00e3o elegante inspirada na vibrante arquitetura de Val\u00eancia, cidade famosa pela sua rica cultura e pelo seu design inovador. Com um fundo colorido, o porta-chaves apresenta elementos ic\u00f3nicos da cidade, como o famoso Mercado Central e a majestosa Cidade das Artes e das Ci\u00eancias, representados num estilo mosaico que reflete a tradi\u00e7\u00e3o art\u00edstica regional. A letra &#8220;K&#8221; n\u00e3o \u00e9 apenas um s\u00edmbolo pessoal, mas tamb\u00e9m evoca uma liga\u00e7\u00e3o com a hist\u00f3ria e o patrim\u00f3nio arquitet\u00f3nico de Val\u00eancia, o que o torna um presente significativo.<\/p>\n<p>O porta-chaves \u00e9 leve e duradouro, ideal para ser transportado confortavelmente, ao mesmo tempo que se destaca como uma lembran\u00e7a do encanto valenciano. Cada detalhe da ilustra\u00e7\u00e3o, desde as cores vibrantes at\u00e9 aos intrincados padr\u00f5es, foi concebido para atrair tanto turistas como locais que desejem levar consigo um pedacinho desta bela cidade. Sem d\u00favida, este porta-chaves \u00e9 uma excelente ideia para quem procura recorda\u00e7\u00f5es \u00fanicas de Val\u00eancia, sendo um artigo de destaque em qualquer loja de recorda\u00e7\u00f5es tur\u00edsticas.<\/p>\n<p>Na Ol\u00e9 Mosaic, especializamo-nos na distribui\u00e7\u00e3o de recorda\u00e7\u00f5es por grosso, oferecendo produtos aut\u00eanticos que capturam a ess\u00eancia da sua origem. Este porta-chaves de madeira \u00e9 uma op\u00e7\u00e3o perfeita para grossistas que procuram artigos com relev\u00e2ncia cultural e apelo visual.<\/p>\n","protected":false},"excerpt":{"rendered":"<p>Porta-chaves de madeira com a forma da letra &#8220;K&#8221;, inspirado na arquitetura de Val\u00eancia. Este design vibrante apresenta um fundo colorido com elementos emblem\u00e1ticos da cidade, como o famoso Mercado Central e a Cidade das Artes e das Ci\u00eancias, representados num estilo de mosaico. O porta-chaves \u00e9 leve e resistente, ideal para levar as chaves sempre consigo, exibindo um pedacinho do encanto valenciano.<\/p>\n","protected":false},"featured_media":10869,"template":"","meta":{"_acf_changed":false},"product_brand":[],"product_cat":[611],"product_tag":[612],"class_list":{"0":"post-33510","1":"product","2":"type-product","3":"status-publish","4":"has-post-thumbnail","6":"product_cat-porta-chaves","7":"product_tag-cartas","8":"pa_ciudad-valencia","9":"pa_motivo-letra-k","10":"pa_pais-espana","12":"first","13":"instock","14":"shipping-taxable","15":"product-type-simple"},"acf":[],"_links":{"self":[{"href":"https:\/\/olemosaic.com\/pt-pt\/wp-json\/wp\/v2\/product\/33510","targetHints":{"allow":["GET"]}}],"collection":[{"href":"https:\/\/olemosaic.com\/pt-pt\/wp-json\/wp\/v2\/product"}],"about":[{"href":"https:\/\/olemosaic.com\/pt-pt\/wp-json\/wp\/v2\/types\/product"}],"wp:featuredmedia":[{"embeddable":true,"href":"https:\/\/olemosaic.com\/pt-pt\/wp-json\/wp\/v2\/media\/10869"}],"wp:attachment":[{"href":"https:\/\/olemosaic.com\/pt-pt\/wp-json\/wp\/v2\/media?parent=33510"}],"wp:term":[{"taxonomy":"product_brand","embeddable":true,"href":"https:\/\/olemosaic.com\/pt-pt\/wp-json\/wp\/v2\/product_brand?post=33510"},{"taxonomy":"product_cat","embeddable":true,"href":"https:\/\/olemosaic.com\/pt-pt\/wp-json\/wp\/v2\/product_cat?post=33510"},{"taxonomy":"product_tag","embeddable":true,"href":"https:\/\/olemosaic.com\/pt-pt\/wp-json\/wp\/v2\/product_tag?post=33510"}],"curies":[{"name":"wp","href":"https:\/\/api.w.org\/{rel}","templated":true}]}}