{"id":33508,"date":"2025-02-20T22:33:26","date_gmt":"2025-02-20T22:33:26","guid":{"rendered":"http:\/\/olemosaic.com\/producto\/llavero-de-madera-letra-j-mosaico\/"},"modified":"2025-07-25T20:07:49","modified_gmt":"2025-07-25T18:07:49","slug":"porta-chaves-de-madeira-letra-j-mosaico","status":"publish","type":"product","link":"https:\/\/olemosaic.com\/pt-pt\/produto\/porta-chaves-de-madeira-letra-j-mosaico\/","title":{"rendered":"Porta-chaves de madeira. Letra J. Mosaico."},"content":{"rendered":"<p>Este porta-chaves de madeira com a forma da letra &#8220;J&#8221; \u00e9 uma aut\u00eantica joia da arte do mosaico, ideal para quem procura uma recorda\u00e7\u00e3o que combine funcionalidade e est\u00e9tica. Elaborado com um design vibrante que apresenta uma rica paleta de cores, este porta-chaves destaca-se pelos seus tons azuis, vermelhos, amarelos e cor-de-rosa, organizados num padr\u00e3o geom\u00e9trico que evoca a tradi\u00e7\u00e3o mosaica espanhola. Cada faceta deste design capta a ess\u00eancia da arte que adornou monumentos ic\u00f3nicos em cidades como Barcelona, onde o mosaico \u00e9 um s\u00edmbolo de criatividade e cultura.<\/p>\n<p>A forma da letra &#8220;J&#8221; acrescenta um toque pessoal e distintivo, tornando este porta-chaves num presente perfeito para entes queridos ou numa recorda\u00e7\u00e3o singular de uma viagem. Al\u00e9m disso, o artesanato por tr\u00e1s de cada porta-chaves sublinha a sua autenticidade, fazendo com que este produto n\u00e3o seja apenas um acess\u00f3rio \u00fatil, mas tamb\u00e9m uma representa\u00e7\u00e3o significativa da rica heran\u00e7a art\u00edstica da regi\u00e3o.<\/p>\n<p>Na Ol\u00e9 Mosaic, especializamo-nos na distribui\u00e7\u00e3o de recorda\u00e7\u00f5es por grosso, oferecendo artigos como este porta-chaves de madeira que encapsulam a cultura espanhola. Este porta-chaves de mosaico \u00e9 uma excelente op\u00e7\u00e3o para lojas de recorda\u00e7\u00f5es tur\u00edsticas que procuram oferecer produtos \u00fanicos que realcem a beleza da tradi\u00e7\u00e3o artesanal. Como grossistas de porta-chaves, garantimos que cada pe\u00e7a reflete a excel\u00eancia e autenticidade que os visitantes esperam levar da sua experi\u00eancia em Espanha.<\/p>\n","protected":false},"excerpt":{"rendered":"<p>Porta-chaves de madeira com a forma da letra &#8220;J&#8221;, decorado com um design vibrante de mosaico. Este artigo artesanal apresenta uma variada paleta de cores que inclui azuis, vermelhos, amarelos e cor-de-rosa, num padr\u00e3o geom\u00e9trico que evoca a tradi\u00e7\u00e3o da arte do mosaico. Perfeito como recorda\u00e7\u00e3o, este porta-chaves combina funcionalidade com um toque art\u00edstico, tornando-o num acess\u00f3rio ideal para qualquer amante da cultura espanhola.<\/p>\n","protected":false},"featured_media":10760,"template":"","meta":{"_acf_changed":false},"product_brand":[],"product_cat":[611],"product_tag":[612],"class_list":{"0":"post-33508","1":"product","2":"type-product","3":"status-publish","4":"has-post-thumbnail","6":"product_cat-porta-chaves","7":"product_tag-cartas","8":"pa_motivo-letra-j","10":"first","11":"instock","12":"shipping-taxable","13":"product-type-simple"},"acf":[],"_links":{"self":[{"href":"https:\/\/olemosaic.com\/pt-pt\/wp-json\/wp\/v2\/product\/33508","targetHints":{"allow":["GET"]}}],"collection":[{"href":"https:\/\/olemosaic.com\/pt-pt\/wp-json\/wp\/v2\/product"}],"about":[{"href":"https:\/\/olemosaic.com\/pt-pt\/wp-json\/wp\/v2\/types\/product"}],"wp:featuredmedia":[{"embeddable":true,"href":"https:\/\/olemosaic.com\/pt-pt\/wp-json\/wp\/v2\/media\/10760"}],"wp:attachment":[{"href":"https:\/\/olemosaic.com\/pt-pt\/wp-json\/wp\/v2\/media?parent=33508"}],"wp:term":[{"taxonomy":"product_brand","embeddable":true,"href":"https:\/\/olemosaic.com\/pt-pt\/wp-json\/wp\/v2\/product_brand?post=33508"},{"taxonomy":"product_cat","embeddable":true,"href":"https:\/\/olemosaic.com\/pt-pt\/wp-json\/wp\/v2\/product_cat?post=33508"},{"taxonomy":"product_tag","embeddable":true,"href":"https:\/\/olemosaic.com\/pt-pt\/wp-json\/wp\/v2\/product_tag?post=33508"}],"curies":[{"name":"wp","href":"https:\/\/api.w.org\/{rel}","templated":true}]}}