{"id":33486,"date":"2025-02-20T23:33:25","date_gmt":"2025-02-20T22:33:25","guid":{"rendered":"http:\/\/olemosaic.com\/producto\/llavero-de-madera-letra-i-2\/"},"modified":"2025-07-25T18:43:00","modified_gmt":"2025-07-25T16:43:00","slug":"porta-chaves-de-madeira-letra-i-2","status":"publish","type":"product","link":"https:\/\/olemosaic.com\/pt-pt\/produto\/porta-chaves-de-madeira-letra-i-2\/","title":{"rendered":"Porta-chaves de madeira. Letra I. Motivos florais."},"content":{"rendered":"<p>Este porta-chaves de madeira com a forma da letra &#8220;I&#8221; \u00e9 uma lembran\u00e7a emblem\u00e1tica que presta homenagem \u00e0 rica tradi\u00e7\u00e3o artesanal espanhola. O seu design vibrante, com uma variedade de cores como vermelho, azul e amarelo, est\u00e1 adornado com intrincados motivos de azulejos tradicionais, evocando a ess\u00eancia da cultura e da hist\u00f3ria de Espanha. Cada padr\u00e3o floral \u00e9 cuidadosamente elaborado, o que torna cada porta-chaves \u00fanico e especial, capturando a beleza da cer\u00e2mica espanhola.<\/p>\n<p>Al\u00e9m de ser um artigo decorativo, o porta-chaves conta com um anel de metal resistente que garante a sua durabilidade e funcionalidade. O seu design pr\u00e1tico torna-o o complemento ideal para as chaves de casa ou do carro, ao mesmo tempo que proporciona um toque art\u00edstico e cultural. Este porta-chaves personalizado \u00e9 uma excelente op\u00e7\u00e3o para os turistas que procuram lembran\u00e7as representativas das suas experi\u00eancias em Espanha, oferecendo uma recorda\u00e7\u00e3o tang\u00edvel que encapsula a autenticidade e o estilo de vida espanh\u00f3is.<\/p>\n<p>Na Ol\u00e9 Mosaic, especializamo-nos na distribui\u00e7\u00e3o de lembran\u00e7as por grosso, oferecendo artigos que refletem a riqueza da cultura espanhola. Este porta-chaves de madeira \u00e9 uma op\u00e7\u00e3o perfeita para lojas de presentes tur\u00edsticos que desejem oferecer aos seus clientes uma representa\u00e7\u00e3o aut\u00eantica e acess\u00edvel da heran\u00e7a cultural de Espanha. Uma recorda\u00e7\u00e3o ideal que combina artesanato, funcionalidade e um toque de cor vibrante.<\/p>\n","protected":false},"excerpt":{"rendered":"<p>Porta-chaves de madeira com a forma da letra &#8220;I&#8221;, decorado com alegres motivos de azulejos tradicionais. Este bonito porta-chaves artesanal combina cores vibrantes como o vermelho, o azul e o amarelo, e apresenta motivos florais que evocam a rica cultura espanhola. O seu design inclui uma anilha met\u00e1lica resistente, o que o torna um acess\u00f3rio pr\u00e1tico e decorativo, ideal para levar sempre consigo a ess\u00eancia da artesania espanhola.<\/p>\n","protected":false},"featured_media":9599,"template":"","meta":{"_acf_changed":false},"product_brand":[],"product_cat":[611],"product_tag":[612],"class_list":{"0":"post-33486","1":"product","2":"type-product","3":"status-publish","4":"has-post-thumbnail","6":"product_cat-porta-chaves","7":"product_tag-cartas","8":"pa_motivo-letra-i","10":"first","11":"instock","12":"shipping-taxable","13":"product-type-simple"},"acf":[],"_links":{"self":[{"href":"https:\/\/olemosaic.com\/pt-pt\/wp-json\/wp\/v2\/product\/33486","targetHints":{"allow":["GET"]}}],"collection":[{"href":"https:\/\/olemosaic.com\/pt-pt\/wp-json\/wp\/v2\/product"}],"about":[{"href":"https:\/\/olemosaic.com\/pt-pt\/wp-json\/wp\/v2\/types\/product"}],"wp:featuredmedia":[{"embeddable":true,"href":"https:\/\/olemosaic.com\/pt-pt\/wp-json\/wp\/v2\/media\/9599"}],"wp:attachment":[{"href":"https:\/\/olemosaic.com\/pt-pt\/wp-json\/wp\/v2\/media?parent=33486"}],"wp:term":[{"taxonomy":"product_brand","embeddable":true,"href":"https:\/\/olemosaic.com\/pt-pt\/wp-json\/wp\/v2\/product_brand?post=33486"},{"taxonomy":"product_cat","embeddable":true,"href":"https:\/\/olemosaic.com\/pt-pt\/wp-json\/wp\/v2\/product_cat?post=33486"},{"taxonomy":"product_tag","embeddable":true,"href":"https:\/\/olemosaic.com\/pt-pt\/wp-json\/wp\/v2\/product_tag?post=33486"}],"curies":[{"name":"wp","href":"https:\/\/api.w.org\/{rel}","templated":true}]}}