{"id":33485,"date":"2025-02-20T23:33:25","date_gmt":"2025-02-20T22:33:25","guid":{"rendered":"http:\/\/olemosaic.com\/producto\/llavero-de-madera-letra-i\/"},"modified":"2025-07-25T18:35:05","modified_gmt":"2025-07-25T16:35:05","slug":"porta-chaves-de-madeira-letra-i","status":"publish","type":"product","link":"https:\/\/olemosaic.com\/pt-pt\/produto\/porta-chaves-de-madeira-letra-i\/","title":{"rendered":"Porta-chaves de madeira. Letra I."},"content":{"rendered":"<p>Este porta-chaves de madeira com a forma da letra &#8220;I&#8221; \u00e9 uma elegante recorda\u00e7\u00e3o que captura a ess\u00eancia do ic\u00f3nico trencad\u00eds de Gaud\u00ed, emblema do modernismo catal\u00e3o. O seu design vibrante apresenta um mosaico numa explos\u00e3o de cores vivas: tons de vermelho, azul, verde e amarelo que se entrela\u00e7am harmoniosamente, evocando as majestosas obras arquitet\u00f3nicas de Barcelona. A base preta real\u00e7a a beleza do mosaico, criando um contraste atraente que d\u00e1 vida a cada detalhe. Este porta-chaves n\u00e3o \u00e9 apenas um objeto pr\u00e1tico para organizar as suas chaves, mas tamb\u00e9m uma maravilhosa recorda\u00e7\u00e3o da rica heran\u00e7a cultural barcelonesa.<\/p>\n<p>A sua liga\u00e7\u00e3o \u00e0 obra de Antoni Gaud\u00ed, conhecida pelas suas formas org\u00e2nicas e pelo seu uso inovador da cor e da textura, torna este porta-chaves num aut\u00eantico s\u00edmbolo da arte e da criatividade da cidade. Como uma verdadeira lembran\u00e7a de Barcelona, este porta-chaves de madeira \u00e9 perfeito para quem deseja levar consigo um peda\u00e7o da cultura local. Na Ol\u00e9 Mosaic, especializamo-nos na distribui\u00e7\u00e3o grossista deste tipo de recorda\u00e7\u00f5es, oferecendo produtos aut\u00eanticos que celebram a singularidade das tradi\u00e7\u00f5es espanholas. Este porta-chaves \u00e9 uma excelente op\u00e7\u00e3o para lojas de presentes tur\u00edsticos que procuram artigos funcionais e representativos do patrim\u00f3nio cultural.<\/p>\n","protected":false},"excerpt":{"rendered":"<p>Porta-chaves de madeira com a forma da letra &#8220;I&#8221;, decorado com um vibrante design que evoca o famoso trencad\u00eds de Gaud\u00ed. Este porta-chaves apresenta um mosaico colorido em tons de vermelho, azul, verde e amarelo, que encapsula a ess\u00eancia do modernismo catal\u00e3o. A base preta real\u00e7a os detalhes do design, tornando-o uma lembran\u00e7a ideal de Barcelona, perfeita para levar sempre consigo um peda\u00e7o da cultura local.<\/p>\n","protected":false},"featured_media":10928,"template":"","meta":{"_acf_changed":false},"product_brand":[],"product_cat":[611],"product_tag":[612],"class_list":{"0":"post-33485","1":"product","2":"type-product","3":"status-publish","4":"has-post-thumbnail","6":"product_cat-porta-chaves","7":"product_tag-cartas","8":"pa_motivo-letra-i","10":"first","11":"instock","12":"shipping-taxable","13":"product-type-simple"},"acf":[],"_links":{"self":[{"href":"https:\/\/olemosaic.com\/pt-pt\/wp-json\/wp\/v2\/product\/33485","targetHints":{"allow":["GET"]}}],"collection":[{"href":"https:\/\/olemosaic.com\/pt-pt\/wp-json\/wp\/v2\/product"}],"about":[{"href":"https:\/\/olemosaic.com\/pt-pt\/wp-json\/wp\/v2\/types\/product"}],"wp:featuredmedia":[{"embeddable":true,"href":"https:\/\/olemosaic.com\/pt-pt\/wp-json\/wp\/v2\/media\/10928"}],"wp:attachment":[{"href":"https:\/\/olemosaic.com\/pt-pt\/wp-json\/wp\/v2\/media?parent=33485"}],"wp:term":[{"taxonomy":"product_brand","embeddable":true,"href":"https:\/\/olemosaic.com\/pt-pt\/wp-json\/wp\/v2\/product_brand?post=33485"},{"taxonomy":"product_cat","embeddable":true,"href":"https:\/\/olemosaic.com\/pt-pt\/wp-json\/wp\/v2\/product_cat?post=33485"},{"taxonomy":"product_tag","embeddable":true,"href":"https:\/\/olemosaic.com\/pt-pt\/wp-json\/wp\/v2\/product_tag?post=33485"}],"curies":[{"name":"wp","href":"https:\/\/api.w.org\/{rel}","templated":true}]}}