{"id":33484,"date":"2025-02-20T23:33:25","date_gmt":"2025-02-20T22:33:25","guid":{"rendered":"http:\/\/olemosaic.com\/producto\/llavero-de-madera-letra-h-valencia\/"},"modified":"2025-07-25T20:33:13","modified_gmt":"2025-07-25T18:33:13","slug":"porta-chaves-de-madeira-letra-h-valencia","status":"publish","type":"product","link":"https:\/\/olemosaic.com\/pt-pt\/produto\/porta-chaves-de-madeira-letra-h-valencia\/","title":{"rendered":"Porta-chaves de madeira. Letra H. Val\u00eancia."},"content":{"rendered":"<p>Este porta-chaves de madeira com a forma da letra &#8220;H&#8221; \u00e9 uma encantadora recorda\u00e7\u00e3o que encapsula a vibrante ess\u00eancia de Val\u00eancia. Inspirado em elementos arquitet\u00f3nicos emblem\u00e1ticos da cidade, como as majestosas fachadas da Cidade das Artes e das Ci\u00eancias, este acess\u00f3rio destaca-se pelas suas cores vivas em azul, vermelho e amarelo. A superf\u00edcie do porta-chaves, elaborada atrav\u00e9s de t\u00e9cnicas de mosaico, evoca o famoso estilo art\u00edstico valenciano que perdurou ao longo dos s\u00e9culos.<\/p>\n<p>Com uma aten\u00e7\u00e3o cuidada ao detalhe, cada porta-chaves apresenta uma representa\u00e7\u00e3o art\u00edstica que presta homenagem ao patrim\u00f3nio cultural de Val\u00eancia, oferecendo um design atraente que combina funcionalidade e est\u00e9tica. Esta recorda\u00e7\u00e3o n\u00e3o \u00e9 apenas perfeita para manter as chaves organizadas, mas tamb\u00e9m se torna uma lembran\u00e7a tang\u00edvel de uma das cidades mais emblem\u00e1ticas de Espanha.<\/p>\n<p>Para quem procura recorda\u00e7\u00f5es aut\u00eanticas e representativas, este porta-chaves de madeira \u00e9 uma excelente escolha, ideal para turistas que desejem levar para casa um peda\u00e7o da rica hist\u00f3ria e cultura valencianas. Na Ol\u00e9 Mosaic, orgulhamo-nos de distribuir artigos \u00fanicos por grosso, e este porta-chaves \u00e9 uma op\u00e7\u00e3o excecional para lojas de presentes tur\u00edsticos que procuram produtos aut\u00eanticos com um toque art\u00edstico.<\/p>\n","protected":false},"excerpt":{"rendered":"<p>Porta-chaves de madeira com a forma da letra &#8220;H&#8221;, inspirado em Val\u00eancia. Este chamativo acess\u00f3rio apresenta elementos ic\u00f3nicos da cidade, como as detalhadas fachadas da Cidade das Artes e das Ci\u00eancias, representadas em vibrantes cores azul, vermelho e amarelo. Com uma superf\u00edcie desenhada com t\u00e9cnicas de mosaico que evocam o famoso estilo valenciano, \u00e9 uma lembran\u00e7a ideal que combina funcionalidade e arte num s\u00f3 produto.<\/p>\n","protected":false},"featured_media":10866,"template":"","meta":{"_acf_changed":false},"product_brand":[],"product_cat":[611],"product_tag":[612],"class_list":{"0":"post-33484","1":"product","2":"type-product","3":"status-publish","4":"has-post-thumbnail","6":"product_cat-porta-chaves","7":"product_tag-cartas","8":"pa_ciudad-valencia","9":"pa_motivo-letra-h","10":"pa_pais-espana","12":"first","13":"instock","14":"shipping-taxable","15":"product-type-simple"},"acf":[],"_links":{"self":[{"href":"https:\/\/olemosaic.com\/pt-pt\/wp-json\/wp\/v2\/product\/33484","targetHints":{"allow":["GET"]}}],"collection":[{"href":"https:\/\/olemosaic.com\/pt-pt\/wp-json\/wp\/v2\/product"}],"about":[{"href":"https:\/\/olemosaic.com\/pt-pt\/wp-json\/wp\/v2\/types\/product"}],"wp:featuredmedia":[{"embeddable":true,"href":"https:\/\/olemosaic.com\/pt-pt\/wp-json\/wp\/v2\/media\/10866"}],"wp:attachment":[{"href":"https:\/\/olemosaic.com\/pt-pt\/wp-json\/wp\/v2\/media?parent=33484"}],"wp:term":[{"taxonomy":"product_brand","embeddable":true,"href":"https:\/\/olemosaic.com\/pt-pt\/wp-json\/wp\/v2\/product_brand?post=33484"},{"taxonomy":"product_cat","embeddable":true,"href":"https:\/\/olemosaic.com\/pt-pt\/wp-json\/wp\/v2\/product_cat?post=33484"},{"taxonomy":"product_tag","embeddable":true,"href":"https:\/\/olemosaic.com\/pt-pt\/wp-json\/wp\/v2\/product_tag?post=33484"}],"curies":[{"name":"wp","href":"https:\/\/api.w.org\/{rel}","templated":true}]}}