{"id":33483,"date":"2025-02-20T23:33:25","date_gmt":"2025-02-20T22:33:25","guid":{"rendered":"http:\/\/olemosaic.com\/producto\/llavero-de-madera-letra-f-sevilla\/"},"modified":"2025-07-25T20:34:30","modified_gmt":"2025-07-25T18:34:30","slug":"porta-chaves-de-madeira-letra-f-sevilha","status":"publish","type":"product","link":"https:\/\/olemosaic.com\/pt-pt\/produto\/porta-chaves-de-madeira-letra-f-sevilha\/","title":{"rendered":"Porta-chaves de madeira. Letra F. Sevilha."},"content":{"rendered":"<p>Este porta-chaves de madeira com a forma da letra &#8220;F&#8221; \u00e9 uma recorda\u00e7\u00e3o exclusiva e colorida que representa a emblem\u00e1tica cidade de Sevilha. Desenhado com uma est\u00e9tica vibrante, o porta-chaves destaca-se pela sua ilustra\u00e7\u00e3o detalhada, que incorpora elementos ic\u00f3nicos da cidade, como a majestosa Giralda e um tradicional coche de cavalos, tudo pintado \u00e0 m\u00e3o em tons chamativos de azul, vermelho e verde. A letra &#8220;F&#8221; est\u00e1 adornada com um design que evoca o estilo do trencad\u00eds, uma t\u00e9cnica tradicional andaluza que utiliza pe\u00e7as de cer\u00e2mica para criar mosaicos decorativos, conferindo um toque art\u00edstico e cultural ao artigo.<\/p>\n<p>Este porta-chaves n\u00e3o \u00e9 apenas um acess\u00f3rio pr\u00e1tico, mas tamb\u00e9m uma recorda\u00e7\u00e3o significativa que captura a ess\u00eancia da Andaluzia e a sua rica heran\u00e7a cultural. Ao adquirir este porta-chaves, os turistas t\u00eam uma lembran\u00e7a que os transporta para as ruas coloridas de Sevilha cada vez que o utilizam, o que o torna uma excelente op\u00e7\u00e3o para quem procura lembran\u00e7as aut\u00eanticas.<\/p>\n<p>Na Ol\u00e9 Mosaic, especializamo-nos na distribui\u00e7\u00e3o de lembran\u00e7as por grosso, e este porta-chaves de Sevilha \u00e9 uma escolha excecional para lojas de presentes tur\u00edsticos que desejam oferecer produtos \u00fanicos e representativos. Com o seu design artesanal e a sua liga\u00e7\u00e3o \u00e0 cultura andaluza, \u00e9 uma recorda\u00e7\u00e3o perfeita para recordar e partilhar o melhor de Sevilha.<\/p>\n","protected":false},"excerpt":{"rendered":"<p>Porta-chaves de madeira com a letra &#8220;F&#8221;, que representa a emblem\u00e1tica cidade de Sevilha. Este original porta-chaves destaca-se pelo seu design colorido, que incorpora motivos tradicionais sevilhanos como a Giralda e um coche de cavalos, pintados \u00e0 m\u00e3o em vibrantes tons de azul, vermelho e verde. A letra est\u00e1 adornada com detalhes que evocam o estilo do trencad\u00eds, oferecendo um toque art\u00edstico e cultural que o torna uma recorda\u00e7\u00e3o perfeita da Andaluzia.<\/p>\n","protected":false},"featured_media":10890,"template":"","meta":{"_acf_changed":false},"product_brand":[],"product_cat":[611],"product_tag":[516,612],"class_list":{"0":"post-33483","1":"product","2":"type-product","3":"status-publish","4":"has-post-thumbnail","6":"product_cat-porta-chaves","7":"product_tag-animais","8":"product_tag-cartas","9":"pa_ciudad-sevilla","10":"pa_motivo-letra-f","11":"pa_pais-espana","13":"first","14":"instock","15":"shipping-taxable","16":"product-type-simple"},"acf":[],"_links":{"self":[{"href":"https:\/\/olemosaic.com\/pt-pt\/wp-json\/wp\/v2\/product\/33483","targetHints":{"allow":["GET"]}}],"collection":[{"href":"https:\/\/olemosaic.com\/pt-pt\/wp-json\/wp\/v2\/product"}],"about":[{"href":"https:\/\/olemosaic.com\/pt-pt\/wp-json\/wp\/v2\/types\/product"}],"wp:featuredmedia":[{"embeddable":true,"href":"https:\/\/olemosaic.com\/pt-pt\/wp-json\/wp\/v2\/media\/10890"}],"wp:attachment":[{"href":"https:\/\/olemosaic.com\/pt-pt\/wp-json\/wp\/v2\/media?parent=33483"}],"wp:term":[{"taxonomy":"product_brand","embeddable":true,"href":"https:\/\/olemosaic.com\/pt-pt\/wp-json\/wp\/v2\/product_brand?post=33483"},{"taxonomy":"product_cat","embeddable":true,"href":"https:\/\/olemosaic.com\/pt-pt\/wp-json\/wp\/v2\/product_cat?post=33483"},{"taxonomy":"product_tag","embeddable":true,"href":"https:\/\/olemosaic.com\/pt-pt\/wp-json\/wp\/v2\/product_tag?post=33483"}],"curies":[{"name":"wp","href":"https:\/\/api.w.org\/{rel}","templated":true}]}}