{"id":33481,"date":"2025-02-20T23:33:24","date_gmt":"2025-02-20T22:33:24","guid":{"rendered":"http:\/\/olemosaic.com\/producto\/llavero-de-madera-letra-e-barcelona-2\/"},"modified":"2025-07-25T18:45:29","modified_gmt":"2025-07-25T16:45:29","slug":"porta-chaves-de-madeira-letra-e-barcelona-2","status":"publish","type":"product","link":"https:\/\/olemosaic.com\/pt-pt\/produto\/porta-chaves-de-madeira-letra-e-barcelona-2\/","title":{"rendered":"Porta-chaves de madeira. Letra E. Sagrada Fam\u00edlia. Barcelona."},"content":{"rendered":"<p>Este porta-chaves de madeira com forma da letra &#8220;E&#8221; \u00e9 uma alegre representa\u00e7\u00e3o de Barcelona, pensado para quem deseja levar consigo um peda\u00e7o da sua ess\u00eancia. Esta atraente recorda\u00e7\u00e3o apresenta uma colorida ilustra\u00e7\u00e3o que destaca a majestosa Sagrada Fam\u00edlia, emblem\u00e1tico monumento do arquiteto Antoni Gaud\u00ed, juntamente with outros elementos arquitet\u00f3nicos representativos da vibrante cidade. A cuidada pintura \u00e0 m\u00e3o acrescenta um toque de autenticidade, com tonalidades vibrantes que capturam o esp\u00edrito criativo e ecl\u00e9tico de Barcelona. Cada detalhe do porta-chaves, desde as coloridas fachadas dos edif\u00edcios at\u00e9 \u00e0s caracter\u00edsticas torres da Sagrada Fam\u00edlia, \u00e9 meticulosamente elaborado para real\u00e7ar a riqueza cultural e hist\u00f3rica da cidade.<\/p>\n<p>Este porta-chaves n\u00e3o \u00e9 apenas pr\u00e1tico, mas tamb\u00e9m serve como um belo lembrete dos inesquec\u00edveis momentos vividos em Barcelona, tornando-se um presente perfeito para turistas e visitantes. Na Ol\u00e9 Mosaic, orgulhamo-nos de oferecer recorda\u00e7\u00f5es aut\u00eanticas e significativas que ligam os viajantes \u00e0s suas experi\u00eancias. Este porta-chaves com a letra &#8220;E&#8221; \u00e9 uma excelente op\u00e7\u00e3o para lojas de presentes tur\u00edsticos que procuram produtos \u00fanicos e representativos de Barcelona. Como grossistas de recorda\u00e7\u00f5es, garantimos produtos de qualidade e relev\u00e2ncia cultural que far\u00e3o com que cada cliente leve uma recorda\u00e7\u00e3o especial.<\/p>\n","protected":false},"excerpt":{"rendered":"<p>Porta-chaves de madeira com forma de letra &#8220;E&#8221;, inspirado em Barcelona. Este atraente porta-chaves apresenta um design colorido com a ic\u00f3nica Sagrada Fam\u00edlia e outros elementos arquitet\u00f3nicos representativos da cidade. Com uma preciosa ilustra\u00e7\u00e3o de design artesanal, pintado \u00e0 m\u00e3o, destaca-se pelas suas tonalidades vibrantes e detalhes art\u00edsticos que capturam a ess\u00eancia da cultura barcelonesa, tornando-o uma recorda\u00e7\u00e3o ideal para levar um pedacinho de Barcelona sempre consigo.<\/p>\n","protected":false},"featured_media":10516,"template":"","meta":{"_acf_changed":false},"product_brand":[],"product_cat":[611],"product_tag":[612],"class_list":{"0":"post-33481","1":"product","2":"type-product","3":"status-publish","4":"has-post-thumbnail","6":"product_cat-porta-chaves","7":"product_tag-cartas","8":"pa_ciudad-barcelona","9":"pa_motivo-letra-e","10":"pa_pais-espana","12":"first","13":"instock","14":"shipping-taxable","15":"product-type-simple"},"acf":[],"_links":{"self":[{"href":"https:\/\/olemosaic.com\/pt-pt\/wp-json\/wp\/v2\/product\/33481","targetHints":{"allow":["GET"]}}],"collection":[{"href":"https:\/\/olemosaic.com\/pt-pt\/wp-json\/wp\/v2\/product"}],"about":[{"href":"https:\/\/olemosaic.com\/pt-pt\/wp-json\/wp\/v2\/types\/product"}],"wp:featuredmedia":[{"embeddable":true,"href":"https:\/\/olemosaic.com\/pt-pt\/wp-json\/wp\/v2\/media\/10516"}],"wp:attachment":[{"href":"https:\/\/olemosaic.com\/pt-pt\/wp-json\/wp\/v2\/media?parent=33481"}],"wp:term":[{"taxonomy":"product_brand","embeddable":true,"href":"https:\/\/olemosaic.com\/pt-pt\/wp-json\/wp\/v2\/product_brand?post=33481"},{"taxonomy":"product_cat","embeddable":true,"href":"https:\/\/olemosaic.com\/pt-pt\/wp-json\/wp\/v2\/product_cat?post=33481"},{"taxonomy":"product_tag","embeddable":true,"href":"https:\/\/olemosaic.com\/pt-pt\/wp-json\/wp\/v2\/product_tag?post=33481"}],"curies":[{"name":"wp","href":"https:\/\/api.w.org\/{rel}","templated":true}]}}