{"id":33479,"date":"2025-02-20T23:33:24","date_gmt":"2025-02-20T22:33:24","guid":{"rendered":"http:\/\/olemosaic.com\/producto\/llavero-de-madera-letra-e-sevilla\/"},"modified":"2025-07-25T19:18:32","modified_gmt":"2025-07-25T17:18:32","slug":"porta-chaves-de-madeira-letra-e-sevilha","status":"publish","type":"product","link":"https:\/\/olemosaic.com\/pt-pt\/produto\/porta-chaves-de-madeira-letra-e-sevilha\/","title":{"rendered":"Porta-chaves de madeira. Letra E. Sevilha."},"content":{"rendered":"<p>Este porta-chaves de madeira com forma da letra &#8220;E&#8221; \u00e9 uma encantadora recorda\u00e7\u00e3o inspirada na emblem\u00e1tica cidade de Sevilha. Elaborado com madeira de alta qualidade, este porta-chaves apresenta uma vibrante ilustra\u00e7\u00e3o que captura a ess\u00eancia do patrim\u00f3nio cultural sevilhano, destacando elementos ic\u00f3nicos como a majestosa Giralda e uma caracter\u00edstica carruagem andaluza. Pintado \u00e0 m\u00e3o, o seu design inclui detalhes em mosaico que conferem um toque art\u00edstico, combinando tons quentes e alegres que evocam a alegria da vida sevilhana. A letra &#8220;E&#8221; n\u00e3o s\u00f3 representa a cidade, como tamb\u00e9m pode ser personalizada com a inicial do nome do propriet\u00e1rio, o que a torna uma recorda\u00e7\u00e3o ainda mais significativa. Este porta-chaves \u00e9 perfeito como recorda\u00e7\u00e3o, permitindo aos turistas levar um pedacinho de Sevilha para casa, recordando as belas ruas e a rica cultura desta hist\u00f3rica cidade. Na Ol\u00e9 Mosaic, orgulhamo-nos de oferecer recorda\u00e7\u00f5es de alta qualidade que refletem a autenticidade de Espanha. Este porta-chaves, como parte da nossa cole\u00e7\u00e3o de recorda\u00e7\u00f5es de Sevilha, \u00e9 uma excelente op\u00e7\u00e3o para lojas de presentes tur\u00edsticos que procuram produtos \u00fanicos e atraentes. Como grossista de porta-chaves, garantimos um design exclusivo e uma liga\u00e7\u00e3o profunda com a cultura local.<\/p>\n","protected":false},"excerpt":{"rendered":"<p>Porta-chaves de madeira com forma da letra &#8220;E&#8221;, inspirado em Sevilha. Este colorido porta-chaves apresenta uma vibrante ilustra\u00e7\u00e3o com elementos ic\u00f3nicos da cidade, como a Giralda e uma carruagem de cavalos andaluza, real\u00e7ando o patrim\u00f3nio cultural sevilhano. Pintado com estilo artesanal com detalhes de mosaico, oferece um design atraente que combina tons quentes e alegres, perfeito para recordar a sua visita a esta bela cidade. Ideal como recorda\u00e7\u00e3o ou presente.<\/p>\n","protected":false},"featured_media":10889,"template":"","meta":{"_acf_changed":false},"product_brand":[],"product_cat":[611],"product_tag":[516,612],"class_list":{"0":"post-33479","1":"product","2":"type-product","3":"status-publish","4":"has-post-thumbnail","6":"product_cat-porta-chaves","7":"product_tag-animais","8":"product_tag-cartas","9":"pa_ciudad-sevilla","10":"pa_motivo-letra-e","11":"pa_pais-espana","13":"first","14":"instock","15":"shipping-taxable","16":"product-type-simple"},"acf":[],"_links":{"self":[{"href":"https:\/\/olemosaic.com\/pt-pt\/wp-json\/wp\/v2\/product\/33479","targetHints":{"allow":["GET"]}}],"collection":[{"href":"https:\/\/olemosaic.com\/pt-pt\/wp-json\/wp\/v2\/product"}],"about":[{"href":"https:\/\/olemosaic.com\/pt-pt\/wp-json\/wp\/v2\/types\/product"}],"wp:featuredmedia":[{"embeddable":true,"href":"https:\/\/olemosaic.com\/pt-pt\/wp-json\/wp\/v2\/media\/10889"}],"wp:attachment":[{"href":"https:\/\/olemosaic.com\/pt-pt\/wp-json\/wp\/v2\/media?parent=33479"}],"wp:term":[{"taxonomy":"product_brand","embeddable":true,"href":"https:\/\/olemosaic.com\/pt-pt\/wp-json\/wp\/v2\/product_brand?post=33479"},{"taxonomy":"product_cat","embeddable":true,"href":"https:\/\/olemosaic.com\/pt-pt\/wp-json\/wp\/v2\/product_cat?post=33479"},{"taxonomy":"product_tag","embeddable":true,"href":"https:\/\/olemosaic.com\/pt-pt\/wp-json\/wp\/v2\/product_tag?post=33479"}],"curies":[{"name":"wp","href":"https:\/\/api.w.org\/{rel}","templated":true}]}}