{"id":33478,"date":"2025-02-20T23:33:24","date_gmt":"2025-02-20T22:33:24","guid":{"rendered":"http:\/\/olemosaic.com\/producto\/llavero-de-madera-letra-e-barcelona\/"},"modified":"2025-07-25T18:45:29","modified_gmt":"2025-07-25T16:45:29","slug":"porta-chaves-de-madeira-letra-e-barcelona","status":"publish","type":"product","link":"https:\/\/olemosaic.com\/pt-pt\/produto\/porta-chaves-de-madeira-letra-e-barcelona\/","title":{"rendered":"Porta-chaves de madeira. Letra E. Barcelona."},"content":{"rendered":"<p>Este porta-chaves de madeira com forma da letra &#8220;E&#8221; \u00e9 uma encantadora recorda\u00e7\u00e3o de Barcelona, perfeito para quem deseja levar um pedacinho desta vibrante cidade consigo. Desenhado com carinho, este porta-chaves inclui elementos emblem\u00e1ticos da capital catal\u00e3, destacando a majestosa Sagrada Fam\u00edlia, obra-prima de Antoni Gaud\u00ed, com efeito pintado \u00e0 m\u00e3o com cores vibrantes que evocam o famoso trencad\u00eds caracter\u00edstico das suas obras. A letra &#8220;E&#8221; n\u00e3o s\u00f3 representa Barcelona, como tamb\u00e9m captura a ess\u00eancia da sua cultura, simbolizando a criatividade e a arte que inundam as suas ruas.<\/p>\n<p>O design visual \u00e9 impactante: o porta-chaves apresenta um fundo que recorda o mosaico cer\u00e2mico de Gaud\u00ed, com uma mistura de tons vermelhos, amarelos e azuis que acrescentam um ar festivo e alegre. Esta recorda\u00e7\u00e3o n\u00e3o \u00e9 apenas \u00fatil para manter as chaves organizadas, mas tamb\u00e9m serve como um atraente complemento decorativo que recordar\u00e1 a quem o possuir os momentos vividos na cidade. Na Ol\u00e9 Mosaic, oferecemos este porta-chaves de madeira juntamente com uma ampla gama de recorda\u00e7\u00f5es de Barcelona, perfeitos para lojas de presentes tur\u00edsticos que procuram artigos aut\u00eanticos e representativos. N\u00e3o perca a oportunidade de oferecer aos seus clientes uma recorda\u00e7\u00e3o \u00fanica e cultural que se tornar\u00e1 um tesouro pessoal.<\/p>\n","protected":false},"excerpt":{"rendered":"<p>Porta-chaves de madeira com forma da letra &#8220;E&#8221;, representando Barcelona. Este colorido porta-chaves inclui ilustra\u00e7\u00f5es destacadas como a Sagrada Fam\u00edlia, entre outros elementos emblem\u00e1ticos da cidade, pintados \u00e0 m\u00e3o com tons vibrantes que evocam o famoso trencad\u00eds de Gaud\u00ed. Ideal como recorda\u00e7\u00e3o ou presente, apresenta um design atraente que capta a ess\u00eancia da cultura catal\u00e3 e \u00e9 perfeito para levar um pedacinho de Barcelona consigo.<\/p>\n","protected":false},"featured_media":10490,"template":"","meta":{"_acf_changed":false},"product_brand":[],"product_cat":[611],"product_tag":[612],"class_list":{"0":"post-33478","1":"product","2":"type-product","3":"status-publish","4":"has-post-thumbnail","6":"product_cat-porta-chaves","7":"product_tag-cartas","8":"pa_ciudad-barcelona","9":"pa_motivo-letra-e","10":"pa_pais-espana","12":"first","13":"instock","14":"shipping-taxable","15":"product-type-simple"},"acf":[],"_links":{"self":[{"href":"https:\/\/olemosaic.com\/pt-pt\/wp-json\/wp\/v2\/product\/33478","targetHints":{"allow":["GET"]}}],"collection":[{"href":"https:\/\/olemosaic.com\/pt-pt\/wp-json\/wp\/v2\/product"}],"about":[{"href":"https:\/\/olemosaic.com\/pt-pt\/wp-json\/wp\/v2\/types\/product"}],"wp:featuredmedia":[{"embeddable":true,"href":"https:\/\/olemosaic.com\/pt-pt\/wp-json\/wp\/v2\/media\/10490"}],"wp:attachment":[{"href":"https:\/\/olemosaic.com\/pt-pt\/wp-json\/wp\/v2\/media?parent=33478"}],"wp:term":[{"taxonomy":"product_brand","embeddable":true,"href":"https:\/\/olemosaic.com\/pt-pt\/wp-json\/wp\/v2\/product_brand?post=33478"},{"taxonomy":"product_cat","embeddable":true,"href":"https:\/\/olemosaic.com\/pt-pt\/wp-json\/wp\/v2\/product_cat?post=33478"},{"taxonomy":"product_tag","embeddable":true,"href":"https:\/\/olemosaic.com\/pt-pt\/wp-json\/wp\/v2\/product_tag?post=33478"}],"curies":[{"name":"wp","href":"https:\/\/api.w.org\/{rel}","templated":true}]}}