{"id":33464,"date":"2025-02-20T23:33:23","date_gmt":"2025-02-20T22:33:23","guid":{"rendered":"http:\/\/olemosaic.com\/producto\/llavero-de-madera-letra-d-barcelona-2\/"},"modified":"2025-07-25T18:45:07","modified_gmt":"2025-07-25T16:45:07","slug":"porta-chaves-de-madeira-letra-d-barcelona-2","status":"publish","type":"product","link":"https:\/\/olemosaic.com\/pt-pt\/produto\/porta-chaves-de-madeira-letra-d-barcelona-2\/","title":{"rendered":"Porta-chaves de madeira. Letra D. Sagrada Fam\u00edlia. Barcelona."},"content":{"rendered":"<p>Este porta-chaves de madeira com a forma da letra &#8220;D&#8221; \u00e9 uma recorda\u00e7\u00e3o encantadora que capta a ess\u00eancia vibrante de Barcelona. O seu design pintado \u00e0 m\u00e3o apresenta uma representa\u00e7\u00e3o colorida e art\u00edstica dos ic\u00f3nicos monumentos da cidade, como a Sagrada Fam\u00edlia e o Park G\u00fcell, s\u00edmbolos da modernidade catal\u00e3. Com um acabamento brilhante que real\u00e7a ainda mais as cores vivas e uma base branca que atua como tela, este porta-chaves torna-se uma pe\u00e7a funcional e decorativa, ideal para os amantes da arquitetura e da cultura barcelonesa.<\/p>\n<p>O motivo deste porta-chaves destaca a rica heran\u00e7a art\u00edstica da cidade, satisfazendo quem procura souvenirs que, al\u00e9m de serem \u00fateis, contem uma hist\u00f3ria sobre o seu lugar de origem. Ao levar este porta-chaves, os turistas podem levar consigo um peda\u00e7o da emblem\u00e1tica arquitetura de Barcelona, tornando-o uma maravilhosa recorda\u00e7\u00e3o da sua visita.<\/p>\n<p>Na Ol\u00e9 Mosaic, especializamo-nos na distribui\u00e7\u00e3o de souvenirs por grosso, oferecendo produtos aut\u00eanticos e de alta qualidade para lojas de presentes tur\u00edsticos. Este porta-chaves de Barcelona \u00e9 uma excelente op\u00e7\u00e3o para quem procura um souvenir \u00fanico e representativo da cidade, destacando a sua relev\u00e2ncia cultural e apelo visual como um imprescind\u00edvel para qualquer cole\u00e7\u00e3o de recorda\u00e7\u00f5es.<\/p>\n","protected":false},"excerpt":{"rendered":"<p>Porta-chaves de madeira com a forma da letra &#8220;D&#8221;, inspirado na vibrante arquitetura de Barcelona. Este atraente porta-chaves apresenta um design artesanal, pintado \u00e0 m\u00e3o, com detalhes coloridos que evocam os ic\u00f3nicos monumentos da cidade, como a Sagrada Fam\u00edlia e o Park G\u00fcell. Com um acabamento brilhante e uma base branca que real\u00e7a as cores, \u00e9 uma recorda\u00e7\u00e3o perfeita que combina funcionalidade e um toque art\u00edstico representativo da modernidade catal\u00e3.<\/p>\n","protected":false},"featured_media":10489,"template":"","meta":{"_acf_changed":false},"product_brand":[],"product_cat":[611],"product_tag":[],"class_list":{"0":"post-33464","1":"product","2":"type-product","3":"status-publish","4":"has-post-thumbnail","6":"product_cat-porta-chaves","7":"pa_ciudad-barcelona","8":"pa_motivo-letra-d","9":"pa_pais-espana","11":"first","12":"instock","13":"shipping-taxable","14":"product-type-simple"},"acf":[],"_links":{"self":[{"href":"https:\/\/olemosaic.com\/pt-pt\/wp-json\/wp\/v2\/product\/33464","targetHints":{"allow":["GET"]}}],"collection":[{"href":"https:\/\/olemosaic.com\/pt-pt\/wp-json\/wp\/v2\/product"}],"about":[{"href":"https:\/\/olemosaic.com\/pt-pt\/wp-json\/wp\/v2\/types\/product"}],"wp:featuredmedia":[{"embeddable":true,"href":"https:\/\/olemosaic.com\/pt-pt\/wp-json\/wp\/v2\/media\/10489"}],"wp:attachment":[{"href":"https:\/\/olemosaic.com\/pt-pt\/wp-json\/wp\/v2\/media?parent=33464"}],"wp:term":[{"taxonomy":"product_brand","embeddable":true,"href":"https:\/\/olemosaic.com\/pt-pt\/wp-json\/wp\/v2\/product_brand?post=33464"},{"taxonomy":"product_cat","embeddable":true,"href":"https:\/\/olemosaic.com\/pt-pt\/wp-json\/wp\/v2\/product_cat?post=33464"},{"taxonomy":"product_tag","embeddable":true,"href":"https:\/\/olemosaic.com\/pt-pt\/wp-json\/wp\/v2\/product_tag?post=33464"}],"curies":[{"name":"wp","href":"https:\/\/api.w.org\/{rel}","templated":true}]}}