{"id":33463,"date":"2025-02-20T22:33:23","date_gmt":"2025-02-20T22:33:23","guid":{"rendered":"http:\/\/olemosaic.com\/producto\/llavero-de-madera-letra-d\/"},"modified":"2025-07-25T18:45:04","modified_gmt":"2025-07-25T16:45:04","slug":"porta-chaves-de-madeira-letra-d","status":"publish","type":"product","link":"https:\/\/olemosaic.com\/pt-pt\/produto\/porta-chaves-de-madeira-letra-d\/","title":{"rendered":"Porta-chaves de madeira. Letra D."},"content":{"rendered":"<p>Este porta-chaves de madeira com a forma da letra &#8220;D&#8221; \u00e9 um souvenir atraente que encapsula a rica diversidade cultural de Espanha, ideal para quem procura uma recorda\u00e7\u00e3o aut\u00eantica e significativa. Com um design vibrante adornado com mosaicos de cores vivas, este porta-chaves combina funcionalidade e uma express\u00e3o art\u00edstica requintada, refletindo o legado da cer\u00e2mica tradicional espanhola. Os padr\u00f5es geom\u00e9tricos apresentam-se numa encantadora paleta de tons vermelhos, azuis e amarelos, entrela\u00e7ando-se numa variedade de motivos que recordam a heran\u00e7a da arte popular de regi\u00f5es como Sevilha e Granada.<\/p>\n<p>Fabricado em madeira de alta qualidade, este porta-chaves n\u00e3o s\u00f3 serve para manter as chaves organizadas, como tamb\u00e9m atua como uma pe\u00e7a decorativa que adiciona um toque de cor ao dia a dia. A delicada elabora\u00e7\u00e3o artesanal converte cada porta-chaves numa pe\u00e7a \u00fanica, perfeita para personalizar os pertences ou como um presente significativo para amigos e familiares. Na Ol\u00e9 Mosaic, orgulhamo-nos de oferecer souvenirs de qualidade, e este porta-chaves de madeira representa uma excelente op\u00e7\u00e3o para lojas de presentes tur\u00edsticos que procuram produtos aut\u00eanticos. Com o seu design atraente e a sua relev\u00e2ncia cultural, este porta-chaves \u00e9 a recorda\u00e7\u00e3o perfeita que os turistas desejam levar da sua experi\u00eancia em Espanha.<\/p>\n","protected":false},"excerpt":{"rendered":"<p>Porta-chaves de madeira com a forma da letra &#8220;D&#8221;, decorado com um atraente design de mosaicos de cores vibrantes e motivos tradicionais. Este porta-chaves combina a funcionalidade com um toque de arte popular, refletindo a rica heran\u00e7a cultural espanhola. Os tons vermelho, azul e amarelo entrela\u00e7am-se em padr\u00f5es geom\u00e9tricos, convertendo este acess\u00f3rio numa pe\u00e7a \u00fanica e chamativa, ideal para personalizar as suas chaves ou como presente.<\/p>\n","protected":false},"featured_media":9594,"template":"","meta":{"_acf_changed":false},"product_brand":[],"product_cat":[611],"product_tag":[],"class_list":{"0":"post-33463","1":"product","2":"type-product","3":"status-publish","4":"has-post-thumbnail","6":"product_cat-porta-chaves","7":"pa_motivo-letra-d","9":"first","10":"instock","11":"shipping-taxable","12":"product-type-simple"},"acf":[],"_links":{"self":[{"href":"https:\/\/olemosaic.com\/pt-pt\/wp-json\/wp\/v2\/product\/33463","targetHints":{"allow":["GET"]}}],"collection":[{"href":"https:\/\/olemosaic.com\/pt-pt\/wp-json\/wp\/v2\/product"}],"about":[{"href":"https:\/\/olemosaic.com\/pt-pt\/wp-json\/wp\/v2\/types\/product"}],"wp:featuredmedia":[{"embeddable":true,"href":"https:\/\/olemosaic.com\/pt-pt\/wp-json\/wp\/v2\/media\/9594"}],"wp:attachment":[{"href":"https:\/\/olemosaic.com\/pt-pt\/wp-json\/wp\/v2\/media?parent=33463"}],"wp:term":[{"taxonomy":"product_brand","embeddable":true,"href":"https:\/\/olemosaic.com\/pt-pt\/wp-json\/wp\/v2\/product_brand?post=33463"},{"taxonomy":"product_cat","embeddable":true,"href":"https:\/\/olemosaic.com\/pt-pt\/wp-json\/wp\/v2\/product_cat?post=33463"},{"taxonomy":"product_tag","embeddable":true,"href":"https:\/\/olemosaic.com\/pt-pt\/wp-json\/wp\/v2\/product_tag?post=33463"}],"curies":[{"name":"wp","href":"https:\/\/api.w.org\/{rel}","templated":true}]}}