{"id":33462,"date":"2025-02-20T23:33:23","date_gmt":"2025-02-20T22:33:23","guid":{"rendered":"http:\/\/olemosaic.com\/producto\/llavero-de-madera-letra-d-madrid\/"},"modified":"2025-07-25T18:52:22","modified_gmt":"2025-07-25T16:52:22","slug":"porta-chaves-de-madeira-letra-d-madrid","status":"publish","type":"product","link":"https:\/\/olemosaic.com\/pt-pt\/produto\/porta-chaves-de-madeira-letra-d-madrid\/","title":{"rendered":"Porta-chaves de madeira. Letra D. Madrid."},"content":{"rendered":"<p>Este porta-chaves de madeira com a forma da letra &#8220;D&#8221; \u00e9 uma recorda\u00e7\u00e3o atraente que celebra a ess\u00eancia de Madrid, representando o ic\u00f3nico rel\u00f3gio da Puerta del Sol, um local emblem\u00e1tico no cora\u00e7\u00e3o da capital espanhola. Com um design de mosaico vibrante e pintado \u00e0 m\u00e3o, cada detalhe capta a energia e o colorido da cidade: desde a figura com traje tradicional at\u00e9 ao destacado log\u00f3tipo do Metro de Madrid, que simboliza a conectividade e a vida urbana desta metr\u00f3pole. A combina\u00e7\u00e3o de cores vivas e as ilustra\u00e7\u00f5es personalizadas conferem ao porta-chaves um car\u00e1cter \u00fanico, tornando-o n\u00e3o apenas um acess\u00f3rio funcional, mas tamb\u00e9m uma pequena homenagem \u00e0 rica cultura madrilena.<\/p>\n<p>Este souvenir n\u00e3o \u00e9 apenas uma pe\u00e7a decorativa, mas uma recorda\u00e7\u00e3o tang\u00edvel da sua visita, ideal para turistas que procuram levar consigo um peda\u00e7o da hist\u00f3ria e do folclore madrilenos. Sendo um artigo que reflete a autenticidade e o patrim\u00f3nio cultural da cidade, apresenta-se como uma op\u00e7\u00e3o perfeita para lojas de presentes tur\u00edsticos que procuram oferecer produtos de qualidade. Na Ol\u00e9 Mosaic, como grossista de souvenirs, garantimos que cada porta-chaves de madeira deste tipo n\u00e3o s\u00f3 representa o apelo visual de Madrid, mas tamb\u00e9m a sua relev\u00e2ncia cultural e tradi\u00e7\u00e3o \u00fanica.<\/p>\n","protected":false},"excerpt":{"rendered":"<p>Porta-chaves de madeira com a forma da letra &#8220;D&#8221;, que representa o ic\u00f3nico rel\u00f3gio da Puerta del Sol em Madrid. Este atraente porta-chaves combina uma t\u00e9cnica de design em mosaico com cores vibrantes que ilustram detalhes culturais, como uma figura com traje tradicional e o emblem\u00e1tico log\u00f3tipo do Metro de Madrid. O seu design artesanal, pintado \u00e0 m\u00e3o, reflete o encanto e a ess\u00eancia da capital espanhola, tornando-o uma recorda\u00e7\u00e3o ideal para rememorar a sua visita a Madrid.<\/p>\n","protected":false},"featured_media":10836,"template":"","meta":{"_acf_changed":false},"product_brand":[],"product_cat":[611],"product_tag":[],"class_list":{"0":"post-33462","1":"product","2":"type-product","3":"status-publish","4":"has-post-thumbnail","6":"product_cat-porta-chaves","7":"pa_ciudad-madrid","8":"pa_motivo-letra-d","9":"pa_pais-espana","11":"first","12":"instock","13":"shipping-taxable","14":"product-type-simple"},"acf":[],"_links":{"self":[{"href":"https:\/\/olemosaic.com\/pt-pt\/wp-json\/wp\/v2\/product\/33462","targetHints":{"allow":["GET"]}}],"collection":[{"href":"https:\/\/olemosaic.com\/pt-pt\/wp-json\/wp\/v2\/product"}],"about":[{"href":"https:\/\/olemosaic.com\/pt-pt\/wp-json\/wp\/v2\/types\/product"}],"wp:featuredmedia":[{"embeddable":true,"href":"https:\/\/olemosaic.com\/pt-pt\/wp-json\/wp\/v2\/media\/10836"}],"wp:attachment":[{"href":"https:\/\/olemosaic.com\/pt-pt\/wp-json\/wp\/v2\/media?parent=33462"}],"wp:term":[{"taxonomy":"product_brand","embeddable":true,"href":"https:\/\/olemosaic.com\/pt-pt\/wp-json\/wp\/v2\/product_brand?post=33462"},{"taxonomy":"product_cat","embeddable":true,"href":"https:\/\/olemosaic.com\/pt-pt\/wp-json\/wp\/v2\/product_cat?post=33462"},{"taxonomy":"product_tag","embeddable":true,"href":"https:\/\/olemosaic.com\/pt-pt\/wp-json\/wp\/v2\/product_tag?post=33462"}],"curies":[{"name":"wp","href":"https:\/\/api.w.org\/{rel}","templated":true}]}}