{"id":33456,"date":"2025-02-20T23:33:23","date_gmt":"2025-02-20T22:33:23","guid":{"rendered":"http:\/\/olemosaic.com\/producto\/llavero-de-madera-letra-c-barcelona-2\/"},"modified":"2025-07-25T18:44:33","modified_gmt":"2025-07-25T16:44:33","slug":"porta-chaves-de-madeira-letra-c-barcelona-2","status":"publish","type":"product","link":"https:\/\/olemosaic.com\/pt-pt\/produto\/porta-chaves-de-madeira-letra-c-barcelona-2\/","title":{"rendered":"Porta-chaves de madeira. Letra C. Sagrada Fam\u00edlia. Barcelona."},"content":{"rendered":"<p>Este porta-chaves de madeira com a forma da letra &#8220;C&#8221; \u00e9 uma fiel representa\u00e7\u00e3o do ic\u00f3nico skyline de Barcelona, tornando-se um souvenir imprescind\u00edvel para quem deseja levar um pedacinho desta vibrante cidade consigo. A letra &#8220;C&#8221; parece estar pintada \u00e0 m\u00e3o com uma colorida e detalhada ilustra\u00e7\u00e3o da Sagrada Fam\u00edlia, a obra-prima de Antoni Gaud\u00ed, juntamente com outros elementos emblem\u00e1ticos da cidade, como as sinuosas fachadas do modernismo catal\u00e3o e as cores vibrantes que caracterizam a est\u00e9tica barcelonesa.<\/p>\n<p>O acabamento polido deste porta-chaves n\u00e3o s\u00f3 acrescenta um toque de sofistica\u00e7\u00e3o, como tamb\u00e9m real\u00e7a o meticuloso trabalho artesanal que reflete a rica heran\u00e7a cultural de Barcelona. Este detalhe torna-o um presente ideal para amigos e familiares, bem como uma recorda\u00e7\u00e3o memor\u00e1vel para os turistas que visitam a cidade. Al\u00e9m disso, o seu design leve e compacto torna-o perfeito para as chaves de casa, do carro ou at\u00e9 como um acess\u00f3rio decorativo em mochilas. Na Ol\u00e9 Mosaic, como grossistas de souvenirs, oferecemos produtos aut\u00eanticos e de qualidade que capturam a ess\u00eancia de cada lugar. Este porta-chaves \u00e9 uma excelente op\u00e7\u00e3o para lojas de presentes tur\u00edsticos que procuram artigos significativos e representativos de Barcelona.<\/p>\n","protected":false},"excerpt":{"rendered":"<p>Porta-chaves de madeira com a forma da letra &#8220;C&#8221;, inspirado no emblem\u00e1tico skyline de Barcelona. Este atraente porta-chaves apresenta uma colorida representa\u00e7\u00e3o da Sagrada Fam\u00edlia e outros elementos ic\u00f3nicos da cidade, real\u00e7ando o seu design artesanal, pintado \u00e0 m\u00e3o, com cores vivas que refletem a ess\u00eancia do modernismo catal\u00e3o. Com um acabamento polido, \u00e9 um souvenir perfeito para recordar a sua visita a Barcelona ou para oferecer a quem ama esta vibrante cidade.<\/p>\n","protected":false},"featured_media":10488,"template":"","meta":{"_acf_changed":false},"product_brand":[],"product_cat":[611],"product_tag":[612],"class_list":{"0":"post-33456","1":"product","2":"type-product","3":"status-publish","4":"has-post-thumbnail","6":"product_cat-porta-chaves","7":"product_tag-cartas","8":"pa_ciudad-barcelona","9":"pa_motivo-letra-c","10":"pa_pais-espana","12":"first","13":"instock","14":"shipping-taxable","15":"product-type-simple"},"acf":[],"_links":{"self":[{"href":"https:\/\/olemosaic.com\/pt-pt\/wp-json\/wp\/v2\/product\/33456","targetHints":{"allow":["GET"]}}],"collection":[{"href":"https:\/\/olemosaic.com\/pt-pt\/wp-json\/wp\/v2\/product"}],"about":[{"href":"https:\/\/olemosaic.com\/pt-pt\/wp-json\/wp\/v2\/types\/product"}],"wp:featuredmedia":[{"embeddable":true,"href":"https:\/\/olemosaic.com\/pt-pt\/wp-json\/wp\/v2\/media\/10488"}],"wp:attachment":[{"href":"https:\/\/olemosaic.com\/pt-pt\/wp-json\/wp\/v2\/media?parent=33456"}],"wp:term":[{"taxonomy":"product_brand","embeddable":true,"href":"https:\/\/olemosaic.com\/pt-pt\/wp-json\/wp\/v2\/product_brand?post=33456"},{"taxonomy":"product_cat","embeddable":true,"href":"https:\/\/olemosaic.com\/pt-pt\/wp-json\/wp\/v2\/product_cat?post=33456"},{"taxonomy":"product_tag","embeddable":true,"href":"https:\/\/olemosaic.com\/pt-pt\/wp-json\/wp\/v2\/product_tag?post=33456"}],"curies":[{"name":"wp","href":"https:\/\/api.w.org\/{rel}","templated":true}]}}