{"id":33455,"date":"2025-02-20T23:33:23","date_gmt":"2025-02-20T22:33:23","guid":{"rendered":"http:\/\/olemosaic.com\/producto\/llavero-de-madera-letra-c-sevilla\/"},"modified":"2025-07-25T19:40:52","modified_gmt":"2025-07-25T17:40:52","slug":"porta-chaves-de-madeira-letra-c-sevilha","status":"publish","type":"product","link":"https:\/\/olemosaic.com\/pt-pt\/produto\/porta-chaves-de-madeira-letra-c-sevilha\/","title":{"rendered":"Porta-chaves de madeira. Letra C. Sevilha."},"content":{"rendered":"<p>Este porta-chaves de madeira com a forma da letra &#8220;C&#8221; \u00e9 uma encantadora recorda\u00e7\u00e3o inspirada na vibrante cidade de Sevilha. O seu design colorido apresenta ilustra\u00e7\u00f5es ic\u00f3nicas, como a impressionante Giralda, um s\u00edmbolo emblem\u00e1tico do Patrim\u00f3nio Cultural da Humanidade. Al\u00e9m disso, o porta-chaves incorpora elementos distintivos que evocam a ess\u00eancia desta maravilhosa cidade andaluza, como fachadas adornadas, palmeiras e detalhes arquitet\u00f3nicos caracter\u00edsticos.<\/p>\n<p>A t\u00e9cnica de mosaico de cer\u00e2mica utilizada no seu acabamento real\u00e7a uma vibrante paleta de cores que captura o calor e a alegria de Sevilha. Este acess\u00f3rio n\u00e3o \u00e9 apenas funcional, mas tamb\u00e9m atua como um lembrete do rico legado cultural e art\u00edstico da regi\u00e3o. A letra &#8220;C&#8221; torna-o um presente ideal para quem procura um detalhe pessoal e significativo que simbolize a sua liga\u00e7\u00e3o com Sevilha.<\/p>\n<p>Na Ol\u00e9 Mosaic, orgulhamo-nos de oferecer recorda\u00e7\u00f5es aut\u00eanticas que representam o melhor da cultura espanhola. Este porta-chaves de madeira \u00e9 uma excelente op\u00e7\u00e3o para lojas de presentes tur\u00edsticos que desejem oferecer produtos \u00fanicos e representativos. Gra\u00e7as \u00e0 nossa experi\u00eancia como grossistas de souvenirs, garantimos qualidade e autenticidade em cada pe\u00e7a, tornando este porta-chaves a recorda\u00e7\u00e3o perfeita para levar um peda\u00e7o de Sevilha para casa.<\/p>\n","protected":false},"excerpt":{"rendered":"<p>Porta-chaves de madeira com a forma da letra &#8220;C&#8221;, inspirado em Sevilha. Este porta-chaves apresenta um design colorido com ilustra\u00e7\u00f5es ic\u00f3nicas, como a Giralda e outros elementos emblem\u00e1ticos da cidade. Acabado com t\u00e9cnicas de mosaico de cer\u00e2mica, mostra uma vibrante paleta de cores que captura a ess\u00eancia sevilhana. Um acess\u00f3rio ideal para recordar a beleza desta encantadora cidade andaluza.<\/p>\n","protected":false},"featured_media":10887,"template":"","meta":{"_acf_changed":false},"product_brand":[],"product_cat":[611],"product_tag":[612],"class_list":{"0":"post-33455","1":"product","2":"type-product","3":"status-publish","4":"has-post-thumbnail","6":"product_cat-porta-chaves","7":"product_tag-cartas","8":"pa_ciudad-sevilla","9":"pa_motivo-letra-c","10":"pa_pais-espana","12":"first","13":"instock","14":"shipping-taxable","15":"product-type-simple"},"acf":[],"_links":{"self":[{"href":"https:\/\/olemosaic.com\/pt-pt\/wp-json\/wp\/v2\/product\/33455","targetHints":{"allow":["GET"]}}],"collection":[{"href":"https:\/\/olemosaic.com\/pt-pt\/wp-json\/wp\/v2\/product"}],"about":[{"href":"https:\/\/olemosaic.com\/pt-pt\/wp-json\/wp\/v2\/types\/product"}],"wp:featuredmedia":[{"embeddable":true,"href":"https:\/\/olemosaic.com\/pt-pt\/wp-json\/wp\/v2\/media\/10887"}],"wp:attachment":[{"href":"https:\/\/olemosaic.com\/pt-pt\/wp-json\/wp\/v2\/media?parent=33455"}],"wp:term":[{"taxonomy":"product_brand","embeddable":true,"href":"https:\/\/olemosaic.com\/pt-pt\/wp-json\/wp\/v2\/product_brand?post=33455"},{"taxonomy":"product_cat","embeddable":true,"href":"https:\/\/olemosaic.com\/pt-pt\/wp-json\/wp\/v2\/product_cat?post=33455"},{"taxonomy":"product_tag","embeddable":true,"href":"https:\/\/olemosaic.com\/pt-pt\/wp-json\/wp\/v2\/product_tag?post=33455"}],"curies":[{"name":"wp","href":"https:\/\/api.w.org\/{rel}","templated":true}]}}