{"id":33454,"date":"2025-02-20T23:33:22","date_gmt":"2025-02-20T22:33:22","guid":{"rendered":"http:\/\/olemosaic.com\/producto\/llavero-de-madera-letra-b-2\/"},"modified":"2025-07-25T19:56:15","modified_gmt":"2025-07-25T17:56:15","slug":"porta-chaves-de-madeira-letra-b-2","status":"publish","type":"product","link":"https:\/\/olemosaic.com\/pt-pt\/produto\/porta-chaves-de-madeira-letra-b-2\/","title":{"rendered":"Porta-chaves de madeira. Letra B. Cer\u00e2mica espanhola."},"content":{"rendered":"<p>Este porta-chaves de madeira com a forma da letra &#8220;B&#8221; \u00e9 uma recorda\u00e7\u00e3o encantadora e distintiva que captura a ess\u00eancia do design tradicional espanhol. Elaborado com materiais de alta qualidade, este artigo destaca-se pelo seu vibrante acabamento em tons de vermelho, azul e amarelo, que evocam a rica paleta dos mosaicos cer\u00e2micos t\u00edpicos de Espanha. Cada sec\u00e7\u00e3o da letra \u00e9 adornada com padr\u00f5es intrincados que refletem a diversidade cultural e art\u00edstica do pa\u00eds. A forma \u00fanica da &#8220;B&#8221; torna-o um acess\u00f3rio personaliz\u00e1vel ideal, tanto para quem deseja levar consigo uma inicial como para aqueles que procuram uma recorda\u00e7\u00e3o aut\u00eantica que os ligue \u00e0 cultura espanhola.<\/p>\n<p>A leveza deste porta-chaves torna-o pr\u00e1tico para o uso di\u00e1rio, enquanto o seu design colorido e atraente o torna um excelente tema de conversa e uma recorda\u00e7\u00e3o memor\u00e1vel das tradi\u00e7\u00f5es locais. A sua liga\u00e7\u00e3o com a rica heran\u00e7a artesanal de Espanha enfatiza o seu valor como um souvenir de qualidade, perfeito para turistas que desejam levar um peda\u00e7o da cultura espanhola para casa. Na Ol\u00e9 Mosaic, como grossistas de souvenirs, oferecemos produtos aut\u00eanticos e representativos, fazendo deste porta-chaves uma op\u00e7\u00e3o estelar para lojas de presentes tur\u00edsticos que procuram artigos \u00fanicos que celebrem a ess\u00eancia de Espanha.<\/p>\n","protected":false},"excerpt":{"rendered":"<p>Porta-chaves de madeira com a forma da letra &#8220;B&#8221;, adornado com coloridos mosaicos inspirados no design tradicional espanhol. Este artigo apresenta um acabamento em vibrantes tons de vermelho, azul e amarelo, que recria uma atraente mistura de padr\u00f5es cer\u00e2micos t\u00edpicos. O seu design leve e pr\u00e1tico torna-o um acess\u00f3rio ideal para personalizar o seu porta-chaves, e a sua est\u00e9tica real\u00e7a a rica heran\u00e7a cultural de Espanha.<\/p>\n","protected":false},"featured_media":9592,"template":"","meta":{"_acf_changed":false},"product_brand":[],"product_cat":[611],"product_tag":[612],"class_list":{"0":"post-33454","1":"product","2":"type-product","3":"status-publish","4":"has-post-thumbnail","6":"product_cat-porta-chaves","7":"product_tag-cartas","8":"pa_motivo-letra-b","10":"first","11":"instock","12":"shipping-taxable","13":"product-type-simple"},"acf":[],"_links":{"self":[{"href":"https:\/\/olemosaic.com\/pt-pt\/wp-json\/wp\/v2\/product\/33454","targetHints":{"allow":["GET"]}}],"collection":[{"href":"https:\/\/olemosaic.com\/pt-pt\/wp-json\/wp\/v2\/product"}],"about":[{"href":"https:\/\/olemosaic.com\/pt-pt\/wp-json\/wp\/v2\/types\/product"}],"wp:featuredmedia":[{"embeddable":true,"href":"https:\/\/olemosaic.com\/pt-pt\/wp-json\/wp\/v2\/media\/9592"}],"wp:attachment":[{"href":"https:\/\/olemosaic.com\/pt-pt\/wp-json\/wp\/v2\/media?parent=33454"}],"wp:term":[{"taxonomy":"product_brand","embeddable":true,"href":"https:\/\/olemosaic.com\/pt-pt\/wp-json\/wp\/v2\/product_brand?post=33454"},{"taxonomy":"product_cat","embeddable":true,"href":"https:\/\/olemosaic.com\/pt-pt\/wp-json\/wp\/v2\/product_cat?post=33454"},{"taxonomy":"product_tag","embeddable":true,"href":"https:\/\/olemosaic.com\/pt-pt\/wp-json\/wp\/v2\/product_tag?post=33454"}],"curies":[{"name":"wp","href":"https:\/\/api.w.org\/{rel}","templated":true}]}}