{"id":33453,"date":"2025-02-20T23:33:22","date_gmt":"2025-02-20T22:33:22","guid":{"rendered":"http:\/\/olemosaic.com\/producto\/llavero-de-madera-letra-b-valencia\/"},"modified":"2025-07-25T19:41:04","modified_gmt":"2025-07-25T17:41:04","slug":"porta-chaves-de-madeira-letra-b-valencia","status":"publish","type":"product","link":"https:\/\/olemosaic.com\/pt-pt\/produto\/porta-chaves-de-madeira-letra-b-valencia\/","title":{"rendered":"Porta-chaves de madeira. Letra B. Val\u00eancia."},"content":{"rendered":"<p>Este porta-chaves de madeira com a forma da letra &#8220;B&#8221; \u00e9 uma recorda\u00e7\u00e3o encantadora que captura a ess\u00eancia vibrante de Val\u00eancia. Com um design elaborado e pintado \u00e0 m\u00e3o, este porta-chaves destaca-se pelos seus coloridos motivos vidrados que prestam homenagem a dois dos monumentos mais emblem\u00e1ticos da cidade: a impressionante Catedral de Val\u00eancia, com o seu not\u00e1vel campan\u00e1rio, e a futurista Cidade das Artes e das Ci\u00eancias, que reflete a modernidade e criatividade arquitet\u00f3nica da regi\u00e3o. A disposi\u00e7\u00e3o das cores vivas e os detalhes intrincados conferem-lhe um car\u00e1ter \u00fanico, tornando-o um souvenir muito representativo que os turistas querer\u00e3o levar.<\/p>\n<p>Este porta-chaves n\u00e3o \u00e9 apenas uma ferramenta pr\u00e1tica para manter as chaves organizadas, mas tamb\u00e9m representa um pedacinho da rica cultura valenciana. Cada vez que \u00e9 utilizado, evoca recorda\u00e7\u00f5es de passeios pelas pitorescas ruas de Val\u00eancia, onde a hist\u00f3ria e a inova\u00e7\u00e3o convivem. Na Ol\u00e9 Mosaic, especializamo-nos na distribui\u00e7\u00e3o de souvenirs de qualidade por grosso, e este porta-chaves \u00e9 uma escolha perfeita para lojas de presentes tur\u00edsticos que procuram artigos aut\u00eanticos e significativos. Combinando artesanato e um design atraente, este porta-chaves de Val\u00eancia atrair\u00e1 sem d\u00favida quem procura uma forma de recordar a sua visita a esta maravilhosa cidade.<\/p>\n","protected":false},"excerpt":{"rendered":"<p>Porta-chaves de madeira com a forma da letra &#8220;B&#8221;, inspirado na arquitetura de Val\u00eancia. Este colorido porta-chaves apresenta um design artesanal, pintado \u00e0 m\u00e3o, com belos motivos vidrados que representam elementos emblem\u00e1ticos da cidade, como a Catedral e a Cidade das Artes e das Ci\u00eancias. Com um acabamento vibrante e detalhes intrincados em v\u00e1rias cores, esta recorda\u00e7\u00e3o \u00e9 perfeita para levar um peda\u00e7o de Val\u00eancia consigo.<\/p>\n","protected":false},"featured_media":10860,"template":"","meta":{"_acf_changed":false},"product_brand":[],"product_cat":[611],"product_tag":[612],"class_list":{"0":"post-33453","1":"product","2":"type-product","3":"status-publish","4":"has-post-thumbnail","6":"product_cat-porta-chaves","7":"product_tag-cartas","8":"pa_ciudad-valencia","9":"pa_motivo-letra-b","10":"pa_pais-espana","12":"first","13":"instock","14":"shipping-taxable","15":"product-type-simple"},"acf":[],"_links":{"self":[{"href":"https:\/\/olemosaic.com\/pt-pt\/wp-json\/wp\/v2\/product\/33453","targetHints":{"allow":["GET"]}}],"collection":[{"href":"https:\/\/olemosaic.com\/pt-pt\/wp-json\/wp\/v2\/product"}],"about":[{"href":"https:\/\/olemosaic.com\/pt-pt\/wp-json\/wp\/v2\/types\/product"}],"wp:featuredmedia":[{"embeddable":true,"href":"https:\/\/olemosaic.com\/pt-pt\/wp-json\/wp\/v2\/media\/10860"}],"wp:attachment":[{"href":"https:\/\/olemosaic.com\/pt-pt\/wp-json\/wp\/v2\/media?parent=33453"}],"wp:term":[{"taxonomy":"product_brand","embeddable":true,"href":"https:\/\/olemosaic.com\/pt-pt\/wp-json\/wp\/v2\/product_brand?post=33453"},{"taxonomy":"product_cat","embeddable":true,"href":"https:\/\/olemosaic.com\/pt-pt\/wp-json\/wp\/v2\/product_cat?post=33453"},{"taxonomy":"product_tag","embeddable":true,"href":"https:\/\/olemosaic.com\/pt-pt\/wp-json\/wp\/v2\/product_tag?post=33453"}],"curies":[{"name":"wp","href":"https:\/\/api.w.org\/{rel}","templated":true}]}}