{"id":33440,"date":"2025-02-20T23:33:22","date_gmt":"2025-02-20T22:33:22","guid":{"rendered":"http:\/\/olemosaic.com\/producto\/llavero-de-madera-letra-a-barcelona-2\/"},"modified":"2025-07-25T19:51:45","modified_gmt":"2025-07-25T17:51:45","slug":"porta-chaves-de-madeira-letra-a-barcelona-2","status":"publish","type":"product","link":"https:\/\/olemosaic.com\/pt-pt\/produto\/porta-chaves-de-madeira-letra-a-barcelona-2\/","title":{"rendered":"Porta-chaves de madeira. Letra A. Sagrada Fam\u00edlia. Barcelona."},"content":{"rendered":"<p>Este porta-chaves de madeira com a forma da letra &#8220;A&#8221; \u00e9 uma recorda\u00e7\u00e3o excecional que capta a ess\u00eancia de Barcelona e da sua majestosa Sagrada Fam\u00edlia, a obra-prima de Antoni Gaud\u00ed. O seu design vibrante e detalhado apresenta uma representa\u00e7\u00e3o requintada das ic\u00f3nicas torres e dos coloridos mosaicos da catedral, evocando a magia e a singularidade da arquitetura modernista catal\u00e3. Cada elemento arquitet\u00f3nico foi tratado com meticulosidade, oferecendo aos turistas uma janela para a fascinante hist\u00f3ria cultural da cidade.<\/p>\n<p>O acabamento brilhante do porta-chaves n\u00e3o s\u00f3 real\u00e7a as cores ricas, como tamb\u00e9m proporciona uma durabilidade que garante que esta recorda\u00e7\u00e3o se mantenha em perfeito estado ao longo do tempo. Este porta-chaves \u00e9 mais do que um simples acess\u00f3rio para manter as chaves organizadas; \u00e9 um aut\u00eantico peda\u00e7o de arte que funciona como um lembrete di\u00e1rio da beleza de Barcelona. Ideal para quem procura recorda\u00e7\u00f5es da cidade, este porta-chaves reflete a autenticidade da cultura catal\u00e3, o que o torna uma excelente op\u00e7\u00e3o para lojas de presentes tur\u00edsticos.<\/p>\n<p>Na Ol\u00e9 Mosaic, oferecemos porta-chaves por grosso que celebram a tradi\u00e7\u00e3o art\u00edstica de Espanha, proporcionando aos nossos clientes produtos de qualidade que captam a ess\u00eancia dos seus destinos. Este porta-chaves da Sagrada Fam\u00edlia \u00e9 uma pe\u00e7a representativa que, sem d\u00favida, atrair\u00e1 os visitantes que procuram recorda\u00e7\u00f5es \u00fanicas e significativas da sua experi\u00eancia em Barcelona.<\/p>\n","protected":false},"excerpt":{"rendered":"<p>Porta-chaves de madeira com a forma da letra &#8220;A&#8221;, inspirado na ic\u00f3nica Sagrada Fam\u00edlia de Barcelona. Este chamativo porta-chaves apresenta um design colorido e detalhado, com ilustra\u00e7\u00f5es que real\u00e7am os elementos arquitet\u00f3nicos da obra de Gaud\u00ed, como as torres e os vibrantes mosaicos. Com um acabamento brilhante, esta recorda\u00e7\u00e3o \u00e9 perfeita para evocar a magia de Barcelona, ao mesmo tempo que mant\u00e9m as suas chaves organizadas e \u00e0 m\u00e3o.<\/p>\n","protected":false},"featured_media":10486,"template":"","meta":{"_acf_changed":false},"product_brand":[],"product_cat":[611],"product_tag":[612],"class_list":{"0":"post-33440","1":"product","2":"type-product","3":"status-publish","4":"has-post-thumbnail","6":"product_cat-porta-chaves","7":"product_tag-cartas","8":"pa_ciudad-barcelona","9":"pa_motivo-letra-a","10":"pa_pais-espana","12":"first","13":"instock","14":"shipping-taxable","15":"product-type-simple"},"acf":[],"_links":{"self":[{"href":"https:\/\/olemosaic.com\/pt-pt\/wp-json\/wp\/v2\/product\/33440","targetHints":{"allow":["GET"]}}],"collection":[{"href":"https:\/\/olemosaic.com\/pt-pt\/wp-json\/wp\/v2\/product"}],"about":[{"href":"https:\/\/olemosaic.com\/pt-pt\/wp-json\/wp\/v2\/types\/product"}],"wp:featuredmedia":[{"embeddable":true,"href":"https:\/\/olemosaic.com\/pt-pt\/wp-json\/wp\/v2\/media\/10486"}],"wp:attachment":[{"href":"https:\/\/olemosaic.com\/pt-pt\/wp-json\/wp\/v2\/media?parent=33440"}],"wp:term":[{"taxonomy":"product_brand","embeddable":true,"href":"https:\/\/olemosaic.com\/pt-pt\/wp-json\/wp\/v2\/product_brand?post=33440"},{"taxonomy":"product_cat","embeddable":true,"href":"https:\/\/olemosaic.com\/pt-pt\/wp-json\/wp\/v2\/product_cat?post=33440"},{"taxonomy":"product_tag","embeddable":true,"href":"https:\/\/olemosaic.com\/pt-pt\/wp-json\/wp\/v2\/product_tag?post=33440"}],"curies":[{"name":"wp","href":"https:\/\/api.w.org\/{rel}","templated":true}]}}