{"id":33439,"date":"2025-02-20T23:33:22","date_gmt":"2025-02-20T22:33:22","guid":{"rendered":"http:\/\/olemosaic.com\/producto\/llavero-de-madera-letra-a-2\/"},"modified":"2025-07-25T18:43:06","modified_gmt":"2025-07-25T16:43:06","slug":"porta-chaves-de-madeira-letra-a-2","status":"publish","type":"product","link":"https:\/\/olemosaic.com\/pt-pt\/produto\/porta-chaves-de-madeira-letra-a-2\/","title":{"rendered":"Porta-chaves de madeira. Letra A. Mosaico."},"content":{"rendered":"<p>Este porta-chaves de madeira com a forma da letra &#8220;A&#8221; \u00e9 uma recorda\u00e7\u00e3o encantadora inspirada na obra do c\u00e9lebre arquiteto Antoni Gaud\u00ed, que capta a ess\u00eancia do modernismo catal\u00e3o. Decorado com um design vibrante de mosaico, apresenta uma explos\u00e3o de cores chamativas, como o azul intenso, o vermelho vibrante e o verde brilhante, sobre um fundo branco que evoca o caracter\u00edstico trencad\u00eds, uma t\u00e9cnica que Gaud\u00ed popularizou em obras como o Parque G\u00fcell e a Casa Batll\u00f3. O acabamento detalhado e a cuidada mestria artesanal deste porta-chaves n\u00e3o s\u00f3 o tornam num acess\u00f3rio pr\u00e1tico para personalizar as suas chaves, mas tamb\u00e9m numa pe\u00e7a decorativa que celebra o patrim\u00f3nio cultural de Barcelona.<\/p>\n<p>O seu tamanho compacto torna-o ideal para levar na mala ou no bolso, permitindo aos turistas levar um pedacinho de Barcelona para onde quer que v\u00e3o. Este porta-chaves n\u00e3o \u00e9 apenas um artigo de uso di\u00e1rio, mas uma recorda\u00e7\u00e3o aut\u00eantica que real\u00e7a a riqueza art\u00edstica da cidade e a sua liga\u00e7\u00e3o com a obra de Gaud\u00ed. Na Ol\u00e9 Mosaic sabemos que cada recorda\u00e7\u00e3o conta uma hist\u00f3ria, e este porta-chaves de madeira \u00e9 uma excelente op\u00e7\u00e3o para lojas de presentes tur\u00edsticos que procuram oferecer produtos \u00fanicos e representativos da cultura espanhola. Como grossistas de presentes e recorda\u00e7\u00f5es, procuramos real\u00e7ar a autenticidade e o valor cultural de cada pe\u00e7a, garantindo qualidade e artesanato em cada detalhe.<\/p>\n","protected":false},"excerpt":{"rendered":"<p>Porta-chaves de madeira com a letra &#8220;A&#8221;, decorado com um design vibrante de mosaico inspirado na obra do famoso arquiteto Antoni Gaud\u00ed. Este porta-chaves combina cores chamativas como o azul, vermelho e verde sobre um fundo branco, evocando o estilo do trencad\u00eds, t\u00e3o caracter\u00edstico de Barcelona. O seu tamanho compacto e o seu acabamento detalhado tornam-no numa bonita recorda\u00e7\u00e3o e num pr\u00e1tico acess\u00f3rio ideal para personalizar as suas chaves.<\/p>\n","protected":false},"featured_media":10920,"template":"","meta":{"_acf_changed":false},"product_brand":[],"product_cat":[611],"product_tag":[612],"class_list":{"0":"post-33439","1":"product","2":"type-product","3":"status-publish","4":"has-post-thumbnail","6":"product_cat-porta-chaves","7":"product_tag-cartas","8":"pa_motivo-letra-a","10":"first","11":"instock","12":"shipping-taxable","13":"product-type-simple"},"acf":[],"_links":{"self":[{"href":"https:\/\/olemosaic.com\/pt-pt\/wp-json\/wp\/v2\/product\/33439","targetHints":{"allow":["GET"]}}],"collection":[{"href":"https:\/\/olemosaic.com\/pt-pt\/wp-json\/wp\/v2\/product"}],"about":[{"href":"https:\/\/olemosaic.com\/pt-pt\/wp-json\/wp\/v2\/types\/product"}],"wp:featuredmedia":[{"embeddable":true,"href":"https:\/\/olemosaic.com\/pt-pt\/wp-json\/wp\/v2\/media\/10920"}],"wp:attachment":[{"href":"https:\/\/olemosaic.com\/pt-pt\/wp-json\/wp\/v2\/media?parent=33439"}],"wp:term":[{"taxonomy":"product_brand","embeddable":true,"href":"https:\/\/olemosaic.com\/pt-pt\/wp-json\/wp\/v2\/product_brand?post=33439"},{"taxonomy":"product_cat","embeddable":true,"href":"https:\/\/olemosaic.com\/pt-pt\/wp-json\/wp\/v2\/product_cat?post=33439"},{"taxonomy":"product_tag","embeddable":true,"href":"https:\/\/olemosaic.com\/pt-pt\/wp-json\/wp\/v2\/product_tag?post=33439"}],"curies":[{"name":"wp","href":"https:\/\/api.w.org\/{rel}","templated":true}]}}