{"id":33437,"date":"2025-02-20T22:33:21","date_gmt":"2025-02-20T22:33:21","guid":{"rendered":"http:\/\/olemosaic.com\/producto\/llavero-de-madera-letra-a-mosaico\/"},"modified":"2025-07-25T18:59:17","modified_gmt":"2025-07-25T16:59:17","slug":"porta-chaves-de-madeira-letra-a-mosaico","status":"publish","type":"product","link":"https:\/\/olemosaic.com\/pt-pt\/produto\/porta-chaves-de-madeira-letra-a-mosaico\/","title":{"rendered":"Porta-chaves de madeira. Letra A. Mosaico."},"content":{"rendered":"<p>Este porta-chaves de madeira com a forma da letra &#8220;A&#8221; \u00e9 uma recorda\u00e7\u00e3o distinta que capta a ess\u00eancia da arte cer\u00e2mica espanhola. Com um design vibrante de mosaico, este acess\u00f3rio integra uma mistura deslumbrante de cores, como vermelho, amarelo, verde e azul, transformando cada porta-chaves numa vis\u00e3o alegre e colorida que recorda os mosaicos caracter\u00edsticos da arquitetura espanhola. A forma da letra &#8220;A&#8221; torna-o n\u00e3o s\u00f3 num objeto funcional para personalizar chaves, mas tamb\u00e9m num acess\u00f3rio encantador para malas ou mochilas, acrescentando um toque de estilo pessoal.<\/p>\n<p>A mestria artesanal por tr\u00e1s deste porta-chaves reflete o rico patrim\u00f3nio cultural de Espanha, onde a cer\u00e2mica e o mosaico t\u00eam sido parte integrante da sua hist\u00f3ria art\u00edstica h\u00e1 s\u00e9culos. Este porta-chaves \u00e9 um excelente representante da diversidade cultural espanhola, ideal para os turistas que procuram recorda\u00e7\u00f5es aut\u00eanticas que contam uma hist\u00f3ria. Na Ol\u00e9 Mosaic, como distribuidores de recorda\u00e7\u00f5es por grosso, oferecemos produtos que se destacam pela sua qualidade e liga\u00e7\u00e3o cultural. Este porta-chaves de madeira n\u00e3o \u00e9 apenas um artigo atraente, mas tamb\u00e9m se torna uma recorda\u00e7\u00e3o significativa e representativa de Espanha, perfeito para qualquer loja de presentes tur\u00edsticos que deseje oferecer um toque \u00fanico aos seus clientes.<\/p>\n","protected":false},"excerpt":{"rendered":"<p>Porta-chaves de madeira com a forma da letra &#8220;A&#8221;, decorado com um design vibrante de mosaico que evoca a arte da cer\u00e2mica espanhola. Este porta-chaves apresenta uma mistura de cores brilhantes, como vermelho, amarelo, verde e azul, que o fazem destacar-se. Ideal para personalizar chaves ou como adorno para a mala, combina funcionalidade e estilo, tornando-se uma recorda\u00e7\u00e3o perfeita da cultura art\u00edstica espanhola.<\/p>\n","protected":false},"featured_media":10751,"template":"","meta":{"_acf_changed":false},"product_brand":[],"product_cat":[611],"product_tag":[612],"class_list":{"0":"post-33437","1":"product","2":"type-product","3":"status-publish","4":"has-post-thumbnail","6":"product_cat-porta-chaves","7":"product_tag-cartas","8":"pa_motivo-letra-a","10":"first","11":"instock","12":"shipping-taxable","13":"product-type-simple"},"acf":[],"_links":{"self":[{"href":"https:\/\/olemosaic.com\/pt-pt\/wp-json\/wp\/v2\/product\/33437","targetHints":{"allow":["GET"]}}],"collection":[{"href":"https:\/\/olemosaic.com\/pt-pt\/wp-json\/wp\/v2\/product"}],"about":[{"href":"https:\/\/olemosaic.com\/pt-pt\/wp-json\/wp\/v2\/types\/product"}],"wp:featuredmedia":[{"embeddable":true,"href":"https:\/\/olemosaic.com\/pt-pt\/wp-json\/wp\/v2\/media\/10751"}],"wp:attachment":[{"href":"https:\/\/olemosaic.com\/pt-pt\/wp-json\/wp\/v2\/media?parent=33437"}],"wp:term":[{"taxonomy":"product_brand","embeddable":true,"href":"https:\/\/olemosaic.com\/pt-pt\/wp-json\/wp\/v2\/product_brand?post=33437"},{"taxonomy":"product_cat","embeddable":true,"href":"https:\/\/olemosaic.com\/pt-pt\/wp-json\/wp\/v2\/product_cat?post=33437"},{"taxonomy":"product_tag","embeddable":true,"href":"https:\/\/olemosaic.com\/pt-pt\/wp-json\/wp\/v2\/product_tag?post=33437"}],"curies":[{"name":"wp","href":"https:\/\/api.w.org\/{rel}","templated":true}]}}