{"id":33416,"date":"2025-02-20T23:33:21","date_gmt":"2025-02-20T22:33:21","guid":{"rendered":"http:\/\/olemosaic.com\/producto\/llavero-de-madera-letra-a-valencia\/"},"modified":"2025-07-25T18:43:07","modified_gmt":"2025-07-25T16:43:07","slug":"porta-chaves-de-madeira-letra-a-valencia","status":"publish","type":"product","link":"https:\/\/olemosaic.com\/pt-pt\/produto\/porta-chaves-de-madeira-letra-a-valencia\/","title":{"rendered":"Porta-chaves de madeira. Letra A. Val\u00eancia."},"content":{"rendered":"<p>Este porta-chaves de madeira com a forma da letra &#8220;A&#8221; \u00e9 uma recorda\u00e7\u00e3o distintiva que capta a ess\u00eancia de Val\u00eancia, fundindo modernidade e tradi\u00e7\u00e3o. O design vibrante apresenta um espl\u00eandido mosaico de cores que ilustra os \u00edcones mais emblem\u00e1ticos da cidade, destacando a majestosa Cidade das Artes e das Ci\u00eancias. Com pormenores elaborados em vermelho, azul e amarelo, o porta-chaves consegue um acabamento brilhante que maximiza o seu apelo visual, tornando-se um acess\u00f3rio ideal tanto para turistas como para residentes.<\/p>\n<p>Este porta-chaves, elaborado em madeira, n\u00e3o \u00e9 apenas uma pe\u00e7a decorativa, mas uma homenagem \u00e0 arquitetura modernista de Val\u00eancia, que real\u00e7a a criatividade e a inova\u00e7\u00e3o da regi\u00e3o. Ideal como souvenir, este objeto \u00e9 funcional e, ao mesmo tempo, uma recorda\u00e7\u00e3o tang\u00edvel da experi\u00eancia vivida nesta vibrante cidade mediterr\u00e2nica.<\/p>\n<p>Na Ol\u00e9 Mosaic, especializamo-nos na distribui\u00e7\u00e3o de souvenirs por grosso, e este porta-chaves de Val\u00eancia \u00e9 uma op\u00e7\u00e3o perfeita para lojas de presentes tur\u00edsticos que procuram produtos aut\u00eanticos e relevantes. Como grossistas de souvenirs, oferecemos artigos que se destacam pelo seu artesanato e originalidade, tornando-os presentes memor\u00e1veis para aqueles que desejam levar um pedacinho de Val\u00eancia consigo.<\/p>\n","protected":false},"excerpt":{"rendered":"<p>Porta-chaves de madeira com a forma da letra A, desenhado especialmente para representar a cidade de Val\u00eancia. Este original porta-chaves apresenta um mosaico vibrante de cores que ilustra elementos emblem\u00e1ticos da cidade, como a Cidade das Artes e das Ci\u00eancias. Com pormenores elaborados em vermelho, azul e amarelo, o porta-chaves complementa-se com um acabamento brilhante que real\u00e7a o seu apelo visual. Perfeito como recorda\u00e7\u00e3o ou presente, reflete a ess\u00eancia valenciana com um toque moderno.<\/p>\n","protected":false},"featured_media":10859,"template":"","meta":{"_acf_changed":false},"product_brand":[],"product_cat":[611],"product_tag":[612],"class_list":{"0":"post-33416","1":"product","2":"type-product","3":"status-publish","4":"has-post-thumbnail","6":"product_cat-porta-chaves","7":"product_tag-cartas","8":"pa_ciudad-valencia","9":"pa_motivo-letra-a","10":"pa_pais-espana","12":"first","13":"instock","14":"shipping-taxable","15":"product-type-simple"},"acf":[],"_links":{"self":[{"href":"https:\/\/olemosaic.com\/pt-pt\/wp-json\/wp\/v2\/product\/33416","targetHints":{"allow":["GET"]}}],"collection":[{"href":"https:\/\/olemosaic.com\/pt-pt\/wp-json\/wp\/v2\/product"}],"about":[{"href":"https:\/\/olemosaic.com\/pt-pt\/wp-json\/wp\/v2\/types\/product"}],"wp:featuredmedia":[{"embeddable":true,"href":"https:\/\/olemosaic.com\/pt-pt\/wp-json\/wp\/v2\/media\/10859"}],"wp:attachment":[{"href":"https:\/\/olemosaic.com\/pt-pt\/wp-json\/wp\/v2\/media?parent=33416"}],"wp:term":[{"taxonomy":"product_brand","embeddable":true,"href":"https:\/\/olemosaic.com\/pt-pt\/wp-json\/wp\/v2\/product_brand?post=33416"},{"taxonomy":"product_cat","embeddable":true,"href":"https:\/\/olemosaic.com\/pt-pt\/wp-json\/wp\/v2\/product_cat?post=33416"},{"taxonomy":"product_tag","embeddable":true,"href":"https:\/\/olemosaic.com\/pt-pt\/wp-json\/wp\/v2\/product_tag?post=33416"}],"curies":[{"name":"wp","href":"https:\/\/api.w.org\/{rel}","templated":true}]}}