{"id":33415,"date":"2025-02-20T22:33:21","date_gmt":"2025-02-20T22:33:21","guid":{"rendered":"http:\/\/olemosaic.com\/producto\/llavero-de-madera-letra-c-barcelona\/"},"modified":"2025-07-25T18:44:32","modified_gmt":"2025-07-25T16:44:32","slug":"porta-chaves-de-madeira-letra-c-barcelona","status":"publish","type":"product","link":"https:\/\/olemosaic.com\/pt-pt\/produto\/porta-chaves-de-madeira-letra-c-barcelona\/","title":{"rendered":"Porta-chaves de madeira. Letra C. Barcelona."},"content":{"rendered":"<p>Este porta-chaves de madeira com a forma da letra &#8216;C&#8217; \u00e9 uma recorda\u00e7\u00e3o vibrante e colorida, inspirada na ic\u00f3nica cidade de Barcelona. Com um design que capta a ess\u00eancia da arquitetura modernista, este atrativo porta-chaves apresenta ilustra\u00e7\u00f5es da Sagrada Fam\u00edlia, destacando a sua silhueta majestosa em tons de vermelho, verde e amarelo, que evocam a rica paleta de cores da cidade. Al\u00e9m disso, inclui elementos gr\u00e1ficos que representam a vida e a cultura barcelonesa, como o famoso mosaico do Park G\u00fcell e outros s\u00edmbolos arquitet\u00f3nicos, todos meticulosamente detalhados. O seu acabamento brilhante real\u00e7a cada cor e confere-lhe um toque contempor\u00e2neo, tornando-o um acess\u00f3rio funcional e decorativo.<\/p>\n<p>Este porta-chaves n\u00e3o \u00e9 apenas pr\u00e1tico para manter as chaves organizadas, mas tamb\u00e9m uma recorda\u00e7\u00e3o perfeita da riqueza cultural de Barcelona, ideal para turistas que desejem levar um pedacinho da cidade para casa. Na Ol\u00e9 Mosaic, somos especialistas na distribui\u00e7\u00e3o de recorda\u00e7\u00f5es por grosso e oferecemos este porta-chaves de madeira como uma excelente op\u00e7\u00e3o para lojas de presentes tur\u00edsticos que procuram produtos aut\u00eanticos e de qualidade. Com este porta-chaves, cada cliente poder\u00e1 levar consigo uma parte da hist\u00f3ria e da arte de Barcelona, tornando esta recorda\u00e7\u00e3o um presente significativo e duradouro.<\/p>\n","protected":false},"excerpt":{"rendered":"<p>Porta-chaves de madeira com a forma da letra &#8216;C&#8217;, inspirado na vibrante cidade de Barcelona. Este atrativo porta-chaves apresenta ilustra\u00e7\u00f5es coloridas da Sagrada Fam\u00edlia, rodeada de elementos caracter\u00edsticos da arquitetura modernista. Com um acabamento brilhante, o design inclui detalhes em tons de vermelho, verde e amarelo, que refletem a ess\u00eancia art\u00edstica da cidade. Ideal como recorda\u00e7\u00e3o ou presente, funde praticidade e um toque cultural.<\/p>\n","protected":false},"featured_media":10514,"template":"","meta":{"_acf_changed":false},"product_brand":[],"product_cat":[611],"product_tag":[612],"class_list":{"0":"post-33415","1":"product","2":"type-product","3":"status-publish","4":"has-post-thumbnail","6":"product_cat-porta-chaves","7":"product_tag-cartas","8":"pa_ciudad-barcelona","9":"pa_motivo-letra-c","10":"pa_pais-espana","12":"first","13":"instock","14":"shipping-taxable","15":"product-type-simple"},"acf":[],"_links":{"self":[{"href":"https:\/\/olemosaic.com\/pt-pt\/wp-json\/wp\/v2\/product\/33415","targetHints":{"allow":["GET"]}}],"collection":[{"href":"https:\/\/olemosaic.com\/pt-pt\/wp-json\/wp\/v2\/product"}],"about":[{"href":"https:\/\/olemosaic.com\/pt-pt\/wp-json\/wp\/v2\/types\/product"}],"wp:featuredmedia":[{"embeddable":true,"href":"https:\/\/olemosaic.com\/pt-pt\/wp-json\/wp\/v2\/media\/10514"}],"wp:attachment":[{"href":"https:\/\/olemosaic.com\/pt-pt\/wp-json\/wp\/v2\/media?parent=33415"}],"wp:term":[{"taxonomy":"product_brand","embeddable":true,"href":"https:\/\/olemosaic.com\/pt-pt\/wp-json\/wp\/v2\/product_brand?post=33415"},{"taxonomy":"product_cat","embeddable":true,"href":"https:\/\/olemosaic.com\/pt-pt\/wp-json\/wp\/v2\/product_cat?post=33415"},{"taxonomy":"product_tag","embeddable":true,"href":"https:\/\/olemosaic.com\/pt-pt\/wp-json\/wp\/v2\/product_tag?post=33415"}],"curies":[{"name":"wp","href":"https:\/\/api.w.org\/{rel}","templated":true}]}}