{"id":33414,"date":"2025-02-20T23:33:21","date_gmt":"2025-02-20T22:33:21","guid":{"rendered":"http:\/\/olemosaic.com\/producto\/llavero-de-madera-letra-g-valencia\/"},"modified":"2025-07-25T19:13:56","modified_gmt":"2025-07-25T17:13:56","slug":"porta-chaves-de-madeira-letra-g-valencia","status":"publish","type":"product","link":"https:\/\/olemosaic.com\/pt-pt\/produto\/porta-chaves-de-madeira-letra-g-valencia\/","title":{"rendered":"Porta-chaves de madeira. Letra G. Val\u00eancia."},"content":{"rendered":"<p>Este porta-chaves de madeira com a forma da letra G \u00e9 um atrativo souvenir que capta a ess\u00eancia de Val\u00eancia, uma cidade conhecida pela sua rica arquitetura e cultura vibrante. Com um acabamento pintado \u00e0 m\u00e3o, este porta-chaves apresenta um design colorido que presta homenagem a alguns dos monumentos mais emblem\u00e1ticos da cidade, como a impressionante Cidade das Artes e das Ci\u00eancias e a majestosa Catedral de Val\u00eancia. Cada lado do porta-chaves mostra uma representa\u00e7\u00e3o art\u00edstica \u00fanica, onde os tons azulados e quentes se entrela\u00e7am para criar um efeito visual cativante que evoca a beleza e modernidade da arquitetura valenciana.<\/p>\n<p>Este porta-chaves n\u00e3o \u00e9 apenas uma forma funcional de manter as chaves organizadas, mas tamb\u00e9m se torna uma recorda\u00e7\u00e3o significativa da sua visita a Val\u00eancia. A sua forma distintiva acrescenta um toque contempor\u00e2neo e divertido, tornando-o um objeto ideal para turistas que procuram souvenirs aut\u00eanticos que representem a cultura local. Na Ol\u00e9 Mosaic, especializamo-nos na distribui\u00e7\u00e3o de souvenirs por grosso, e este porta-chaves da letra G \u00e9 uma op\u00e7\u00e3o perfeita para lojas de presentes tur\u00edsticos que desejem oferecer produtos aut\u00eanticos e representativos da beleza de Val\u00eancia. Com este porta-chaves, os seus clientes poder\u00e3o levar consigo um peda\u00e7o da ess\u00eancia mediterr\u00e2nica para onde quer que v\u00e3o.<\/p>\n","protected":false},"excerpt":{"rendered":"<p>Porta-chaves de madeira com a forma da letra G, inspirado nos monumentos mais emblem\u00e1ticos de Val\u00eancia. Este atrativo porta-chaves apresenta um design colorido que combina detalhes da arquitetura local, como a famosa Cidade das Artes e das Ci\u00eancias e a Catedral de Val\u00eancia, com um acabamento de design artesanal, pintado \u00e0 m\u00e3o. As suas cores vibrantes e o seu estilo contempor\u00e2neo tornam-no uma recorda\u00e7\u00e3o perfeita para rememorar a beleza desta cidade mediterr\u00e2nica.<\/p>\n","protected":false},"featured_media":10865,"template":"","meta":{"_acf_changed":false},"product_brand":[],"product_cat":[611],"product_tag":[612],"class_list":{"0":"post-33414","1":"product","2":"type-product","3":"status-publish","4":"has-post-thumbnail","6":"product_cat-porta-chaves","7":"product_tag-cartas","8":"pa_ciudad-valencia","9":"pa_motivo-letra-g","10":"pa_pais-espana","12":"first","13":"instock","14":"shipping-taxable","15":"product-type-simple"},"acf":[],"_links":{"self":[{"href":"https:\/\/olemosaic.com\/pt-pt\/wp-json\/wp\/v2\/product\/33414","targetHints":{"allow":["GET"]}}],"collection":[{"href":"https:\/\/olemosaic.com\/pt-pt\/wp-json\/wp\/v2\/product"}],"about":[{"href":"https:\/\/olemosaic.com\/pt-pt\/wp-json\/wp\/v2\/types\/product"}],"wp:featuredmedia":[{"embeddable":true,"href":"https:\/\/olemosaic.com\/pt-pt\/wp-json\/wp\/v2\/media\/10865"}],"wp:attachment":[{"href":"https:\/\/olemosaic.com\/pt-pt\/wp-json\/wp\/v2\/media?parent=33414"}],"wp:term":[{"taxonomy":"product_brand","embeddable":true,"href":"https:\/\/olemosaic.com\/pt-pt\/wp-json\/wp\/v2\/product_brand?post=33414"},{"taxonomy":"product_cat","embeddable":true,"href":"https:\/\/olemosaic.com\/pt-pt\/wp-json\/wp\/v2\/product_cat?post=33414"},{"taxonomy":"product_tag","embeddable":true,"href":"https:\/\/olemosaic.com\/pt-pt\/wp-json\/wp\/v2\/product_tag?post=33414"}],"curies":[{"name":"wp","href":"https:\/\/api.w.org\/{rel}","templated":true}]}}