{"id":33412,"date":"2025-02-20T23:33:20","date_gmt":"2025-02-20T22:33:20","guid":{"rendered":"http:\/\/olemosaic.com\/producto\/llavero-de-madera-letra-z-valencia\/"},"modified":"2025-07-25T18:43:25","modified_gmt":"2025-07-25T16:43:25","slug":"porta-chaves-de-madeira-letra-z-valencia","status":"publish","type":"product","link":"https:\/\/olemosaic.com\/pt-pt\/produto\/porta-chaves-de-madeira-letra-z-valencia\/","title":{"rendered":"Porta-chaves de madeira. Letra Z. Val\u00eancia."},"content":{"rendered":"<p>Este porta-chaves de madeira com a forma da letra &#8220;Z&#8221; \u00e9 uma recorda\u00e7\u00e3o vibrante que capta a ess\u00eancia art\u00edstica de Val\u00eancia, uma cidade famosa pela sua rica heran\u00e7a cultural e pela sua arquitetura emblem\u00e1tica. Com um design que integra cores brilhantes e formas geom\u00e9tricas, este porta-chaves destaca-se por ilustrar elementos ic\u00f3nicos, como a majestosa Lonja de la Seda, um Patrim\u00f3nio da Humanidade que reflete a hist\u00f3ria comercial e o esplendor da cidade.<\/p>\n<p>O porta-chaves, elaborado em madeira de alta qualidade, irradia um estilo moderno que combina a arte contempor\u00e2nea com a tradi\u00e7\u00e3o, fazendo deste souvenir de Val\u00eancia um artigo verdadeiramente \u00fanico. A letra &#8220;Z&#8221; simboliza n\u00e3o s\u00f3 a inicial desta cativante cidade, mas tamb\u00e9m um fragmento da sua cultura, reconhecida em todo o mundo.<\/p>\n<p>Na Ol\u00e9 Mosaic, compreendemos a import\u00e2ncia de oferecer souvenirs aut\u00eanticos que realcem a identidade regional. Este porta-chaves \u00e9 uma excelente op\u00e7\u00e3o para lojas de presentes tur\u00edsticos que procuram algo genu\u00edno e significativo. Ideal para turistas que desejam levar um pedacinho de Val\u00eancia, seja como acess\u00f3rio ou como uma recorda\u00e7\u00e3o especial, este porta-chaves \u00e9 sem d\u00favida um atrativo souvenir de qualidade que se destaca pelo seu artesanato e relev\u00e2ncia cultural.<\/p>\n","protected":false},"excerpt":{"rendered":"<p>Porta-chaves de madeira com a forma da letra &#8220;Z&#8221;, que representa o colorido mosaico de Val\u00eancia. Este chamativo porta-chaves apresenta um design vibrante que ilustra elementos arquitet\u00f3nicos emblem\u00e1ticos da cidade, como a famosa Lonja de la Seda. As cores brilhantes e as formas geom\u00e9tricas conferem-lhe um estilo moderno, enquanto a madeira lhe confere um toque artesanal e \u00fanico. Ideal para recordar a beleza de Val\u00eancia.<\/p>\n","protected":false},"featured_media":10884,"template":"","meta":{"_acf_changed":false},"product_brand":[],"product_cat":[611],"product_tag":[612],"class_list":{"0":"post-33412","1":"product","2":"type-product","3":"status-publish","4":"has-post-thumbnail","6":"product_cat-porta-chaves","7":"product_tag-cartas","8":"pa_ciudad-valencia","9":"pa_motivo-letra-z","10":"pa_pais-espana","12":"first","13":"instock","14":"shipping-taxable","15":"product-type-simple"},"acf":[],"_links":{"self":[{"href":"https:\/\/olemosaic.com\/pt-pt\/wp-json\/wp\/v2\/product\/33412","targetHints":{"allow":["GET"]}}],"collection":[{"href":"https:\/\/olemosaic.com\/pt-pt\/wp-json\/wp\/v2\/product"}],"about":[{"href":"https:\/\/olemosaic.com\/pt-pt\/wp-json\/wp\/v2\/types\/product"}],"wp:featuredmedia":[{"embeddable":true,"href":"https:\/\/olemosaic.com\/pt-pt\/wp-json\/wp\/v2\/media\/10884"}],"wp:attachment":[{"href":"https:\/\/olemosaic.com\/pt-pt\/wp-json\/wp\/v2\/media?parent=33412"}],"wp:term":[{"taxonomy":"product_brand","embeddable":true,"href":"https:\/\/olemosaic.com\/pt-pt\/wp-json\/wp\/v2\/product_brand?post=33412"},{"taxonomy":"product_cat","embeddable":true,"href":"https:\/\/olemosaic.com\/pt-pt\/wp-json\/wp\/v2\/product_cat?post=33412"},{"taxonomy":"product_tag","embeddable":true,"href":"https:\/\/olemosaic.com\/pt-pt\/wp-json\/wp\/v2\/product_tag?post=33412"}],"curies":[{"name":"wp","href":"https:\/\/api.w.org\/{rel}","templated":true}]}}