{"id":33411,"date":"2025-02-20T23:33:20","date_gmt":"2025-02-20T22:33:20","guid":{"rendered":"http:\/\/olemosaic.com\/producto\/llavero-de-madera-letra-v-barcelona\/"},"modified":"2025-07-25T19:43:00","modified_gmt":"2025-07-25T17:43:00","slug":"porta-chaves-de-madeira-letra-v-barcelona","status":"publish","type":"product","link":"https:\/\/olemosaic.com\/pt-pt\/produto\/porta-chaves-de-madeira-letra-v-barcelona\/","title":{"rendered":"Porta-chaves de madeira. Letra V. Barcelona."},"content":{"rendered":"<p>Este porta-chaves de madeira com a forma da letra &#8220;V&#8221; \u00e9 uma recorda\u00e7\u00e3o vibrante e colorida que capta a ess\u00eancia da emblem\u00e1tica cidade de Barcelona. Com detalhes pintados \u00e0 m\u00e3o, este acess\u00f3rio original n\u00e3o serve apenas como um pr\u00e1tico organizador de chaves, mas \u00e9 tamb\u00e9m uma representa\u00e7\u00e3o art\u00edstica da rica heran\u00e7a cultural da cidade. O design apresenta imagens ic\u00f3nicas da Sagrada Fam\u00edlia, uma obra-prima da arquitetura modernista, juntamente com elementos coloridos que evocam o estilo \u00fanico do mestre Antoni Gaud\u00ed, que encontrou em Barcelona o seu laborat\u00f3rio criativo.<\/p>\n<p>A letra &#8220;V&#8221; destaca-se sobre um fundo que reflete os mosaicos caracter\u00edsticos da obra de Gaud\u00ed, ecoando a criatividade e o dinamismo da capital catal\u00e3. Cada porta-chaves \u00e9 uma homenagem \u00e0s paisagens urbanas que fazem de Barcelona um destino tur\u00edstico de renome mundial. Este porta-chaves n\u00e3o \u00e9 apenas uma excelente recorda\u00e7\u00e3o de uma visita \u00e0 cidade, mas representa tamb\u00e9m uma pe\u00e7a de artesanato que guarda a autenticidade e o sabor cultural que os turistas procuram ao adquirir souvenirs.<\/p>\n<p>Na Ol\u00e9 Mosaic, dedicamo-nos a oferecer souvenirs aut\u00eanticos e de qualidade por grosso, e este porta-chaves de Barcelona \u00e9 uma op\u00e7\u00e3o ideal para lojas de presentes tur\u00edsticos que desejam oferecer produtos memor\u00e1veis e representativos. Perfeito para quem quer levar consigo um pedacinho de Barcelona, este porta-chaves torna-se uma recorda\u00e7\u00e3o terna que perdura no tempo.<\/p>\n","protected":false},"excerpt":{"rendered":"<p>Porta-chaves de madeira com a forma da letra &#8220;V&#8221;, que representa a emblem\u00e1tica cidade de Barcelona. Este acess\u00f3rio original destaca-se pelo seu design vibrante e colorido, com imagens da Sagrada Fam\u00edlia e elementos t\u00edpicos da arquitetura modernista. O porta-chaves \u00e9 um exemplo de artesanato com detalhes pintados \u00e0 m\u00e3o, o que lhe confere um toque \u00fanico e atraente. Ideal para levar um pedacinho de Barcelona consigo, este porta-chaves \u00e9 o souvenir perfeito.<\/p>\n","protected":false},"featured_media":10507,"template":"","meta":{"_acf_changed":false},"product_brand":[],"product_cat":[611],"product_tag":[612],"class_list":{"0":"post-33411","1":"product","2":"type-product","3":"status-publish","4":"has-post-thumbnail","6":"product_cat-porta-chaves","7":"product_tag-cartas","8":"pa_ciudad-barcelona","9":"pa_motivo-letra-v","10":"pa_pais-espana","12":"first","13":"instock","14":"shipping-taxable","15":"product-type-simple"},"acf":[],"_links":{"self":[{"href":"https:\/\/olemosaic.com\/pt-pt\/wp-json\/wp\/v2\/product\/33411","targetHints":{"allow":["GET"]}}],"collection":[{"href":"https:\/\/olemosaic.com\/pt-pt\/wp-json\/wp\/v2\/product"}],"about":[{"href":"https:\/\/olemosaic.com\/pt-pt\/wp-json\/wp\/v2\/types\/product"}],"wp:featuredmedia":[{"embeddable":true,"href":"https:\/\/olemosaic.com\/pt-pt\/wp-json\/wp\/v2\/media\/10507"}],"wp:attachment":[{"href":"https:\/\/olemosaic.com\/pt-pt\/wp-json\/wp\/v2\/media?parent=33411"}],"wp:term":[{"taxonomy":"product_brand","embeddable":true,"href":"https:\/\/olemosaic.com\/pt-pt\/wp-json\/wp\/v2\/product_brand?post=33411"},{"taxonomy":"product_cat","embeddable":true,"href":"https:\/\/olemosaic.com\/pt-pt\/wp-json\/wp\/v2\/product_cat?post=33411"},{"taxonomy":"product_tag","embeddable":true,"href":"https:\/\/olemosaic.com\/pt-pt\/wp-json\/wp\/v2\/product_tag?post=33411"}],"curies":[{"name":"wp","href":"https:\/\/api.w.org\/{rel}","templated":true}]}}