{"id":33410,"date":"2025-02-20T22:33:20","date_gmt":"2025-02-20T22:33:20","guid":{"rendered":"http:\/\/olemosaic.com\/producto\/llavero-de-madera-letra-s-mosaico\/"},"modified":"2025-07-25T19:36:50","modified_gmt":"2025-07-25T17:36:50","slug":"porta-chaves-de-madeira-letra-s-mosaico","status":"publish","type":"product","link":"https:\/\/olemosaic.com\/pt-pt\/produto\/porta-chaves-de-madeira-letra-s-mosaico\/","title":{"rendered":"Porta-chaves de madeira. Letra S. Mosaico."},"content":{"rendered":"<p>Este porta-chaves de madeira com a forma da letra &#8220;S&#8221; \u00e9 um souvenir representativo da rica heran\u00e7a art\u00edstica espanhola, desenhado para se destacar entre as recorda\u00e7\u00f5es tur\u00edsticas. Decorado ornamentalmente com um mosaico vibrante e colorido, cada sec\u00e7\u00e3o apresenta uma mistura cuidada de tonalidades, incluindo azul, vermelho, amarelo e verde, evocando os famosos mosaicos que adornam pra\u00e7as e edif\u00edcios emblem\u00e1ticos de cidades como Barcelona. O acabamento liso e suave do porta-chaves n\u00e3o s\u00f3 garante a sua durabilidade, como tamb\u00e9m proporciona uma sensa\u00e7\u00e3o fresca e agrad\u00e1vel ao toque, tornando-o um acess\u00f3rio funcional e um objeto decorativo.<\/p>\n<p>Este porta-chaves \u00e9 uma excelente forma de levar uma parte da cultura espanhola consigo, ideal para quem deseja uma recorda\u00e7\u00e3o aut\u00eantica e representativa da sua visita. Perfeito para usar como porta-chaves ou para pendurar em mochilas e malas, o seu design cativante torna-o um presente atraente para amigos e familiares. Na Ol\u00e9 Mosaic, oferecemos porta-chaves de madeira que se destacam pela sua qualidade e artesanato, garantindo que cada pe\u00e7a seja um verdadeiro reflexo da tradi\u00e7\u00e3o espanhola. Este porta-chaves de mosaico \u00e9, sem d\u00favida, uma op\u00e7\u00e3o encantadora e significativa para lojas de presentes tur\u00edsticos que procuram souvenirs \u00fanicos e relevantes.<\/p>\n","protected":false},"excerpt":{"rendered":"<p>Porta-chaves de madeira com a forma da letra &#8220;S&#8221;, decorado com um design de mosaico vibrante. Este atraente porta-chaves exibe uma mistura de cores vivas, como o azul, o vermelho, o amarelo e o verde, evocando a arte do mosaico tradicional espanhol. Perfeito como recorda\u00e7\u00e3o, o seu acabamento liso e fresco torna-o um acess\u00f3rio funcional e est\u00e9tico, ideal para quem aprecia a cultura e a arte de Espanha.<\/p>\n","protected":false},"featured_media":10769,"template":"","meta":{"_acf_changed":false},"product_brand":[],"product_cat":[611],"product_tag":[612],"class_list":{"0":"post-33410","1":"product","2":"type-product","3":"status-publish","4":"has-post-thumbnail","6":"product_cat-porta-chaves","7":"product_tag-cartas","8":"pa_motivo-letra-s","10":"first","11":"instock","12":"shipping-taxable","13":"product-type-simple"},"acf":[],"_links":{"self":[{"href":"https:\/\/olemosaic.com\/pt-pt\/wp-json\/wp\/v2\/product\/33410","targetHints":{"allow":["GET"]}}],"collection":[{"href":"https:\/\/olemosaic.com\/pt-pt\/wp-json\/wp\/v2\/product"}],"about":[{"href":"https:\/\/olemosaic.com\/pt-pt\/wp-json\/wp\/v2\/types\/product"}],"wp:featuredmedia":[{"embeddable":true,"href":"https:\/\/olemosaic.com\/pt-pt\/wp-json\/wp\/v2\/media\/10769"}],"wp:attachment":[{"href":"https:\/\/olemosaic.com\/pt-pt\/wp-json\/wp\/v2\/media?parent=33410"}],"wp:term":[{"taxonomy":"product_brand","embeddable":true,"href":"https:\/\/olemosaic.com\/pt-pt\/wp-json\/wp\/v2\/product_brand?post=33410"},{"taxonomy":"product_cat","embeddable":true,"href":"https:\/\/olemosaic.com\/pt-pt\/wp-json\/wp\/v2\/product_cat?post=33410"},{"taxonomy":"product_tag","embeddable":true,"href":"https:\/\/olemosaic.com\/pt-pt\/wp-json\/wp\/v2\/product_tag?post=33410"}],"curies":[{"name":"wp","href":"https:\/\/api.w.org\/{rel}","templated":true}]}}