{"id":33409,"date":"2025-02-20T23:33:20","date_gmt":"2025-02-20T22:33:20","guid":{"rendered":"http:\/\/olemosaic.com\/producto\/llavero-de-madera-letra-p-sevilla\/"},"modified":"2025-07-25T18:35:50","modified_gmt":"2025-07-25T16:35:50","slug":"porta-chaves-de-madeira-letra-p-sevilha","status":"publish","type":"product","link":"https:\/\/olemosaic.com\/pt-pt\/produto\/porta-chaves-de-madeira-letra-p-sevilha\/","title":{"rendered":"Porta-chaves de madeira. Letra P. Sevilha."},"content":{"rendered":"<p>Este porta-chaves de madeira com a forma da letra &#8220;P&#8221; \u00e9 um souvenir atraente que capta a ess\u00eancia de Sevilha, ideal para quem procura uma recorda\u00e7\u00e3o aut\u00eantica da cidade. Ilustrado com elementos emblem\u00e1ticos como a Giralda e outras caracter\u00edsticas arquitet\u00f3nicas representativas da capital andaluza, este porta-chaves destaca-se pelo seu design vibrante com um mosaico colorido, que lhe confere um ar festivo e alegre. Pintado \u00e0 m\u00e3o com esmero, cada porta-chaves reflete a rica cultura sevilhana, tornando-se um acess\u00f3rio di\u00e1rio elegante que permite levar um pedacinho de Sevilha para qualquer lugar.<\/p>\n<p>O porta-chaves n\u00e3o \u00e9 apenas funcional, mas tamb\u00e9m serve como um excelente lembrete das maravilhas culturais que Sevilha oferece, sendo um s\u00edmbolo da heran\u00e7a arquitet\u00f3nica espanhola. Al\u00e9m disso, \u00e9 uma op\u00e7\u00e3o perfeita para quem procura souvenirs de qualidade, ideais para lojas de presentes tur\u00edsticos. Na Ol\u00e9 Mosaic, orgulhamo-nos de ser distribuidores de souvenirs aut\u00eanticos, e este porta-chaves de madeira \u00e9 una excelente representa\u00e7\u00e3o da nossa sele\u00e7\u00e3o. Com o seu design atraente e a sua profunda liga\u00e7\u00e3o \u00e0 hist\u00f3ria de Sevilha, este porta-chaves com a letra &#8220;P&#8221; ir\u00e1 certamente encantar os visitantes que desejem levar uma recorda\u00e7\u00e3o significativa da sua passagem pela cidade.<\/p>\n","protected":false},"excerpt":{"rendered":"<p>Porta-chaves de madeira com a forma da letra &#8220;P&#8221;, ricamente ilustrado com elementos emblem\u00e1ticos de Sevilha. Este atraente porta-chaves apresenta um design vibrante onde se destacam a Giralda e outros elementos arquitet\u00f3nicos da cidade, rodeados por um mosaico colorido. Pintado com estilo artesanal, oferece um acabamento que capta a ess\u00eancia da cultura sevilhana, tornando-se um acess\u00f3rio elegante e uma recorda\u00e7\u00e3o perfeita desta bela cidade.<\/p>\n","protected":false},"featured_media":10900,"template":"","meta":{"_acf_changed":false},"product_brand":[],"product_cat":[611],"product_tag":[612],"class_list":{"0":"post-33409","1":"product","2":"type-product","3":"status-publish","4":"has-post-thumbnail","6":"product_cat-porta-chaves","7":"product_tag-cartas","8":"pa_ciudad-sevilla","9":"pa_motivo-letra-p","10":"pa_pais-espana","12":"first","13":"instock","14":"shipping-taxable","15":"product-type-simple"},"acf":[],"_links":{"self":[{"href":"https:\/\/olemosaic.com\/pt-pt\/wp-json\/wp\/v2\/product\/33409","targetHints":{"allow":["GET"]}}],"collection":[{"href":"https:\/\/olemosaic.com\/pt-pt\/wp-json\/wp\/v2\/product"}],"about":[{"href":"https:\/\/olemosaic.com\/pt-pt\/wp-json\/wp\/v2\/types\/product"}],"wp:featuredmedia":[{"embeddable":true,"href":"https:\/\/olemosaic.com\/pt-pt\/wp-json\/wp\/v2\/media\/10900"}],"wp:attachment":[{"href":"https:\/\/olemosaic.com\/pt-pt\/wp-json\/wp\/v2\/media?parent=33409"}],"wp:term":[{"taxonomy":"product_brand","embeddable":true,"href":"https:\/\/olemosaic.com\/pt-pt\/wp-json\/wp\/v2\/product_brand?post=33409"},{"taxonomy":"product_cat","embeddable":true,"href":"https:\/\/olemosaic.com\/pt-pt\/wp-json\/wp\/v2\/product_cat?post=33409"},{"taxonomy":"product_tag","embeddable":true,"href":"https:\/\/olemosaic.com\/pt-pt\/wp-json\/wp\/v2\/product_tag?post=33409"}],"curies":[{"name":"wp","href":"https:\/\/api.w.org\/{rel}","templated":true}]}}