{"id":33408,"date":"2025-02-20T23:33:20","date_gmt":"2025-02-20T22:33:20","guid":{"rendered":"http:\/\/olemosaic.com\/producto\/llavero-de-madera-letra-o-valencia\/"},"modified":"2025-07-25T18:46:23","modified_gmt":"2025-07-25T16:46:23","slug":"porta-chaves-de-madeira-letra-o-valencia","status":"publish","type":"product","link":"https:\/\/olemosaic.com\/pt-pt\/produto\/porta-chaves-de-madeira-letra-o-valencia\/","title":{"rendered":"Porta-chaves de madeira. Letra O. Val\u00eancia."},"content":{"rendered":"<p>Este porta-chaves de madeira com a forma da letra &#8220;O&#8221; \u00e9 uma maravilhosa representa\u00e7\u00e3o da vibrante cidade de Val\u00eancia. O seu design inovador e colorido destaca-se pelos motivos arquitet\u00f3nicos emblem\u00e1ticos que captam a ess\u00eancia desta fascinante regi\u00e3o. Pintado \u00e0 m\u00e3o, o porta-chaves apresenta uma paleta de cores brilhantes, incluindo tons chamativos de azul e vermelho que evocam o famoso complexo da Cidade das Artes e das Ci\u00eancias, uma das obras-primas arquitet\u00f3nicas do mundo contempor\u00e2neo.<\/p>\n<p>A parte frontal do porta-chaves exibe representa\u00e7\u00f5es detalhadas de elementos caracter\u00edsticos de Val\u00eancia, como a impressionante ponte do Oceanogr\u00e0fic e a delicada estrutura do Hemisf\u00e8ric, rodeados por um festival de mosaicos que refletem a rica heran\u00e7a cultural da cidade. Este design singular n\u00e3o \u00e9 apenas um acess\u00f3rio pr\u00e1tico, mas tamb\u00e9m uma aut\u00eantica recorda\u00e7\u00e3o de Val\u00eancia que ecoa a hist\u00f3ria e a arte da localidade. Ideal para turistas e visitantes que procuram recordar a sua viagem com um peda\u00e7o de cultura, este porta-chaves \u00e9 uma op\u00e7\u00e3o perfeita para lojas de presentes tur\u00edsticos. Na Ol\u00e9 Mosaic, como distribuidores de souvenirs por grosso, garantimos a qualidade e autenticidade dos nossos produtos, tornando este porta-chaves uma escolha ideal para quem deseja oferecer recorda\u00e7\u00f5es inesquec\u00edveis e representativas de Val\u00eancia. N\u00e3o perca a oportunidade de adicionar este encantador porta-chaves \u00e0 sua cole\u00e7\u00e3o de souvenirs.<\/p>\n","protected":false},"excerpt":{"rendered":"<p>Porta-chaves de madeira com a forma da letra O, inspirado em Val\u00eancia. Este original porta-chaves apresenta um design vibrante e colorido, com motivos arquitet\u00f3nicos emblem\u00e1ticos da cidade, incluindo elementos do famoso complexo da Cidade das Artes e das Ci\u00eancias. Pintado com estilo artesanal, exibe detalhes em azul e vermelho que real\u00e7am a sua heran\u00e7a cultural, tornando-se um souvenir atraente para os amantes de Val\u00eancia.<\/p>\n","protected":false},"featured_media":10873,"template":"","meta":{"_acf_changed":false},"product_brand":[],"product_cat":[611],"product_tag":[612],"class_list":{"0":"post-33408","1":"product","2":"type-product","3":"status-publish","4":"has-post-thumbnail","6":"product_cat-porta-chaves","7":"product_tag-cartas","8":"pa_ciudad-valencia","9":"pa_motivo-letra-o","10":"pa_pais-espana","12":"first","13":"instock","14":"shipping-taxable","15":"product-type-simple"},"acf":[],"_links":{"self":[{"href":"https:\/\/olemosaic.com\/pt-pt\/wp-json\/wp\/v2\/product\/33408","targetHints":{"allow":["GET"]}}],"collection":[{"href":"https:\/\/olemosaic.com\/pt-pt\/wp-json\/wp\/v2\/product"}],"about":[{"href":"https:\/\/olemosaic.com\/pt-pt\/wp-json\/wp\/v2\/types\/product"}],"wp:featuredmedia":[{"embeddable":true,"href":"https:\/\/olemosaic.com\/pt-pt\/wp-json\/wp\/v2\/media\/10873"}],"wp:attachment":[{"href":"https:\/\/olemosaic.com\/pt-pt\/wp-json\/wp\/v2\/media?parent=33408"}],"wp:term":[{"taxonomy":"product_brand","embeddable":true,"href":"https:\/\/olemosaic.com\/pt-pt\/wp-json\/wp\/v2\/product_brand?post=33408"},{"taxonomy":"product_cat","embeddable":true,"href":"https:\/\/olemosaic.com\/pt-pt\/wp-json\/wp\/v2\/product_cat?post=33408"},{"taxonomy":"product_tag","embeddable":true,"href":"https:\/\/olemosaic.com\/pt-pt\/wp-json\/wp\/v2\/product_tag?post=33408"}],"curies":[{"name":"wp","href":"https:\/\/api.w.org\/{rel}","templated":true}]}}