{"id":33395,"date":"2025-02-20T23:33:19","date_gmt":"2025-02-20T22:33:19","guid":{"rendered":"http:\/\/olemosaic.com\/producto\/llavero-de-madera-letra-b-sevilla\/"},"modified":"2025-07-25T18:38:17","modified_gmt":"2025-07-25T16:38:17","slug":"porta-chaves-de-madeira-letra-b-sevilha","status":"publish","type":"product","link":"https:\/\/olemosaic.com\/pt-pt\/produto\/porta-chaves-de-madeira-letra-b-sevilha\/","title":{"rendered":"Porta-chaves de madeira. Letra B. Sevilha."},"content":{"rendered":"<p>Este porta-chaves de madeira com a forma da letra &#8220;B&#8221; \u00e9 uma recorda\u00e7\u00e3o encantadora que captura a ess\u00eancia de Sevilha de forma vibrante e art\u00edstica. Elaborado com esmero, este porta-chaves apresenta ilustra\u00e7\u00f5es coloridas que destacam s\u00edmbolos emblem\u00e1ticos da cidade, como a magn\u00edfica Giralda e uma carruagem t\u00edpica. O seu design inclui motivos de mosaico que evocam a rica heran\u00e7a cultural andaluza, conferindo um toque de eleg\u00e2ncia e autenticidade a um objeto quotidiano. O equil\u00edbrio entre funcionalidade e arte faz com que este porta-chaves n\u00e3o seja apenas um acess\u00f3rio pr\u00e1tico, mas tamb\u00e9m uma pe\u00e7a decorativa que recordar\u00e1 com carinho cada vez que a vir.<\/p>\n<p>Leve e manej\u00e1vel, o porta-chaves \u00e9 perfeito para levar um pedacinho de Sevilha no dia a dia, o que o torna um presente ideal tanto para turistas como para locais. \u00c9 uma recorda\u00e7\u00e3o representativa que permite aos compradores sentir uma liga\u00e7\u00e3o com a cidade, celebrando a sua hist\u00f3ria e tradi\u00e7\u00f5es. Na Ol\u00e9 Mosaic, especializamo-nos na distribui\u00e7\u00e3o de recorda\u00e7\u00f5es por grosso, e este porta-chaves de Sevilha \u00e9 uma excelente op\u00e7\u00e3o para as lojas de presentes tur\u00edsticos que procuram oferecer produtos artesanais e aut\u00eanticos. Ao escolher este porta-chaves, oferece um produto que n\u00e3o s\u00f3 embeleza, mas tamb\u00e9m representa a vibrante cultura de Sevilha.<\/p>\n","protected":false},"excerpt":{"rendered":"<p>Porta-chaves de madeira com a letra &#8220;B&#8221;, uma alus\u00e3o a Sevilha. Este colorido porta-chaves apresenta um design vibrante com ilustra\u00e7\u00f5es ic\u00f3nicas da cidade, como a Giralda e uma carruagem. Decorado com motivos de mosaico que evocam a tradi\u00e7\u00e3o andaluza, \u00e9 leve e funcional, perfeito para levar consigo a ess\u00eancia de Sevilha para qualquer lugar. Ideal como recorda\u00e7\u00e3o ou presente, combina eleg\u00e2ncia e arte local.<\/p>\n","protected":false},"featured_media":10886,"template":"","meta":{"_acf_changed":false},"product_brand":[],"product_cat":[611],"product_tag":[612],"class_list":{"0":"post-33395","1":"product","2":"type-product","3":"status-publish","4":"has-post-thumbnail","6":"product_cat-porta-chaves","7":"product_tag-cartas","8":"pa_ciudad-sevilla","9":"pa_motivo-letra-b","10":"pa_pais-espana","12":"first","13":"instock","14":"shipping-taxable","15":"product-type-simple"},"acf":[],"_links":{"self":[{"href":"https:\/\/olemosaic.com\/pt-pt\/wp-json\/wp\/v2\/product\/33395","targetHints":{"allow":["GET"]}}],"collection":[{"href":"https:\/\/olemosaic.com\/pt-pt\/wp-json\/wp\/v2\/product"}],"about":[{"href":"https:\/\/olemosaic.com\/pt-pt\/wp-json\/wp\/v2\/types\/product"}],"wp:featuredmedia":[{"embeddable":true,"href":"https:\/\/olemosaic.com\/pt-pt\/wp-json\/wp\/v2\/media\/10886"}],"wp:attachment":[{"href":"https:\/\/olemosaic.com\/pt-pt\/wp-json\/wp\/v2\/media?parent=33395"}],"wp:term":[{"taxonomy":"product_brand","embeddable":true,"href":"https:\/\/olemosaic.com\/pt-pt\/wp-json\/wp\/v2\/product_brand?post=33395"},{"taxonomy":"product_cat","embeddable":true,"href":"https:\/\/olemosaic.com\/pt-pt\/wp-json\/wp\/v2\/product_cat?post=33395"},{"taxonomy":"product_tag","embeddable":true,"href":"https:\/\/olemosaic.com\/pt-pt\/wp-json\/wp\/v2\/product_tag?post=33395"}],"curies":[{"name":"wp","href":"https:\/\/api.w.org\/{rel}","templated":true}]}}