{"id":33394,"date":"2025-02-20T22:33:19","date_gmt":"2025-02-20T22:33:19","guid":{"rendered":"http:\/\/olemosaic.com\/producto\/llavero-de-madera-guitarra-2\/"},"modified":"2025-07-25T18:46:38","modified_gmt":"2025-07-25T16:46:38","slug":"porta-chaves-de-madeira-guitarra-2","status":"publish","type":"product","link":"https:\/\/olemosaic.com\/pt-pt\/produto\/porta-chaves-de-madeira-guitarra-2\/","title":{"rendered":"Porta-chaves de madeira. Guitarra."},"content":{"rendered":"<p>Este porta-chaves de madeira com forma de guitarra \u00e9 uma recorda\u00e7\u00e3o encantadora que captura a rica tradi\u00e7\u00e3o musical de Espanha. O seu design colorido e vibrante destaca-se pela representa\u00e7\u00e3o de flores e figuras, com um estilo que evoca a alegria da cultura espanhola. Com detalhes art\u00edsticos que imitam a arte do mosaico, este porta-chaves n\u00e3o \u00e9 apenas um acess\u00f3rio pr\u00e1tico para as suas chaves, mas torna-se tamb\u00e9m uma pe\u00e7a de conversa que recorda as festividades e celebra\u00e7\u00f5es que caracterizam esta fascinante regi\u00e3o.<\/p>\n<p>A guitarra \u00e9 un s\u00edmbolo ic\u00f3nico da m\u00fasica espanhola, especialmente do flamenco, uma arte que reflete as ra\u00edzes e a alma da cultura andaluza. Este porta-chaves, com o seu design artesanal e cheio de vida, \u00e9 uma excelente recorda\u00e7\u00e3o do esp\u00edrito festivo presente nas ruas de cidades como Sevilha e Granada. Ao adquirir este porta-chaves, os turistas n\u00e3o levam apenas um objeto decorativo, mas tamb\u00e9m um fragmento da ess\u00eancia cultural de Espanha.<\/p>\n<p>Na Ol\u00e9 Mosaic, especializamo-nos na distribui\u00e7\u00e3o de souvenirs por grosso, e este porta-chaves de guitarra \u00e9 uma op\u00e7\u00e3o ideal para lojas de presentes tur\u00edsticos que procuram recorda\u00e7\u00f5es aut\u00eanticas de Espanha. Perfeito para quem procura recorda\u00e7\u00f5es que sejam mais do que simples objetos, este porta-chaves \u00e9 uma pe\u00e7a significativa e colorida que celebra a heran\u00e7a musical da na\u00e7\u00e3o.<\/p>\n","protected":false},"excerpt":{"rendered":"<p>Porta-chaves de madeira com forma de guitarra, inspirado na rica tradi\u00e7\u00e3o musical espanhola. Este encantador porta-chaves apresenta um design vibrante com cores vivas e motivos que evocam a arte do mosaico, representando uma cena alegre com flores e figuras. Perfeito para os amantes da m\u00fasica, este acess\u00f3rio \u00e9 ideal para recordar o esp\u00edrito festivo e cultural de Espanha em cada utiliza\u00e7\u00e3o.<\/p>\n","protected":false},"featured_media":10794,"template":"","meta":{"_acf_changed":false},"product_brand":[],"product_cat":[611],"product_tag":[],"class_list":{"0":"post-33394","1":"product","2":"type-product","3":"status-publish","4":"has-post-thumbnail","6":"product_cat-porta-chaves","7":"pa_motivo-guitarras","9":"first","10":"instock","11":"shipping-taxable","12":"product-type-simple"},"acf":[],"_links":{"self":[{"href":"https:\/\/olemosaic.com\/pt-pt\/wp-json\/wp\/v2\/product\/33394","targetHints":{"allow":["GET"]}}],"collection":[{"href":"https:\/\/olemosaic.com\/pt-pt\/wp-json\/wp\/v2\/product"}],"about":[{"href":"https:\/\/olemosaic.com\/pt-pt\/wp-json\/wp\/v2\/types\/product"}],"wp:featuredmedia":[{"embeddable":true,"href":"https:\/\/olemosaic.com\/pt-pt\/wp-json\/wp\/v2\/media\/10794"}],"wp:attachment":[{"href":"https:\/\/olemosaic.com\/pt-pt\/wp-json\/wp\/v2\/media?parent=33394"}],"wp:term":[{"taxonomy":"product_brand","embeddable":true,"href":"https:\/\/olemosaic.com\/pt-pt\/wp-json\/wp\/v2\/product_brand?post=33394"},{"taxonomy":"product_cat","embeddable":true,"href":"https:\/\/olemosaic.com\/pt-pt\/wp-json\/wp\/v2\/product_cat?post=33394"},{"taxonomy":"product_tag","embeddable":true,"href":"https:\/\/olemosaic.com\/pt-pt\/wp-json\/wp\/v2\/product_tag?post=33394"}],"curies":[{"name":"wp","href":"https:\/\/api.w.org\/{rel}","templated":true}]}}