{"id":33393,"date":"2025-02-20T23:33:19","date_gmt":"2025-02-20T22:33:19","guid":{"rendered":"http:\/\/olemosaic.com\/producto\/llavero-de-madera-gato-6\/"},"modified":"2025-07-25T18:57:14","modified_gmt":"2025-07-25T16:57:14","slug":"porta-chaves-de-madeira-gato-6","status":"publish","type":"product","link":"https:\/\/olemosaic.com\/pt-pt\/produto\/porta-chaves-de-madeira-gato-6\/","title":{"rendered":"Porta-chaves de madeira. Gato. Mosaico."},"content":{"rendered":"<p>Este porta-chaves de madeira com forma de gato \u00e9 uma encantadora representa\u00e7\u00e3o do ic\u00f3nico estilo de mosaico de Gaud\u00ed, uma aut\u00eantica joia da arte modernista catal\u00e3. O seu design vibrante destaca-se por uma paleta de cores brilhantes, com tonalidades de vermelho, azul, amarelo e verde, que evocam a rica heran\u00e7a cultural de Barcelona. A figura do gato, estilizada numa pose brincalhona, reflete a criatividade e o esp\u00edrito l\u00fadico que caracterizam a obra de Gaud\u00ed, tornando-se simultaneamente um acess\u00f3rio pr\u00e1tico para o dia a dia.<\/p>\n<p>O porta-chaves \u00e9 fabricado com materiais de alta qualidade, garantindo a sua durabilidade e resist\u00eancia gra\u00e7as ao seu robusto anel met\u00e1lico, que o torna um companheiro ideal para transportar as suas chaves de forma segura. Este produto n\u00e3o \u00e9 apenas um porta-chaves, mas um aut\u00eantico souvenir de Barcelona que captura a ess\u00eancia da cidade, tornando-o perfeito para os turistas que procuram levar um pedacinho desta vibrante metr\u00f3pole.<\/p>\n<p>Na Ol\u00e9 Mosaic, o nosso compromisso \u00e9 oferecer souvenirs aut\u00eanticos que representem a cultura espanhola com car\u00e1cter e um design muito especial. Este porta-chaves de gato \u00e9 uma excelente ideia para lojas de presentes tur\u00edsticos que desejem atrair aqueles que procuram recorda\u00e7\u00f5es \u00fanicas e significativas. Com cada compra, os seus clientes n\u00e3o s\u00f3 adquirir\u00e3o um porta-chaves, mas uma pe\u00e7a da rica heran\u00e7a art\u00edstica da Catalunha.<\/p>\n","protected":false},"excerpt":{"rendered":"<p>Porta-chaves de madeira com forma de gato, inspirado no estilo do mosaico de Gaud\u00ed. Este atraente porta-chaves apresenta um design vibrante, com uma combina\u00e7\u00e3o de cores brilhantes em tons de vermelho, azul, amarelo e verde, que evocam a arte modernista catal\u00e3. A figura do gato, com a sua pose brincalhona e detalhes estilizados, \u00e9 complementada por uma anilha met\u00e1lica resistente para maior durabilidade. Ideal como recorda\u00e7\u00e3o de Barcelona ou presente para os amantes da cultura espanhola.<\/p>\n","protected":false},"featured_media":10711,"template":"","meta":{"_acf_changed":false},"product_brand":[],"product_cat":[611],"product_tag":[516],"class_list":{"0":"post-33393","1":"product","2":"type-product","3":"status-publish","4":"has-post-thumbnail","6":"product_cat-porta-chaves","7":"product_tag-animais","8":"pa_motivo-gatos","10":"first","11":"instock","12":"shipping-taxable","13":"product-type-simple"},"acf":[],"_links":{"self":[{"href":"https:\/\/olemosaic.com\/pt-pt\/wp-json\/wp\/v2\/product\/33393","targetHints":{"allow":["GET"]}}],"collection":[{"href":"https:\/\/olemosaic.com\/pt-pt\/wp-json\/wp\/v2\/product"}],"about":[{"href":"https:\/\/olemosaic.com\/pt-pt\/wp-json\/wp\/v2\/types\/product"}],"wp:featuredmedia":[{"embeddable":true,"href":"https:\/\/olemosaic.com\/pt-pt\/wp-json\/wp\/v2\/media\/10711"}],"wp:attachment":[{"href":"https:\/\/olemosaic.com\/pt-pt\/wp-json\/wp\/v2\/media?parent=33393"}],"wp:term":[{"taxonomy":"product_brand","embeddable":true,"href":"https:\/\/olemosaic.com\/pt-pt\/wp-json\/wp\/v2\/product_brand?post=33393"},{"taxonomy":"product_cat","embeddable":true,"href":"https:\/\/olemosaic.com\/pt-pt\/wp-json\/wp\/v2\/product_cat?post=33393"},{"taxonomy":"product_tag","embeddable":true,"href":"https:\/\/olemosaic.com\/pt-pt\/wp-json\/wp\/v2\/product_tag?post=33393"}],"curies":[{"name":"wp","href":"https:\/\/api.w.org\/{rel}","templated":true}]}}