{"id":33390,"date":"2025-02-20T23:33:18","date_gmt":"2025-02-20T22:33:18","guid":{"rendered":"http:\/\/olemosaic.com\/producto\/llavero-de-madera-gato-3\/"},"modified":"2025-07-25T18:41:32","modified_gmt":"2025-07-25T16:41:32","slug":"porta-chaves-de-madeira-gato-3","status":"publish","type":"product","link":"https:\/\/olemosaic.com\/pt-pt\/produto\/porta-chaves-de-madeira-gato-3\/","title":{"rendered":"Porta-chaves de madeira. Gato. Gaud\u00ed."},"content":{"rendered":"<p>Este porta-chaves de madeira com forma de gato \u00e9 um delicado e colorido souvenir que captura a ess\u00eancia da arte e da cultura espanhola. Com um design pintado \u00e0 m\u00e3o e uma rica paleta de cores vibrantes \u2014 vermelho, azul e amarelo \u2014, este porta-chaves n\u00e3o s\u00f3 \u00e9 funcional, como tamb\u00e9m uma pequena obra de arte que evoca a tradi\u00e7\u00e3o dos azulejos que adornam muitas cidades de Espanha. A representa\u00e7\u00e3o do gato, um s\u00edmbolo de curiosidade e independ\u00eancia, est\u00e1 rodeada de intrincados motivos inspirados nos desenhos t\u00edpicos da cer\u00e2mica local, criando um apelo visual que recorda os recantos mais emblem\u00e1ticos do pa\u00eds. \u00c9 uma excelente op\u00e7\u00e3o para quem procura recorda\u00e7\u00f5es aut\u00eanticas que reflitam a cultura e o folclore da regi\u00e3o. Ideal para turistas, este artigo torna-se um pequeno tesouro que permite levar um pedacinho de Espanha todos os dias. Na Ol\u00e9 Mosaic, como grossista de souvenirs, oferecemos produtos de alta qualidade e relev\u00e2ncia cultural, perfeitos para lojas de presentes tur\u00edsticos que desejem atrair os seus clientes com pe\u00e7as \u00fanicas e representativas. Este porta-chaves de gato \u00e9 o presente ideal, pois combina arte e funcionalidade, tornando-se um s\u00edmbolo da tradi\u00e7\u00e3o artesanal espanhola.<\/p>\n","protected":false},"excerpt":{"rendered":"<p>Porta-chaves de madeira com forma de gato, decorado com motivos coloridos de azulejos t\u00edpicos da cultura espanhola. Este encantador porta-chaves destaca-se pelo seu design artesanal, pintado \u00e0 m\u00e3o, que mostra uma rica paleta de cores como o vermelho, azul e amarelo, evocando a tradi\u00e7\u00e3o artesanal da cer\u00e2mica. A representa\u00e7\u00e3o do gato capta a ess\u00eancia do folclore local, tornando-o um souvenir perfeito que combina funcionalidade e arte.<\/p>\n","protected":false},"featured_media":10960,"template":"","meta":{"_acf_changed":false},"product_brand":[],"product_cat":[611],"product_tag":[516],"class_list":{"0":"post-33390","1":"product","2":"type-product","3":"status-publish","4":"has-post-thumbnail","6":"product_cat-porta-chaves","7":"product_tag-animais","8":"pa_motivo-gatos","10":"first","11":"instock","12":"shipping-taxable","13":"product-type-simple"},"acf":[],"_links":{"self":[{"href":"https:\/\/olemosaic.com\/pt-pt\/wp-json\/wp\/v2\/product\/33390","targetHints":{"allow":["GET"]}}],"collection":[{"href":"https:\/\/olemosaic.com\/pt-pt\/wp-json\/wp\/v2\/product"}],"about":[{"href":"https:\/\/olemosaic.com\/pt-pt\/wp-json\/wp\/v2\/types\/product"}],"wp:featuredmedia":[{"embeddable":true,"href":"https:\/\/olemosaic.com\/pt-pt\/wp-json\/wp\/v2\/media\/10960"}],"wp:attachment":[{"href":"https:\/\/olemosaic.com\/pt-pt\/wp-json\/wp\/v2\/media?parent=33390"}],"wp:term":[{"taxonomy":"product_brand","embeddable":true,"href":"https:\/\/olemosaic.com\/pt-pt\/wp-json\/wp\/v2\/product_brand?post=33390"},{"taxonomy":"product_cat","embeddable":true,"href":"https:\/\/olemosaic.com\/pt-pt\/wp-json\/wp\/v2\/product_cat?post=33390"},{"taxonomy":"product_tag","embeddable":true,"href":"https:\/\/olemosaic.com\/pt-pt\/wp-json\/wp\/v2\/product_tag?post=33390"}],"curies":[{"name":"wp","href":"https:\/\/api.w.org\/{rel}","templated":true}]}}