{"id":33371,"date":"2025-02-20T22:33:18","date_gmt":"2025-02-20T22:33:18","guid":{"rendered":"http:\/\/olemosaic.com\/producto\/llavero-de-madera-gallo\/"},"modified":"2025-07-25T19:32:53","modified_gmt":"2025-07-25T17:32:53","slug":"porta-chaves-de-madeira-galo","status":"publish","type":"product","link":"https:\/\/olemosaic.com\/pt-pt\/produto\/porta-chaves-de-madeira-galo\/","title":{"rendered":"Porta-chaves de madeira. Galo."},"content":{"rendered":"<p>Este porta-chaves de madeira em forma de galo \u00e9 um aut\u00eantico s\u00edmbolo da cultura portuguesa, desenhado para capturar a ess\u00eancia da tradi\u00e7\u00e3o e da arte de Portugal. Com uma vibrante gama de cores que inclui vermelhos, azuis, verdes e amarelos, este porta-chaves n\u00e3o \u00e9 apenas funcional, mas tamb\u00e9m uma pe\u00e7a de arte que se destaca pelo seu apelo visual. A t\u00e9cnica de corte preciso utilizada no seu fabrico real\u00e7a delicadamente as texturas das penas, dando vida e movimento a este emblem\u00e1tico galo. O acabamento em cor preta proporciona um toque contempor\u00e2neo que contrasta com o calor das cores, fazendo com que cada chave que decore pare\u00e7a especial.<\/p>\n<p>O galo, conhecido pela sua liga\u00e7\u00e3o \u00e0 hist\u00f3ria e ao folclore portugu\u00eas, \u00e9 um s\u00edmbolo de boa sorte e representa a alegria e a autenticidade do pa\u00eds. Este porta-chaves, portanto, n\u00e3o \u00e9 apenas um acess\u00f3rio, mas uma recorda\u00e7\u00e3o tang\u00edvel das tradi\u00e7\u00f5es portuguesas que os turistas desejam levar consigo.<\/p>\n<p>Na Ol\u00e9 Mosaic, reconhecemos a import\u00e2ncia dos souvenirs aut\u00eanticos que ligam os turistas \u00e0 sua experi\u00eancia. Este porta-chaves de galo \u00e9 uma excelente op\u00e7\u00e3o para lojas de presentes tur\u00edsticos que procuram produtos de qualidade e relev\u00e2ncia cultural. Como grossista de souvenirs, garantimos a autenticidade e o design atraente em cada artigo.<\/p>\n","protected":false},"excerpt":{"rendered":"<p>Porta-chaves de madeira em forma de galo, um s\u00edmbolo ic\u00f3nico de Portugal. Este colorido porta-chaves destaca-se pelo seu design vibrante, com uma alegre combina\u00e7\u00e3o de cores em tons de vermelho, azul, verde e amarelo, inspirados na cer\u00e2mica portuguesa tradicional. A t\u00e9cnica de corte precisa real\u00e7a as texturas das penas, e o acabamento preto confere-lhe um toque moderno. Um souvenir perfeito para recordar a cultura portuguesa de forma pr\u00e1tica e atraente.<\/p>\n","protected":false},"featured_media":10625,"template":"","meta":{"_acf_changed":false},"product_brand":[],"product_cat":[611],"product_tag":[516],"class_list":{"0":"post-33371","1":"product","2":"type-product","3":"status-publish","4":"has-post-thumbnail","6":"product_cat-porta-chaves","7":"product_tag-animais","8":"pa_motivo-galos","10":"first","11":"instock","12":"shipping-taxable","13":"product-type-simple"},"acf":[],"_links":{"self":[{"href":"https:\/\/olemosaic.com\/pt-pt\/wp-json\/wp\/v2\/product\/33371","targetHints":{"allow":["GET"]}}],"collection":[{"href":"https:\/\/olemosaic.com\/pt-pt\/wp-json\/wp\/v2\/product"}],"about":[{"href":"https:\/\/olemosaic.com\/pt-pt\/wp-json\/wp\/v2\/types\/product"}],"wp:featuredmedia":[{"embeddable":true,"href":"https:\/\/olemosaic.com\/pt-pt\/wp-json\/wp\/v2\/media\/10625"}],"wp:attachment":[{"href":"https:\/\/olemosaic.com\/pt-pt\/wp-json\/wp\/v2\/media?parent=33371"}],"wp:term":[{"taxonomy":"product_brand","embeddable":true,"href":"https:\/\/olemosaic.com\/pt-pt\/wp-json\/wp\/v2\/product_brand?post=33371"},{"taxonomy":"product_cat","embeddable":true,"href":"https:\/\/olemosaic.com\/pt-pt\/wp-json\/wp\/v2\/product_cat?post=33371"},{"taxonomy":"product_tag","embeddable":true,"href":"https:\/\/olemosaic.com\/pt-pt\/wp-json\/wp\/v2\/product_tag?post=33371"}],"curies":[{"name":"wp","href":"https:\/\/api.w.org\/{rel}","templated":true}]}}