{"id":33368,"date":"2025-02-20T23:33:17","date_gmt":"2025-02-20T22:33:17","guid":{"rendered":"http:\/\/olemosaic.com\/producto\/llavero-de-madera-elefante-3\/"},"modified":"2025-07-25T20:30:04","modified_gmt":"2025-07-25T18:30:04","slug":"porta-chaves-de-madeira-elefante-3","status":"publish","type":"product","link":"https:\/\/olemosaic.com\/pt-pt\/produto\/porta-chaves-de-madeira-elefante-3\/","title":{"rendered":"Porta-chaves de madeira. Elefante. Cer\u00e2mica espanhola."},"content":{"rendered":"<p>Este porta-chaves de madeira em forma de elefante \u00e9 uma pe\u00e7a encantadora que captura a ess\u00eancia cultural e art\u00edstica da tradi\u00e7\u00e3o mediterr\u00e2nica. Decorado com um vibrante mosaico de cores, o seu design evoca as coloridas cer\u00e2micas t\u00edpicas de Espanha, refletindo a diversidade e alegria que caracterizam a cultura local. Com detalhes em vermelho, azul, amarelo e verde, cada tonalidade destaca-se sobre o fundo claro, criando um efeito visual atraente para turistas e colecionadores de souvenirs.<\/p>\n<p>A figura do elefante, que simboliza for\u00e7a, sabedoria e boa sorte, torna-o um presente especial para quem procura algo mais do que um simples porta-chaves: \u00e9 uma recorda\u00e7\u00e3o que encapsula momentos vividos em viagens e aventuras. A artesania deste porta-chaves destaca a sua autenticidade como um souvenir t\u00edpico, ideal para os viajantes que desejam levar um pedacinho de Espanha consigo.<\/p>\n<p>Na Ol\u00e9 Mosaic dedicamo-nos \u00e0 distribui\u00e7\u00e3o de souvenirs por grosso, oferecendo pe\u00e7as \u00fanicas que celebram a heran\u00e7a cultural da regi\u00e3o. Este porta-chaves de elefante \u00e9 uma excelente op\u00e7\u00e3o para lojas de presentes tur\u00edsticos que procuram produtos aut\u00eanticos e de qualidade. Como grossistas de porta-chaves, garantimos que cada pe\u00e7a \u00e9, al\u00e9m de funcional, uma aut\u00eantica representa\u00e7\u00e3o da arte e design espanhol.<\/p>\n","protected":false},"excerpt":{"rendered":"<p>Porta-chaves de madeira em forma de elefante, decorado com um vibrante mosaico de cores que evoca a cer\u00e2mica tradicional espanhola. Este porta-chaves, uma representa\u00e7\u00e3o art\u00edstica e divertida, apresenta detalhes em vermelho, azul, amarelo e verde que se destacam sobre o fundo claro. Ideal para levar as chaves ou como presente, combina funcionalidade com um design \u00fanico que captura a ess\u00eancia da cultura mediterr\u00e2nica.<\/p>\n","protected":false},"featured_media":10991,"template":"","meta":{"_acf_changed":false},"product_brand":[],"product_cat":[611],"product_tag":[516],"class_list":{"0":"post-33368","1":"product","2":"type-product","3":"status-publish","4":"has-post-thumbnail","6":"product_cat-porta-chaves","7":"product_tag-animais","8":"pa_motivo-elefantes","10":"first","11":"instock","12":"shipping-taxable","13":"product-type-simple"},"acf":[],"_links":{"self":[{"href":"https:\/\/olemosaic.com\/pt-pt\/wp-json\/wp\/v2\/product\/33368","targetHints":{"allow":["GET"]}}],"collection":[{"href":"https:\/\/olemosaic.com\/pt-pt\/wp-json\/wp\/v2\/product"}],"about":[{"href":"https:\/\/olemosaic.com\/pt-pt\/wp-json\/wp\/v2\/types\/product"}],"wp:featuredmedia":[{"embeddable":true,"href":"https:\/\/olemosaic.com\/pt-pt\/wp-json\/wp\/v2\/media\/10991"}],"wp:attachment":[{"href":"https:\/\/olemosaic.com\/pt-pt\/wp-json\/wp\/v2\/media?parent=33368"}],"wp:term":[{"taxonomy":"product_brand","embeddable":true,"href":"https:\/\/olemosaic.com\/pt-pt\/wp-json\/wp\/v2\/product_brand?post=33368"},{"taxonomy":"product_cat","embeddable":true,"href":"https:\/\/olemosaic.com\/pt-pt\/wp-json\/wp\/v2\/product_cat?post=33368"},{"taxonomy":"product_tag","embeddable":true,"href":"https:\/\/olemosaic.com\/pt-pt\/wp-json\/wp\/v2\/product_tag?post=33368"}],"curies":[{"name":"wp","href":"https:\/\/api.w.org\/{rel}","templated":true}]}}