{"id":33344,"date":"2025-02-20T23:33:17","date_gmt":"2025-02-20T22:33:17","guid":{"rendered":"http:\/\/olemosaic.com\/producto\/llavero-de-madera-dromedario-2\/"},"modified":"2025-07-25T19:11:31","modified_gmt":"2025-07-25T17:11:31","slug":"porta-chaves-de-madeira-dromedario-2","status":"publish","type":"product","link":"https:\/\/olemosaic.com\/pt-pt\/produto\/porta-chaves-de-madeira-dromedario-2\/","title":{"rendered":"Porta-chaves de madeira. Dromed\u00e1rio. Andaluzia."},"content":{"rendered":"<p>Este porta-chaves de madeira em forma de dromed\u00e1rio \u00e9 um souvenir encantador que capta a ess\u00eancia cultural da Andaluzia. Com um design vibrante e colorido, este porta-chaves apresenta padr\u00f5es de cer\u00e2mica andaluza que evocam a rica tradi\u00e7\u00e3o art\u00edstica de la regi\u00e3o. Pintado \u00e0 m\u00e3o, cada dromed\u00e1rio \u00e9 adornado com motivos florais em tons de azul, laranja e vermelho, que n\u00e3o s\u00f3 acrescentam um toque alegre, mas tamb\u00e9m refletem a biodiversidade e o calor da cultura espanhola.<\/p>\n<p>A figura do dromed\u00e1rio, s\u00edmbolo da liga\u00e7\u00e3o da Andaluzia com as rotas comerciais e a hist\u00f3ria, torna este porta-chaves uma recorda\u00e7\u00e3o representativa das viagens ao sul de Espanha. O seu design funcional torna-o perfeito para recordar as suas aventuras, enquanto a sua qualidade artesanal garante uma durabilidade excecional. Este porta-chaves n\u00e3o \u00e9 apenas um acess\u00f3rio, mas um peda\u00e7o de folclore que pode levar consigo, ideal para adornar as suas chaves ou mochilas com um toque de autenticidade.<\/p>\n<p>Na Ol\u00e9 Mosaic, orgulhamo-nos de oferecer souvenirs aut\u00eanticos por grosso que destacam a riqueza cultural de Espanha. Este porta-chaves de dromed\u00e1rio \u00e9 uma excelente op\u00e7\u00e3o para lojas de presentes tur\u00edsticos que procuram produtos \u00fanicos e representativos. Como distribuidores de souvenirs, garantimos a qualidade e originalidade em cada pe\u00e7a.<\/p>\n","protected":false},"excerpt":{"rendered":"<p>Porta-chaves de madeira em forma de dromed\u00e1rio, decorado com vibrantes padr\u00f5es de cer\u00e2mica andaluza que evocam a riqueza cultural da regi\u00e3o. O design pintado inclui motivos florais em tons de azul, laranja e vermelho, conferindo um toque art\u00edstico e alegre. Ideal para recordar viagens a Espanha, este porta-chaves \u00e9 uma pe\u00e7a funcional e \u00fanica, perfeita para adicionar um toque de folclore \u00e0s suas chaves ou mochilas.<\/p>\n","protected":false},"featured_media":10968,"template":"","meta":{"_acf_changed":false},"product_brand":[],"product_cat":[611],"product_tag":[516],"class_list":{"0":"post-33344","1":"product","2":"type-product","3":"status-publish","4":"has-post-thumbnail","6":"product_cat-porta-chaves","7":"product_tag-animais","8":"pa_motivo-dromedarios","10":"first","11":"instock","12":"shipping-taxable","13":"product-type-simple"},"acf":[],"_links":{"self":[{"href":"https:\/\/olemosaic.com\/pt-pt\/wp-json\/wp\/v2\/product\/33344","targetHints":{"allow":["GET"]}}],"collection":[{"href":"https:\/\/olemosaic.com\/pt-pt\/wp-json\/wp\/v2\/product"}],"about":[{"href":"https:\/\/olemosaic.com\/pt-pt\/wp-json\/wp\/v2\/types\/product"}],"wp:featuredmedia":[{"embeddable":true,"href":"https:\/\/olemosaic.com\/pt-pt\/wp-json\/wp\/v2\/media\/10968"}],"wp:attachment":[{"href":"https:\/\/olemosaic.com\/pt-pt\/wp-json\/wp\/v2\/media?parent=33344"}],"wp:term":[{"taxonomy":"product_brand","embeddable":true,"href":"https:\/\/olemosaic.com\/pt-pt\/wp-json\/wp\/v2\/product_brand?post=33344"},{"taxonomy":"product_cat","embeddable":true,"href":"https:\/\/olemosaic.com\/pt-pt\/wp-json\/wp\/v2\/product_cat?post=33344"},{"taxonomy":"product_tag","embeddable":true,"href":"https:\/\/olemosaic.com\/pt-pt\/wp-json\/wp\/v2\/product_tag?post=33344"}],"curies":[{"name":"wp","href":"https:\/\/api.w.org\/{rel}","templated":true}]}}