{"id":33340,"date":"2025-02-20T23:33:16","date_gmt":"2025-02-20T22:33:16","guid":{"rendered":"http:\/\/olemosaic.com\/producto\/llavero-de-madera-caballito-de-mar-2\/"},"modified":"2025-07-25T20:24:54","modified_gmt":"2025-07-25T18:24:54","slug":"porta-chaves-de-madeira-cavalo-marinho-2","status":"publish","type":"product","link":"https:\/\/olemosaic.com\/pt-pt\/produto\/porta-chaves-de-madeira-cavalo-marinho-2\/","title":{"rendered":"Porta-chaves de madeira. Cavalo-marinho. Estilo marinho."},"content":{"rendered":"<p>Este porta-chaves de madeira com forma de cavalo-marinho \u00e9 um atraente souvenir que encapsula a beleza e o dinamismo do ambiente marinho. Desenhado meticulosamente com um vibrante mosaico de cores, o porta-chaves apresenta uma obra artesanal com efeito de pintura \u00e0 m\u00e3o que capta a ess\u00eancia do fundo do mar, oferecendo um design cheio de vida. As cores verde, azul, vermelho e amarelo combinam-se harmoniosamente, criando um efeito visual cativante que transporta quem o v\u00ea para as \u00e1guas quentes da costa espanhola. A forma distintiva do cavalo-marinho, emblem\u00e1tico dos ecossistemas marinhos, n\u00e3o serve apenas como um acess\u00f3rio para chaves, mas tamb\u00e9m como uma recorda\u00e7\u00e3o evocativa da riqueza natural do litoral.<\/p>\n<p>Este porta-chaves \u00e9 uma excelente op\u00e7\u00e3o para turistas que procuram souvenirs aut\u00eanticos e representativos da sua experi\u00eancia em Espanha. A liga\u00e7\u00e3o cultural do cavalo-marinho reside no seu simbolismo de serenidade e criatividade, tornando-o um objeto de admira\u00e7\u00e3o e desejo. Na Ol\u00e9 Mosaic, oferecemos porta-chaves de madeira de alta qualidade, perfeitos para lojas de presentes tur\u00edsticos que desejem oferecer artigos distintivos. Este porta-chaves n\u00e3o s\u00f3 acrescenta um toque art\u00edstico e original \u00e0s chaves; tamb\u00e9m representa um peda\u00e7o da cultura costeira espanhola, ideal para quem deseja levar uma recorda\u00e7\u00e3o significativa.<\/p>\n","protected":false},"excerpt":{"rendered":"<p>Porta-chaves de madeira com forma de cavalo-marinho, decorado com um vibrante mosaico de cores que capta a ess\u00eancia do ambiente marinho. Este atraente porta-chaves apresenta um design artesanal, pintado \u00e0 m\u00e3o, com detalhes em verde, azul, vermelho e amarelo que evocam o fundo do mar. Ideal como recorda\u00e7\u00e3o da costa espanhola, acrescenta um toque art\u00edstico e distintivo \u00e0s suas chaves gra\u00e7as \u00e0 sua originalidade e encanto.<\/p>\n","protected":false},"featured_media":10782,"template":"","meta":{"_acf_changed":false},"product_brand":[],"product_cat":[611],"product_tag":[516],"class_list":{"0":"post-33340","1":"product","2":"type-product","3":"status-publish","4":"has-post-thumbnail","6":"product_cat-porta-chaves","7":"product_tag-animais","8":"pa_motivo-cavalos-marinhos","10":"first","11":"instock","12":"shipping-taxable","13":"product-type-simple"},"acf":[],"_links":{"self":[{"href":"https:\/\/olemosaic.com\/pt-pt\/wp-json\/wp\/v2\/product\/33340","targetHints":{"allow":["GET"]}}],"collection":[{"href":"https:\/\/olemosaic.com\/pt-pt\/wp-json\/wp\/v2\/product"}],"about":[{"href":"https:\/\/olemosaic.com\/pt-pt\/wp-json\/wp\/v2\/types\/product"}],"wp:featuredmedia":[{"embeddable":true,"href":"https:\/\/olemosaic.com\/pt-pt\/wp-json\/wp\/v2\/media\/10782"}],"wp:attachment":[{"href":"https:\/\/olemosaic.com\/pt-pt\/wp-json\/wp\/v2\/media?parent=33340"}],"wp:term":[{"taxonomy":"product_brand","embeddable":true,"href":"https:\/\/olemosaic.com\/pt-pt\/wp-json\/wp\/v2\/product_brand?post=33340"},{"taxonomy":"product_cat","embeddable":true,"href":"https:\/\/olemosaic.com\/pt-pt\/wp-json\/wp\/v2\/product_cat?post=33340"},{"taxonomy":"product_tag","embeddable":true,"href":"https:\/\/olemosaic.com\/pt-pt\/wp-json\/wp\/v2\/product_tag?post=33340"}],"curies":[{"name":"wp","href":"https:\/\/api.w.org\/{rel}","templated":true}]}}