{"id":33339,"date":"2025-02-20T23:33:16","date_gmt":"2025-02-20T22:33:16","guid":{"rendered":"http:\/\/olemosaic.com\/producto\/llavero-de-madera-buho-2\/"},"modified":"2025-07-25T19:15:52","modified_gmt":"2025-07-25T17:15:52","slug":"porta-chaves-de-madeira-coruja-2","status":"publish","type":"product","link":"https:\/\/olemosaic.com\/pt-pt\/produto\/porta-chaves-de-madeira-coruja-2\/","title":{"rendered":"Porta-chaves de madeira. Coruja. Padr\u00e3o floral."},"content":{"rendered":"<p>Este porta-chaves de madeira com forma de coruja \u00e9 uma pe\u00e7a encantadora que capta a ess\u00eancia da arte tradicional espanhola. Desenhado com esmero, apresenta uma coruja decorada com vibrantes motivos florais em tons de vermelho, azul e amarelo, pintados \u00e0 m\u00e3o, o que o torna atraente e \u00fanico. Os intrincados padr\u00f5es que adornam o seu corpo evocam a rica heran\u00e7a cultural ib\u00e9rica, transformando um objeto quotidiano num aut\u00eantico souvenir que presta homenagem \u00e0s tradi\u00e7\u00f5es art\u00edsticas de Espanha.<\/p>\n<p>A coruja, s\u00edmbolo de sabedoria e prote\u00e7\u00e3o, foi integrada em m\u00faltiplas lendas e no folclore ib\u00e9rico, acrescentando valor cultural a este souvenir. Ideal como presente ou para uso pessoal, este porta-chaves n\u00e3o \u00e9 apenas pr\u00e1tico, mas tamb\u00e9m uma express\u00e3o da diversidade cultural que se encontra em cada canto da pen\u00ednsula.<\/p>\n<p>Na Ol\u00e9 Mosaic oferecemos este porta-chaves de coruja de madeira como parte da nossa exclusiva gama de souvenirs. A nossa especializa\u00e7\u00e3o na distribui\u00e7\u00e3o de artigos de qualidade por grosso garante que cada pe\u00e7a que oferecemos \u00e9 um reflexo aut\u00eantico do patrim\u00f3nio espanhol. Este porta-chaves \u00e9 uma adi\u00e7\u00e3o perfeita para lojas de presentes tur\u00edsticos que procuram artigos verdadeiramente representativos e cheios de hist\u00f3ria.<\/p>\n","protected":false},"excerpt":{"rendered":"<p>Porta-chaves de madeira com forma de coruja, decorado com motivos coloridos que evocam a arte tradicional espanhola. Este atraente porta-chaves apresenta um design artesanal, pintado \u00e0 m\u00e3o, com padr\u00f5es florais em tons vibrantes de vermelho, azul e amarelo que real\u00e7am a figura da coruja. Ideal como recorda\u00e7\u00e3o ou presente, capta a ess\u00eancia do folclore e da cultura ib\u00e9rica num formato pr\u00e1tico e encantador.<\/p>\n","protected":false},"featured_media":10964,"template":"","meta":{"_acf_changed":false},"product_brand":[],"product_cat":[611],"product_tag":[516],"class_list":{"0":"post-33339","1":"product","2":"type-product","3":"status-publish","4":"has-post-thumbnail","6":"product_cat-porta-chaves","7":"product_tag-animais","8":"pa_motivo-corujas","10":"first","11":"instock","12":"shipping-taxable","13":"product-type-simple"},"acf":[],"_links":{"self":[{"href":"https:\/\/olemosaic.com\/pt-pt\/wp-json\/wp\/v2\/product\/33339","targetHints":{"allow":["GET"]}}],"collection":[{"href":"https:\/\/olemosaic.com\/pt-pt\/wp-json\/wp\/v2\/product"}],"about":[{"href":"https:\/\/olemosaic.com\/pt-pt\/wp-json\/wp\/v2\/types\/product"}],"wp:featuredmedia":[{"embeddable":true,"href":"https:\/\/olemosaic.com\/pt-pt\/wp-json\/wp\/v2\/media\/10964"}],"wp:attachment":[{"href":"https:\/\/olemosaic.com\/pt-pt\/wp-json\/wp\/v2\/media?parent=33339"}],"wp:term":[{"taxonomy":"product_brand","embeddable":true,"href":"https:\/\/olemosaic.com\/pt-pt\/wp-json\/wp\/v2\/product_brand?post=33339"},{"taxonomy":"product_cat","embeddable":true,"href":"https:\/\/olemosaic.com\/pt-pt\/wp-json\/wp\/v2\/product_cat?post=33339"},{"taxonomy":"product_tag","embeddable":true,"href":"https:\/\/olemosaic.com\/pt-pt\/wp-json\/wp\/v2\/product_tag?post=33339"}],"curies":[{"name":"wp","href":"https:\/\/api.w.org\/{rel}","templated":true}]}}