{"id":33338,"date":"2025-02-20T22:33:16","date_gmt":"2025-02-20T22:33:16","guid":{"rendered":"http:\/\/olemosaic.com\/producto\/llavero-de-madera-buho\/"},"modified":"2025-07-25T19:24:10","modified_gmt":"2025-07-25T17:24:10","slug":"porta-chaves-de-madeira-coruja","status":"publish","type":"product","link":"https:\/\/olemosaic.com\/pt-pt\/produto\/porta-chaves-de-madeira-coruja\/","title":{"rendered":"Porta-chaves de madeira. Coruja."},"content":{"rendered":"<p>Este porta-chaves de madeira com forma de coruja \u00e9 um souvenir espetacular que encarna a ess\u00eancia da arte mediterr\u00e2nica, especialmente o famoso trencad\u00eds que caracteriza muitas obras arquitet\u00f3nicas espanholas. Com um design vibrante e detalhado, este porta-chaves apresenta uma coruja decorada com uma explos\u00e3o de cores vivas: vermelho, azul, verde e amarelo, que se entrela\u00e7am numa est\u00e9tica l\u00fadica, complementada por um contorno preto que acentua a sua silhueta estilizada. O artesanato deste porta-chaves n\u00e3o s\u00f3 o torna atraente \u00e0 vista, como tamb\u00e9m confere um toque de tradi\u00e7\u00e3o e cultura, ao ser elaborado em madeira, um material emblem\u00e1tico do artesanato espanhol.<\/p>\n<p>Este porta-chaves n\u00e3o \u00e9 apenas um acess\u00f3rio funcional, mas torna-se uma recorda\u00e7\u00e3o significativa para quem visita Espanha. As corujas s\u00e3o s\u00edmbolos de sabedoria e mist\u00e9rio em muitas culturas, e este design n\u00e3o s\u00f3 representa um animal fascinante, como tamb\u00e9m reflete o amor pela arte e pelo artesanato t\u00edpicos de la regi\u00e3o. Na Ol\u00e9 Mosaic, oferecemos este porta-chaves de coruja como parte da nossa exclusiva sele\u00e7\u00e3o de souvenirs, garantindo que cada pe\u00e7a seja aut\u00eantica e relevante para os turistas que procuram recordar a sua experi\u00eancia mediterr\u00e2nica. Este porta-chaves de madeira \u00e9 uma op\u00e7\u00e3o ideal para lojas de presentes tur\u00edsticos que desejam oferecer produtos \u00fanicos e representativos da cultura espanhola.<\/p>\n","protected":false},"excerpt":{"rendered":"<p>Porta-chaves de madeira com forma de coruja, elaborado com um design colorido inspirado na arte do trencad\u00eds. Este atraente porta-chaves apresenta uma coruja decorada com uma infinidade de cores vivas, como vermelho, azul e verde, e um contorno preto que real\u00e7a a sua forma estilizada. Ideal como recorda\u00e7\u00e3o de Espanha, este porta-chaves combina funcionalidade e est\u00e9tica, tornando-o um presente perfeito para os amantes da cultura mediterr\u00e2nica.<\/p>\n","protected":false},"featured_media":10988,"template":"","meta":{"_acf_changed":false},"product_brand":[],"product_cat":[611],"product_tag":[516],"class_list":{"0":"post-33338","1":"product","2":"type-product","3":"status-publish","4":"has-post-thumbnail","6":"product_cat-porta-chaves","7":"product_tag-animais","8":"pa_motivo-corujas","10":"first","11":"instock","12":"shipping-taxable","13":"product-type-simple"},"acf":[],"_links":{"self":[{"href":"https:\/\/olemosaic.com\/pt-pt\/wp-json\/wp\/v2\/product\/33338","targetHints":{"allow":["GET"]}}],"collection":[{"href":"https:\/\/olemosaic.com\/pt-pt\/wp-json\/wp\/v2\/product"}],"about":[{"href":"https:\/\/olemosaic.com\/pt-pt\/wp-json\/wp\/v2\/types\/product"}],"wp:featuredmedia":[{"embeddable":true,"href":"https:\/\/olemosaic.com\/pt-pt\/wp-json\/wp\/v2\/media\/10988"}],"wp:attachment":[{"href":"https:\/\/olemosaic.com\/pt-pt\/wp-json\/wp\/v2\/media?parent=33338"}],"wp:term":[{"taxonomy":"product_brand","embeddable":true,"href":"https:\/\/olemosaic.com\/pt-pt\/wp-json\/wp\/v2\/product_brand?post=33338"},{"taxonomy":"product_cat","embeddable":true,"href":"https:\/\/olemosaic.com\/pt-pt\/wp-json\/wp\/v2\/product_cat?post=33338"},{"taxonomy":"product_tag","embeddable":true,"href":"https:\/\/olemosaic.com\/pt-pt\/wp-json\/wp\/v2\/product_tag?post=33338"}],"curies":[{"name":"wp","href":"https:\/\/api.w.org\/{rel}","templated":true}]}}