{"id":33326,"date":"2025-02-20T23:33:15","date_gmt":"2025-02-20T22:33:15","guid":{"rendered":"http:\/\/olemosaic.com\/producto\/llavero-de-madera-camino-de-santiago-2\/"},"modified":"2025-07-25T18:49:30","modified_gmt":"2025-07-25T16:49:30","slug":"porta-chaves-de-madeira-caminho-de-santiago-2","status":"publish","type":"product","link":"https:\/\/olemosaic.com\/pt-pt\/produto\/porta-chaves-de-madeira-caminho-de-santiago-2\/","title":{"rendered":"Porta-chaves de madeira. Caminho de Santiago. Galiza."},"content":{"rendered":"<p>Este porta-chaves de madeira, decorado com ilustra\u00e7\u00f5es coloridas do Caminho de Santiago, \u00e9 uma pe\u00e7a encantadora que captura a ess\u00eancia de uma das rotas mais emblem\u00e1ticas de Espanha. Com um design vibrante, o porta-chaves apresenta elementos ic\u00f3nicos como a majestosa catedral de Santiago, um peregrino trajado com o seu caracter\u00edstico chap\u00e9u e outros detalhes que evocam a bela paisagem galega. Cada elemento gr\u00e1fico \u00e9 cuidadosamente elaborado, oferecendo um acabamento brilhante e cheio de matizes que fazem com que esta recorda\u00e7\u00e3o se destaque instantaneamente.<\/p>\n<p>O porta-chaves n\u00e3o \u00e9 apenas um acess\u00f3rio pr\u00e1tico para as chaves, mas tamb\u00e9m uma recorda\u00e7\u00e3o significativa das experi\u00eancias vividas no Caminho, um percurso que simboliza a espiritualidade e a tradi\u00e7\u00e3o cultural para muitos espanh\u00f3is e turistas. O seu design alegre e colorido torna-o um presente ideal para quem deseja levar consigo um peda\u00e7o desta tradi\u00e7\u00e3o milenar.<\/p>\n<p>Na Ol\u00e9 Mosaic, especializamo-nos na distribui\u00e7\u00e3o de souvenirs por grosso, e este porta-chaves de madeira \u00e9 uma excelente op\u00e7\u00e3o para as lojas de presentes tur\u00edsticos que procuram oferecer produtos aut\u00eanticos e culturalmente enriquecedores. Sem d\u00favida, \u00e9 um souvenir perfeito para recordar cada passo desta m\u00e1gica travessia.<\/p>\n","protected":false},"excerpt":{"rendered":"<p>Porta-chaves de madeira decorado com coloridas ilustra\u00e7\u00f5es do Caminho de Santiago, que representa elementos ic\u00f3nicos como a catedral de Santiago e um peregrino com o seu chap\u00e9u. Este atraente porta-chaves, que destaca a ess\u00eancia da famosa rota, conta com um acabamento em tons vibrantes e detalhes gr\u00e1ficos que evocam a paisagem galega. \u00c9 a pe\u00e7a perfeita para recordar cada passo do caminho ou como presente para os amantes das tradi\u00e7\u00f5es espanholas.<\/p>\n","protected":false},"featured_media":10801,"template":"","meta":{"_acf_changed":false},"product_brand":[],"product_cat":[611],"product_tag":[],"class_list":{"0":"post-33326","1":"product","2":"type-product","3":"status-publish","4":"has-post-thumbnail","6":"product_cat-porta-chaves","7":"pa_ciudad-santiago","8":"pa_pais-espana","10":"first","11":"instock","12":"shipping-taxable","13":"product-type-simple"},"acf":[],"_links":{"self":[{"href":"https:\/\/olemosaic.com\/pt-pt\/wp-json\/wp\/v2\/product\/33326","targetHints":{"allow":["GET"]}}],"collection":[{"href":"https:\/\/olemosaic.com\/pt-pt\/wp-json\/wp\/v2\/product"}],"about":[{"href":"https:\/\/olemosaic.com\/pt-pt\/wp-json\/wp\/v2\/types\/product"}],"wp:featuredmedia":[{"embeddable":true,"href":"https:\/\/olemosaic.com\/pt-pt\/wp-json\/wp\/v2\/media\/10801"}],"wp:attachment":[{"href":"https:\/\/olemosaic.com\/pt-pt\/wp-json\/wp\/v2\/media?parent=33326"}],"wp:term":[{"taxonomy":"product_brand","embeddable":true,"href":"https:\/\/olemosaic.com\/pt-pt\/wp-json\/wp\/v2\/product_brand?post=33326"},{"taxonomy":"product_cat","embeddable":true,"href":"https:\/\/olemosaic.com\/pt-pt\/wp-json\/wp\/v2\/product_cat?post=33326"},{"taxonomy":"product_tag","embeddable":true,"href":"https:\/\/olemosaic.com\/pt-pt\/wp-json\/wp\/v2\/product_tag?post=33326"}],"curies":[{"name":"wp","href":"https:\/\/api.w.org\/{rel}","templated":true}]}}