{"id":33324,"date":"2025-02-20T23:33:15","date_gmt":"2025-02-20T22:33:15","guid":{"rendered":"http:\/\/olemosaic.com\/producto\/llavero-de-madera-panoramica-sevilla\/"},"modified":"2025-07-25T18:41:02","modified_gmt":"2025-07-25T16:41:02","slug":"porta-chaves-de-madeira-panoramica-sevilha","status":"publish","type":"product","link":"https:\/\/olemosaic.com\/pt-pt\/produto\/porta-chaves-de-madeira-panoramica-sevilha\/","title":{"rendered":"Porta-chaves de madeira. Panor\u00e2mica. Sevilha."},"content":{"rendered":"<p>Este porta-chaves de madeira, com uma vibrante panor\u00e2mica de Sevilha, \u00e9 o souvenir ideal para quem deseja levar consigo um peda\u00e7o da hist\u00f3ria andaluza. O seu design destaca a majestade dos monumentos emblem\u00e1ticos da cidade, como a imponente Giralda, rodeada de palmeiras que evocam o ambiente quente do sul de Espanha. A ilustra\u00e7\u00e3o, rica em colorido, captura a ess\u00eancia de Sevilha, com um sol radiante que confere um toque de alegria e calor. Na parte inferior, a palavra &#8220;SEVILLA&#8221; aparece em letras alegres e multicoloridas, ecoando o esp\u00edrito festivo da cidade.<\/p>\n<p>Fabricado em madeira de alta qualidade, este porta-chaves n\u00e3o \u00e9 apenas um artigo funcional, mas tamb\u00e9m uma recorda\u00e7\u00e3o aut\u00eantica que reflete a cultura e a tradi\u00e7\u00e3o andaluzas. Perfeito para turistas que procuram souvenirs representativos, este porta-chaves \u00e9 uma pequena obra de arte que encerra a beleza e o encanto de Sevilha num formato port\u00e1til.<\/p>\n<p>Na Ol\u00e9 Mosaic, somos especialistas na distribui\u00e7\u00e3o de souvenirs por grosso, oferecendo produtos de qualidade que celebram a riqueza cultural de Espanha. Este porta-chaves de madeira \u00e9 uma excelente op\u00e7\u00e3o para lojas de presentes tur\u00edsticos que desejem oferecer artigos aut\u00eanticos e memor\u00e1veis. Com o seu design atraente e relev\u00e2ncia cultural, este porta-chaves de Sevilha cativar\u00e1 todos os que o adquirirem.<\/p>\n","protected":false},"excerpt":{"rendered":"<p>Porta-chaves de madeira com uma vibrante panor\u00e2mica de Sevilha, que destaca a majestade dos seus monumentos emblem\u00e1ticos. Este chamativo porta-chaves apresenta uma colorida ilustra\u00e7\u00e3o da cidade, com detalhes da Giralda e palmeiras, e um sol radiante que confere calor. Decorado com a palavra &#8220;SEVILLA&#8221; em letras alegres e multicoloridas, \u00e9 o souvenir perfeito para levar consigo a ess\u00eancia desta hist\u00f3rica cidade andaluza. Ideal para ter uma recorda\u00e7\u00e3o especial sempre \u00e0 m\u00e3o.<\/p>\n","protected":false},"featured_media":10797,"template":"","meta":{"_acf_changed":false},"product_brand":[],"product_cat":[611],"product_tag":[],"class_list":{"0":"post-33324","1":"product","2":"type-product","3":"status-publish","4":"has-post-thumbnail","6":"product_cat-porta-chaves","7":"pa_ciudad-sevilla","8":"pa_motivo-panoramas","9":"pa_pais-espana","11":"first","12":"instock","13":"shipping-taxable","14":"product-type-simple"},"acf":[],"_links":{"self":[{"href":"https:\/\/olemosaic.com\/pt-pt\/wp-json\/wp\/v2\/product\/33324","targetHints":{"allow":["GET"]}}],"collection":[{"href":"https:\/\/olemosaic.com\/pt-pt\/wp-json\/wp\/v2\/product"}],"about":[{"href":"https:\/\/olemosaic.com\/pt-pt\/wp-json\/wp\/v2\/types\/product"}],"wp:featuredmedia":[{"embeddable":true,"href":"https:\/\/olemosaic.com\/pt-pt\/wp-json\/wp\/v2\/media\/10797"}],"wp:attachment":[{"href":"https:\/\/olemosaic.com\/pt-pt\/wp-json\/wp\/v2\/media?parent=33324"}],"wp:term":[{"taxonomy":"product_brand","embeddable":true,"href":"https:\/\/olemosaic.com\/pt-pt\/wp-json\/wp\/v2\/product_brand?post=33324"},{"taxonomy":"product_cat","embeddable":true,"href":"https:\/\/olemosaic.com\/pt-pt\/wp-json\/wp\/v2\/product_cat?post=33324"},{"taxonomy":"product_tag","embeddable":true,"href":"https:\/\/olemosaic.com\/pt-pt\/wp-json\/wp\/v2\/product_tag?post=33324"}],"curies":[{"name":"wp","href":"https:\/\/api.w.org\/{rel}","templated":true}]}}