{"id":33316,"date":"2025-02-20T22:33:14","date_gmt":"2025-02-20T22:33:14","guid":{"rendered":"http:\/\/olemosaic.com\/producto\/llavero-de-madera-barcelona\/"},"modified":"2025-07-25T19:21:24","modified_gmt":"2025-07-25T17:21:24","slug":"porta-chaves-de-madeira-barcelona","status":"publish","type":"product","link":"https:\/\/olemosaic.com\/pt-pt\/produto\/porta-chaves-de-madeira-barcelona\/","title":{"rendered":"Porta-chaves de madeira. Barcelona."},"content":{"rendered":"<p>Este porta-chaves de madeira com a palavra &#8220;Barcelona&#8221; \u00e9 uma recorda\u00e7\u00e3o colorida e moderna que capta a vibrante ess\u00eancia da capital catal\u00e3. Desenhado com letras estilizadas numa gama de cores vivas, este porta-chaves reflete a multiculturalidade e a energia da cidade. As letras, em tons de vermelho, amarelo, verde, azul e roxo, t\u00eam um acabamento brilhante que se destaca em qualquer conjunto de chaves, tornando-se um acess\u00f3rio funcional e est\u00e9tico.<\/p>\n<p>Fabricado em madeira de alta qualidade, este porta-chaves n\u00e3o s\u00f3 \u00e9 leve e duradouro, como tamb\u00e9m encarna um toque artesanal que o torna \u00fanico. A palavra &#8220;Barcelona&#8221; est\u00e1 elegantemente desenhada, evocando o esp\u00edrito inovador da cidade, famosa pela sua arquitetura modernista e pelas suas ruas animadas. Este porta-chaves \u00e9 um souvenir ideal para turistas que desejam levar um pedacinho de Barcelona, bem como uma excelente op\u00e7\u00e3o de presente que reflete o encanto da regi\u00e3o.<\/p>\n<p>Na Ol\u00e9 Mosaic, somos especialistas na distribui\u00e7\u00e3o de souvenirs por grosso, oferecendo porta-chaves de Barcelona e outros artigos representativos que enriquecem a experi\u00eancia dos visitantes. Este porta-chaves \u00e9 uma op\u00e7\u00e3o perfeita para lojas de presentes tur\u00edsticos que procuram produtos aut\u00eanticos e significativos da cultura espanhola, garantindo qualidade e distin\u00e7\u00e3o em cada pe\u00e7a.<\/p>\n","protected":false},"excerpt":{"rendered":"<p>Porta-chaves de madeira com a palavra &#8220;Barcelona&#8221; em cores vibrantes. Este porta-chaves apresenta um design moderno e divertido que reflete a ess\u00eancia multicultural da cidade. Fabricado em madeira, destaca-se pelas suas letras estilizadas e um acabamento brilhante que real\u00e7a o colorido. Perfeito como recorda\u00e7\u00e3o ou presente, capta a energia e o encanto de Barcelona, tornando-se um acess\u00f3rio atraente e \u00fanico para as suas chaves.<\/p>\n","protected":false},"featured_media":10442,"template":"","meta":{"_acf_changed":false},"product_brand":[],"product_cat":[611],"product_tag":[],"class_list":{"0":"post-33316","1":"product","2":"type-product","3":"status-publish","4":"has-post-thumbnail","6":"product_cat-porta-chaves","7":"pa_ciudad-barcelona","8":"pa_pais-espana","10":"first","11":"instock","12":"shipping-taxable","13":"product-type-simple"},"acf":[],"_links":{"self":[{"href":"https:\/\/olemosaic.com\/pt-pt\/wp-json\/wp\/v2\/product\/33316","targetHints":{"allow":["GET"]}}],"collection":[{"href":"https:\/\/olemosaic.com\/pt-pt\/wp-json\/wp\/v2\/product"}],"about":[{"href":"https:\/\/olemosaic.com\/pt-pt\/wp-json\/wp\/v2\/types\/product"}],"wp:featuredmedia":[{"embeddable":true,"href":"https:\/\/olemosaic.com\/pt-pt\/wp-json\/wp\/v2\/media\/10442"}],"wp:attachment":[{"href":"https:\/\/olemosaic.com\/pt-pt\/wp-json\/wp\/v2\/media?parent=33316"}],"wp:term":[{"taxonomy":"product_brand","embeddable":true,"href":"https:\/\/olemosaic.com\/pt-pt\/wp-json\/wp\/v2\/product_brand?post=33316"},{"taxonomy":"product_cat","embeddable":true,"href":"https:\/\/olemosaic.com\/pt-pt\/wp-json\/wp\/v2\/product_cat?post=33316"},{"taxonomy":"product_tag","embeddable":true,"href":"https:\/\/olemosaic.com\/pt-pt\/wp-json\/wp\/v2\/product_tag?post=33316"}],"curies":[{"name":"wp","href":"https:\/\/api.w.org\/{rel}","templated":true}]}}