{"id":33315,"date":"2025-02-20T22:33:14","date_gmt":"2025-02-20T22:33:14","guid":{"rendered":"http:\/\/olemosaic.com\/producto\/llavero-de-madera-letra-q\/"},"modified":"2025-07-25T18:42:49","modified_gmt":"2025-07-25T16:42:49","slug":"porta-chaves-de-madeira-letra-q","status":"publish","type":"product","link":"https:\/\/olemosaic.com\/pt-pt\/produto\/porta-chaves-de-madeira-letra-q\/","title":{"rendered":"Porta-chaves de madeira. Letra Q."},"content":{"rendered":"<p>Este porta-chaves de madeira com a letra Q \u00e9 um acess\u00f3rio encantador que combina funcionalidade com um design art\u00edstico vibrante, ideal para quem procura uma recorda\u00e7\u00e3o \u00fanica de Espanha. Fabricado em madeira de alta qualidade, este porta-chaves apresenta uma ilustra\u00e7\u00e3o colorida inspirada na famosa tradi\u00e7\u00e3o dos azulejos espanh\u00f3is. Os padr\u00f5es decorativos, em tons de vermelho, azul e amarelo, entrela\u00e7am-se numa dan\u00e7a de formas elegantes e chamativas, evocando a riqueza cultural e a arte que caracterizam as cidades espanholas.<\/p>\n<p>A letra Q, com o seu design estilizado, torna-se um s\u00edmbolo distintivo que n\u00e3o s\u00f3 ajuda a manter organizadas as suas chaves, como tamb\u00e9m se destaca como um elemento decorativo no seu dia a dia. O seu acabamento artesanal real\u00e7a a autenticidade deste souvenir, o que o torna um presente perfeito para turistas ou para quem deseja levar um peda\u00e7o de Espanha consigo.<\/p>\n<p>Na Ol\u00e9 Mosaic, estamos comprometidos com a distribui\u00e7\u00e3o de souvenirs aut\u00eanticos por grosso, e este porta-chaves de madeira n\u00e3o \u00e9 exce\u00e7\u00e3o. O seu car\u00e1cter representativo torna-o uma excelente op\u00e7\u00e3o para lojas de presentes tur\u00edsticos que procuram oferecer aos seus clientes uma pe\u00e7a \u00fanica e significativa da cultura espanhola. Este porta-chaves \u00e9 mais do que um simples acess\u00f3rio; \u00e9 uma homenagem \u00e0 tradi\u00e7\u00e3o dos azulejos que, h\u00e1 s\u00e9culos, embeleza os espa\u00e7os em Espanha e acrescenta um toque distintivo a qualquer cole\u00e7\u00e3o de souvenirs.<\/p>\n","protected":false},"excerpt":{"rendered":"<p>Porta-chaves de madeira com a letra Q, adornado com um colorido design de azulejos. Este chamativo acess\u00f3rio, fabricado em madeira, apresenta uma variedade de padr\u00f5es decorativos inspirados na rica tradi\u00e7\u00e3o dos azulejos esmaltados espanh\u00f3is. Os tons vibrantes de vermelho, azul e amarelo entrela\u00e7am-se em formas elegantes, oferecendo um toque art\u00edstico. Ideal para manter as suas chaves organizadas e acrescentar um detalhe distintivo ao seu dia a dia.<\/p>\n","protected":false},"featured_media":9607,"template":"","meta":{"_acf_changed":false},"product_brand":[],"product_cat":[611],"product_tag":[612],"class_list":{"0":"post-33315","1":"product","2":"type-product","3":"status-publish","4":"has-post-thumbnail","6":"product_cat-porta-chaves","7":"product_tag-cartas","8":"pa_motivo-letra-q","10":"first","11":"instock","12":"shipping-taxable","13":"product-type-simple"},"acf":[],"_links":{"self":[{"href":"https:\/\/olemosaic.com\/pt-pt\/wp-json\/wp\/v2\/product\/33315","targetHints":{"allow":["GET"]}}],"collection":[{"href":"https:\/\/olemosaic.com\/pt-pt\/wp-json\/wp\/v2\/product"}],"about":[{"href":"https:\/\/olemosaic.com\/pt-pt\/wp-json\/wp\/v2\/types\/product"}],"wp:featuredmedia":[{"embeddable":true,"href":"https:\/\/olemosaic.com\/pt-pt\/wp-json\/wp\/v2\/media\/9607"}],"wp:attachment":[{"href":"https:\/\/olemosaic.com\/pt-pt\/wp-json\/wp\/v2\/media?parent=33315"}],"wp:term":[{"taxonomy":"product_brand","embeddable":true,"href":"https:\/\/olemosaic.com\/pt-pt\/wp-json\/wp\/v2\/product_brand?post=33315"},{"taxonomy":"product_cat","embeddable":true,"href":"https:\/\/olemosaic.com\/pt-pt\/wp-json\/wp\/v2\/product_cat?post=33315"},{"taxonomy":"product_tag","embeddable":true,"href":"https:\/\/olemosaic.com\/pt-pt\/wp-json\/wp\/v2\/product_tag?post=33315"}],"curies":[{"name":"wp","href":"https:\/\/api.w.org\/{rel}","templated":true}]}}