{"id":33314,"date":"2025-02-20T23:33:14","date_gmt":"2025-02-20T22:33:14","guid":{"rendered":"http:\/\/olemosaic.com\/producto\/llavero-de-madera-letra-g-sevilla\/"},"modified":"2025-07-25T18:35:38","modified_gmt":"2025-07-25T16:35:38","slug":"porta-chaves-de-madeira-letra-g-sevilha","status":"publish","type":"product","link":"https:\/\/olemosaic.com\/pt-pt\/produto\/porta-chaves-de-madeira-letra-g-sevilha\/","title":{"rendered":"Porta-chaves de madeira. Letra G. Sevilha."},"content":{"rendered":"<p>Este porta-chaves de madeira com a letra G \u00e9 uma pe\u00e7a vibrante e \u00fanica que capta a ess\u00eancia de Sevilha, tornando-o o souvenir perfeito para levar uma recorda\u00e7\u00e3o da capital andaluza. Elaborado com madeira de alta qualidade e pintado \u00e0 m\u00e3o, apresenta um design colorido que representa \u00edcones arquitet\u00f3nicos emblem\u00e1ticos da cidade, como a majestosa Giralda, al\u00e9m de elementos do folclore local que enriquecem a sua est\u00e9tica. As cores vivas que adornam a letra G, combinadas com detalhes de mosaico, evocam a tradi\u00e7\u00e3o art\u00edstica sevilhana, real\u00e7ando tanto a sua heran\u00e7a cultural como a sua modernidade.<\/p>\n<p>O porta-chaves \u00e9 leve e resistente, ideal para levar numa mala ou como acess\u00f3rio nas chaves, proporcionando um toque de Sevilha \u00e0 vida quotidiana. Este produto n\u00e3o \u00e9 apenas um objeto funcional, mas uma pe\u00e7a decorativa que celebra o encanto \u00fanico da cidade. Como souvenir de Sevilha, este porta-chaves \u00e9 uma excelente op\u00e7\u00e3o para os turistas que procuram levar um peda\u00e7o da rica cultura andaluza para casa. Na Ol\u00e9 Mosaic, somos distribuidores de souvenirs por grosso, oferecendo produtos aut\u00eanticos que refletem a diversidade e riqueza cultural de Espanha. Este porta-chaves de madeira n\u00e3o s\u00f3 \u00e9 um presente ideal, como tamb\u00e9m uma representa\u00e7\u00e3o aut\u00eantica da tradi\u00e7\u00e3o sevilhana, perfeita para lojas de presentes tur\u00edsticos.<\/p>\n","protected":false},"excerpt":{"rendered":"<p>Porta-chaves de madeira com a letra G, inspirado em Sevilha. Este porta-chaves apresenta um design colorido e vibrante, decorado com motivos da arquitetura sevilhana, como a Giralda, e elementos t\u00edpicos do folclore local. Pintado com estilo artesanal com cores chamativas e detalhes de mosaico, combina a tradi\u00e7\u00e3o cultural com um estilo moderno. Ideal como recorda\u00e7\u00e3o ou presente, este porta-chaves \u00e9 uma lembran\u00e7a do encanto de Sevilha.<\/p>\n","protected":false},"featured_media":10891,"template":"","meta":{"_acf_changed":false},"product_brand":[],"product_cat":[611],"product_tag":[612],"class_list":{"0":"post-33314","1":"product","2":"type-product","3":"status-publish","4":"has-post-thumbnail","6":"product_cat-porta-chaves","7":"product_tag-cartas","8":"pa_ciudad-sevilla","9":"pa_motivo-letra-g","10":"pa_pais-espana","12":"first","13":"instock","14":"shipping-taxable","15":"product-type-simple"},"acf":[],"_links":{"self":[{"href":"https:\/\/olemosaic.com\/pt-pt\/wp-json\/wp\/v2\/product\/33314","targetHints":{"allow":["GET"]}}],"collection":[{"href":"https:\/\/olemosaic.com\/pt-pt\/wp-json\/wp\/v2\/product"}],"about":[{"href":"https:\/\/olemosaic.com\/pt-pt\/wp-json\/wp\/v2\/types\/product"}],"wp:featuredmedia":[{"embeddable":true,"href":"https:\/\/olemosaic.com\/pt-pt\/wp-json\/wp\/v2\/media\/10891"}],"wp:attachment":[{"href":"https:\/\/olemosaic.com\/pt-pt\/wp-json\/wp\/v2\/media?parent=33314"}],"wp:term":[{"taxonomy":"product_brand","embeddable":true,"href":"https:\/\/olemosaic.com\/pt-pt\/wp-json\/wp\/v2\/product_brand?post=33314"},{"taxonomy":"product_cat","embeddable":true,"href":"https:\/\/olemosaic.com\/pt-pt\/wp-json\/wp\/v2\/product_cat?post=33314"},{"taxonomy":"product_tag","embeddable":true,"href":"https:\/\/olemosaic.com\/pt-pt\/wp-json\/wp\/v2\/product_tag?post=33314"}],"curies":[{"name":"wp","href":"https:\/\/api.w.org\/{rel}","templated":true}]}}