{"id":33313,"date":"2025-02-20T23:33:14","date_gmt":"2025-02-20T22:33:14","guid":{"rendered":"http:\/\/olemosaic.com\/producto\/llavero-de-madera-letra-w-valencia\/"},"modified":"2025-07-25T19:04:49","modified_gmt":"2025-07-25T17:04:49","slug":"porta-chaves-de-madeira-letra-w-valencia","status":"publish","type":"product","link":"https:\/\/olemosaic.com\/pt-pt\/produto\/porta-chaves-de-madeira-letra-w-valencia\/","title":{"rendered":"Porta-chaves de madeira. Letra W. Val\u00eancia."},"content":{"rendered":"<p>Este porta-chaves de madeira com a letra &#8220;W&#8221; \u00e9 uma recorda\u00e7\u00e3o exclusiva que celebra a vibrante cidade de Val\u00eancia. O seu design colorido e pintado \u00e0 m\u00e3o capta a ess\u00eancia deste destino tur\u00edstico, integrando elementos arquitet\u00f3nicos ic\u00f3nicos, como a majestosidade da Catedral e o inovador complexo da Cidade das Artes e das Ci\u00eancias. A combina\u00e7\u00e3o de cores vibrantes em vermelho, azul e dourado real\u00e7a n\u00e3o s\u00f3 a beleza arquitet\u00f3nica de Val\u00eancia, mas tamb\u00e9m a rica cultura que a envolve.<\/p>\n<p>Cada porta-chaves \u00e9 elaborado com madeira de alta qualidade, oferecendo uma pe\u00e7a duradoura, ideal para levar consigo as recorda\u00e7\u00f5es da sua viagem. Com o seu intrincado design que inclui detalhes coloridos que evocam os mosaicos valencianos, este porta-chaves n\u00e3o \u00e9 apenas um acess\u00f3rio pr\u00e1tico, mas uma representa\u00e7\u00e3o art\u00edstica da cidade. A sua forma \u00fanica da letra &#8220;W&#8221; torna-o um presente perfeito para quem deseja levar um peda\u00e7o de Val\u00eancia para casa, bem como para amigos e familiares que partilhar\u00e3o a sua experi\u00eancia.<\/p>\n<p>Na Ol\u00e9 Mosaic, especializamo-nos na distribui\u00e7\u00e3o de recorda\u00e7\u00f5es por grosso, oferecendo artigos que captam a autenticidade e o esp\u00edrito de cada regi\u00e3o. Este porta-chaves de Val\u00eancia \u00e9 uma excelente op\u00e7\u00e3o para lojas de presentes tur\u00edsticos que desejam oferecer recorda\u00e7\u00f5es representativas da cidade, garantindo que cada cliente possa levar consigo um peda\u00e7o desta maravilhosa urbe.<\/p>\n","protected":false},"excerpt":{"rendered":"<p>Porta-chaves de madeira com a letra &#8220;W&#8221;, inspirado na cidade de Val\u00eancia. Este porta-chaves apresenta um design colorido que combina elementos ic\u00f3nicos da cidade, como a Catedral e a moderna Cidade das Artes e das Ci\u00eancias. Pintado com estilo artesanal com detalhes em vermelho, azul e dourado, real\u00e7a a beleza arquitet\u00f3nica e a riqueza cultural de Val\u00eancia. Uma recorda\u00e7\u00e3o perfeita que capta a ess\u00eancia desta vibrante cidade.<\/p>\n","protected":false},"featured_media":10881,"template":"","meta":{"_acf_changed":false},"product_brand":[],"product_cat":[611],"product_tag":[612],"class_list":{"0":"post-33313","1":"product","2":"type-product","3":"status-publish","4":"has-post-thumbnail","6":"product_cat-porta-chaves","7":"product_tag-cartas","8":"pa_ciudad-valencia","9":"pa_motivo-letra-w","10":"pa_pais-espana","12":"first","13":"instock","14":"shipping-taxable","15":"product-type-simple"},"acf":[],"_links":{"self":[{"href":"https:\/\/olemosaic.com\/pt-pt\/wp-json\/wp\/v2\/product\/33313","targetHints":{"allow":["GET"]}}],"collection":[{"href":"https:\/\/olemosaic.com\/pt-pt\/wp-json\/wp\/v2\/product"}],"about":[{"href":"https:\/\/olemosaic.com\/pt-pt\/wp-json\/wp\/v2\/types\/product"}],"wp:featuredmedia":[{"embeddable":true,"href":"https:\/\/olemosaic.com\/pt-pt\/wp-json\/wp\/v2\/media\/10881"}],"wp:attachment":[{"href":"https:\/\/olemosaic.com\/pt-pt\/wp-json\/wp\/v2\/media?parent=33313"}],"wp:term":[{"taxonomy":"product_brand","embeddable":true,"href":"https:\/\/olemosaic.com\/pt-pt\/wp-json\/wp\/v2\/product_brand?post=33313"},{"taxonomy":"product_cat","embeddable":true,"href":"https:\/\/olemosaic.com\/pt-pt\/wp-json\/wp\/v2\/product_cat?post=33313"},{"taxonomy":"product_tag","embeddable":true,"href":"https:\/\/olemosaic.com\/pt-pt\/wp-json\/wp\/v2\/product_tag?post=33313"}],"curies":[{"name":"wp","href":"https:\/\/api.w.org\/{rel}","templated":true}]}}