{"id":33312,"date":"2025-02-20T23:33:14","date_gmt":"2025-02-20T22:33:14","guid":{"rendered":"http:\/\/olemosaic.com\/producto\/llavero-de-madera-letra-v-sevilla\/"},"modified":"2025-07-25T19:17:16","modified_gmt":"2025-07-25T17:17:16","slug":"porta-chaves-de-madeira-letra-v-sevilha","status":"publish","type":"product","link":"https:\/\/olemosaic.com\/pt-pt\/produto\/porta-chaves-de-madeira-letra-v-sevilha\/","title":{"rendered":"Porta-chaves de madeira. Letra V. Sevilha."},"content":{"rendered":"<p>Este porta-chaves de madeira com a letra &#8220;V&#8221; \u00e9 uma encantadora homenagem \u00e0 vibrante cidade de Sevilha, perfeito como recorda\u00e7\u00e3o ou presente. O design \u00e9 meticulosamente elaborado, destacando elementos ic\u00f3nicos da cidade, como a majestosa Giralda, emblem\u00e1tica torre da catedral, e uma elegante carruagem puxada por cavalos que evoca o encanto do passado sevilhano. A parte frontal do porta-chaves apresenta um mosaico brilhante que combina tons quentes e frescos, criando uma pe\u00e7a visualmente atraente que capta a ess\u00eancia da cultura andaluza.<\/p>\n<p>Na parte traseira, um padr\u00e3o diferente acrescenta um toque de singularidade ao porta-chaves, tornando cada pe\u00e7a algo verdadeiramente exclusivo. Este porta-chaves n\u00e3o s\u00f3 \u00e9 funcional, como tamb\u00e9m atua como uma recorda\u00e7\u00e3o da rica hist\u00f3ria e do ambiente festivo de Sevilha. \u00c9 um excelente complemento para turistas que procuram levar um peda\u00e7o da cidade, sendo uma recorda\u00e7\u00e3o atraente que reflete a sua autenticidade e liga\u00e7\u00e3o cultural.<\/p>\n<p>Na Ol\u00e9 Mosaic, distribu\u00edmos porta-chaves por grosso que representam a heran\u00e7a cultural de Espanha, e este porta-chaves de madeira \u00e9 uma op\u00e7\u00e3o ideal para quem procura produtos que fundem arte e tradi\u00e7\u00e3o. Adquira este porta-chaves e ofere\u00e7a aos seus clientes um fragmento de Sevilha que poder\u00e3o levar consigo para onde quiserem.<\/p>\n","protected":false},"excerpt":{"rendered":"<p>Porta-chaves de madeira com a letra V, inspirado em Sevilha. Este chamativo porta-chaves apresenta um design colorido que combina elementos ic\u00f3nicos da cidade, como a Giralda e uma carruagem de cavalos. A parte frontal est\u00e1 adornada com um mosaico brilhante em tons quentes e frescos, enquanto a traseira mostra um padr\u00e3o diferente, o que torna este porta-chaves uma pe\u00e7a \u00fanica. Perfeito como recorda\u00e7\u00e3o ou presente.<\/p>\n","protected":false},"featured_media":10906,"template":"","meta":{"_acf_changed":false},"product_brand":[],"product_cat":[611],"product_tag":[516,612],"class_list":{"0":"post-33312","1":"product","2":"type-product","3":"status-publish","4":"has-post-thumbnail","6":"product_cat-porta-chaves","7":"product_tag-animais","8":"product_tag-cartas","9":"pa_ciudad-sevilla","10":"pa_motivo-letra-v","11":"pa_pais-espana","13":"first","14":"instock","15":"shipping-taxable","16":"product-type-simple"},"acf":[],"_links":{"self":[{"href":"https:\/\/olemosaic.com\/pt-pt\/wp-json\/wp\/v2\/product\/33312","targetHints":{"allow":["GET"]}}],"collection":[{"href":"https:\/\/olemosaic.com\/pt-pt\/wp-json\/wp\/v2\/product"}],"about":[{"href":"https:\/\/olemosaic.com\/pt-pt\/wp-json\/wp\/v2\/types\/product"}],"wp:featuredmedia":[{"embeddable":true,"href":"https:\/\/olemosaic.com\/pt-pt\/wp-json\/wp\/v2\/media\/10906"}],"wp:attachment":[{"href":"https:\/\/olemosaic.com\/pt-pt\/wp-json\/wp\/v2\/media?parent=33312"}],"wp:term":[{"taxonomy":"product_brand","embeddable":true,"href":"https:\/\/olemosaic.com\/pt-pt\/wp-json\/wp\/v2\/product_brand?post=33312"},{"taxonomy":"product_cat","embeddable":true,"href":"https:\/\/olemosaic.com\/pt-pt\/wp-json\/wp\/v2\/product_cat?post=33312"},{"taxonomy":"product_tag","embeddable":true,"href":"https:\/\/olemosaic.com\/pt-pt\/wp-json\/wp\/v2\/product_tag?post=33312"}],"curies":[{"name":"wp","href":"https:\/\/api.w.org\/{rel}","templated":true}]}}