{"id":33303,"date":"2025-02-20T22:33:13","date_gmt":"2025-02-20T22:33:13","guid":{"rendered":"http:\/\/olemosaic.com\/producto\/llavero-de-madera-letra-o\/"},"modified":"2025-07-25T18:46:23","modified_gmt":"2025-07-25T16:46:23","slug":"porta-chaves-de-madeira-letra-o","status":"publish","type":"product","link":"https:\/\/olemosaic.com\/pt-pt\/produto\/porta-chaves-de-madeira-letra-o\/","title":{"rendered":"Porta-chaves de madeira. Letra O."},"content":{"rendered":"<p>Este porta-chaves de madeira com a letra &#8220;O&#8221; \u00e9 uma encantadora recorda\u00e7\u00e3o inspirada na rica tradi\u00e7\u00e3o da azulejaria ib\u00e9rica, uma manifesta\u00e7\u00e3o art\u00edstica que adornou a arquitetura espanhola durante s\u00e9culos. Com um design circular atraente, apresenta uma explos\u00e3o de cores vibrantes e uma variedade de padr\u00f5es florais e geom\u00e9tricos que evocam os distintivos mosaicos t\u00edpicos da regi\u00e3o. Os tons intensos de vermelho, azul e amarelo combinam-se numa composi\u00e7\u00e3o que captura a ess\u00eancia da arte espanhola, tornando este porta-chaves uma pe\u00e7a \u00fanica e funcional.<\/p>\n<p>O porta-chaves destaca-se pela sua forma distintiva com a letra &#8220;O&#8221;, que oferece um toque pessoal, tornando-o um presente perfeito tanto para residentes como para turistas que procuram um peda\u00e7o da cultura local. A sua estrutura de madeira garante durabilidade, enquanto a destreza artesanal no seu design assegura que cada unidade seja aut\u00eantica e elaborada com esmero. Este porta-chaves \u00e9 uma excelente op\u00e7\u00e3o para quem deseja levar consigo um s\u00edmbolo da riqueza cultural de Espanha.<\/p>\n<p>Na Ol\u00e9 Mosaic, como distribuidores de souvenirs por grosso, oferecemos este porta-chaves de madeira com a letra &#8220;O&#8221; como parte da nossa cole\u00e7\u00e3o de artigos representativos. Ideal para lojas de presentes tur\u00edsticos, esta recorda\u00e7\u00e3o n\u00e3o \u00e9 apenas um acess\u00f3rio pr\u00e1tico, mas tamb\u00e9m uma lembran\u00e7a significativa que liga os turistas \u00e0 hist\u00f3ria e \u00e0s tradi\u00e7\u00f5es da pen\u00ednsula ib\u00e9rica.<\/p>\n","protected":false},"excerpt":{"rendered":"<p>Porta-chaves de madeira com a letra &#8220;O&#8221;, inspirado na rica tradi\u00e7\u00e3o da azulejaria ib\u00e9rica. Este atraente porta-chaves apresenta um design colorido e decorativo, com uma combina\u00e7\u00e3o de padr\u00f5es florais e geom\u00e9tricos em tons vivos de vermelho, azul e amarelo, evocando a ess\u00eancia dos mosaicos t\u00edpicos de Espanha. A sua forma circular e a letra destacada conferem um toque pessoal e distintivo, tornando-o um souvenir perfeito e, ao mesmo tempo, funcional.<\/p>\n","protected":false},"featured_media":9605,"template":"","meta":{"_acf_changed":false},"product_brand":[],"product_cat":[611],"product_tag":[612],"class_list":{"0":"post-33303","1":"product","2":"type-product","3":"status-publish","4":"has-post-thumbnail","6":"product_cat-porta-chaves","7":"product_tag-cartas","8":"pa_motivo-letra-o","10":"first","11":"instock","12":"shipping-taxable","13":"product-type-simple"},"acf":[],"_links":{"self":[{"href":"https:\/\/olemosaic.com\/pt-pt\/wp-json\/wp\/v2\/product\/33303","targetHints":{"allow":["GET"]}}],"collection":[{"href":"https:\/\/olemosaic.com\/pt-pt\/wp-json\/wp\/v2\/product"}],"about":[{"href":"https:\/\/olemosaic.com\/pt-pt\/wp-json\/wp\/v2\/types\/product"}],"wp:featuredmedia":[{"embeddable":true,"href":"https:\/\/olemosaic.com\/pt-pt\/wp-json\/wp\/v2\/media\/9605"}],"wp:attachment":[{"href":"https:\/\/olemosaic.com\/pt-pt\/wp-json\/wp\/v2\/media?parent=33303"}],"wp:term":[{"taxonomy":"product_brand","embeddable":true,"href":"https:\/\/olemosaic.com\/pt-pt\/wp-json\/wp\/v2\/product_brand?post=33303"},{"taxonomy":"product_cat","embeddable":true,"href":"https:\/\/olemosaic.com\/pt-pt\/wp-json\/wp\/v2\/product_cat?post=33303"},{"taxonomy":"product_tag","embeddable":true,"href":"https:\/\/olemosaic.com\/pt-pt\/wp-json\/wp\/v2\/product_tag?post=33303"}],"curies":[{"name":"wp","href":"https:\/\/api.w.org\/{rel}","templated":true}]}}